{"id":739959,"date":"2025-03-03T18:06:19","date_gmt":"2025-03-03T17:06:19","guid":{"rendered":"https:\/\/stoic-curie.212-227-153-4.plesk.page\/producto\/navigacijski-kompas-riviera-stella-bs2-bijeli-s-nosacem\/"},"modified":"2026-02-25T00:00:40","modified_gmt":"2026-02-25T00:00:40","slug":"navigacijski-kompas-riviera-stella-bs2-bijeli-s-nosacem","status":"publish","type":"product","link":"https:\/\/stoic-curie.212-227-153-4.plesk.page\/hr\/product\/navigacijski-kompas-riviera-stella-bs2-bijeli-s-nosacem\/","title":{"rendered":"Navigacijski kompas Riviera Stella BS2 bijeli s nosa\u010dem"},"content":{"rendered":"<p>Navigacijski kompas Riviera Stella BS2 bijeli s nosa\u010dem &#8211; <\/p>\n<p>Priklju\u010dak za monta\u017eu kompasa Stella BS2 s ekranom \u043f\u0440\u043e\u0442\u0438\u0432 sijanja za male brodove. <br \/> \u2022 Jednostavan za uklanjanje zahvaljuju\u0107i bajonetskom spoju <br \/> \u2022 Vidljivi promjer karte 2\u00e2\u0080\u009d 1\/2 &#8211; 65 <br \/> \u2022 Prednje o\u010ditanje (graduacija karte 5\u00c2\u00b0) <br \/> \u2022 Za standardne i brze brodove <br \/> \u2022 Jamstvo 3 godine <\/p>\n","protected":false},"excerpt":{"rendered":"<p>Navigacijski kompas Riviera Stella BS2 bijeli s nosa\u010dem &#8211; Priklju\u010dak za monta\u017eu kompasa Stella BS2 s ekranom \u043f\u0440\u043e\u0442\u0438\u0432 sijanja za<\/p>\n","protected":false},"featured_media":5936055,"comment_status":"open","ping_status":"closed","template":"","meta":[],"product_brand":[3306],"product_cat":[1780],"product_tag":[],"class_list":{"0":"post-739959","1":"product","2":"type-product","3":"status-publish","4":"has-post-thumbnail","6":"product_brand-riviera-hr","7":"product_cat-navigacijski-kompas","9":"first","10":"instock","11":"shipping-taxable","12":"purchasable","13":"product-type-simple"},"_links":{"self":[{"href":"https:\/\/stoic-curie.212-227-153-4.plesk.page\/hr\/wp-json\/wp\/v2\/product\/739959","targetHints":{"allow":["GET"]}}],"collection":[{"href":"https:\/\/stoic-curie.212-227-153-4.plesk.page\/hr\/wp-json\/wp\/v2\/product"}],"about":[{"href":"https:\/\/stoic-curie.212-227-153-4.plesk.page\/hr\/wp-json\/wp\/v2\/types\/product"}],"replies":[{"embeddable":true,"href":"https:\/\/stoic-curie.212-227-153-4.plesk.page\/hr\/wp-json\/wp\/v2\/comments?post=739959"}],"version-history":[{"count":0,"href":"https:\/\/stoic-curie.212-227-153-4.plesk.page\/hr\/wp-json\/wp\/v2\/product\/739959\/revisions"}],"wp:featuredmedia":[{"embeddable":true,"href":"https:\/\/stoic-curie.212-227-153-4.plesk.page\/hr\/wp-json\/wp\/v2\/media\/5936055"}],"wp:attachment":[{"href":"https:\/\/stoic-curie.212-227-153-4.plesk.page\/hr\/wp-json\/wp\/v2\/media?parent=739959"}],"wp:term":[{"taxonomy":"product_brand","embeddable":true,"href":"https:\/\/stoic-curie.212-227-153-4.plesk.page\/hr\/wp-json\/wp\/v2\/product_brand?post=739959"},{"taxonomy":"product_cat","embeddable":true,"href":"https:\/\/stoic-curie.212-227-153-4.plesk.page\/hr\/wp-json\/wp\/v2\/product_cat?post=739959"},{"taxonomy":"product_tag","embeddable":true,"href":"https:\/\/stoic-curie.212-227-153-4.plesk.page\/hr\/wp-json\/wp\/v2\/product_tag?post=739959"}],"curies":[{"name":"wp","href":"https:\/\/api.w.org\/{rel}","templated":true}]}}