{"id":739963,"date":"2025-03-03T18:06:20","date_gmt":"2025-03-03T17:06:20","guid":{"rendered":"https:\/\/stoic-curie.212-227-153-4.plesk.page\/producto\/rucica-za-vinc-antal-speedylock-ball-grip-250-mm\/"},"modified":"2026-02-25T00:00:40","modified_gmt":"2026-02-25T00:00:40","slug":"rucica-za-vinc-antal-speedylock-ball-grip-250-mm","status":"publish","type":"product","link":"https:\/\/stoic-curie.212-227-153-4.plesk.page\/hr\/product\/rucica-za-vinc-antal-speedylock-ball-grip-250-mm\/","title":{"rendered":"Ru\u010dica za vin\u010d Antal Speedylock, BALL-GRIP, 250 mm"},"content":{"rendered":"<p>Ru\u010dica za vin\u010d Antal Speedylock, BALL-GRIP, 250 mm &#8211; <\/p>\n<p>Lagana i \u010dvrsta ru\u010dka za vitlo od kovanog aluminija s rupama za smanjenje te\u017eine i gumiranim dr\u017ea\u010dem za bolji zahvat. Opremljena prakti\u010dnim sustavom zaklju\u010davanja &#8220;Speedylock&#8221; koji omogu\u0107ava vrlo brzo uklju\u010divanje i kori\u0161tenje.<\/p>\n","protected":false},"excerpt":{"rendered":"<p>Ru\u010dica za vin\u010d Antal Speedylock, BALL-GRIP, 250 mm &#8211; Lagana i \u010dvrsta ru\u010dka za vitlo od kovanog aluminija s rupama<\/p>\n","protected":false},"featured_media":5937345,"comment_status":"open","ping_status":"closed","template":"","meta":[],"product_brand":[2786],"product_cat":[1773],"product_tag":[],"class_list":{"0":"post-739963","1":"product","2":"type-product","3":"status-publish","4":"has-post-thumbnail","6":"product_brand-antal-hr","7":"product_cat-antal-vincevi-za-jedrilice","9":"first","10":"instock","11":"shipping-taxable","12":"purchasable","13":"product-type-simple"},"_links":{"self":[{"href":"https:\/\/stoic-curie.212-227-153-4.plesk.page\/hr\/wp-json\/wp\/v2\/product\/739963","targetHints":{"allow":["GET"]}}],"collection":[{"href":"https:\/\/stoic-curie.212-227-153-4.plesk.page\/hr\/wp-json\/wp\/v2\/product"}],"about":[{"href":"https:\/\/stoic-curie.212-227-153-4.plesk.page\/hr\/wp-json\/wp\/v2\/types\/product"}],"replies":[{"embeddable":true,"href":"https:\/\/stoic-curie.212-227-153-4.plesk.page\/hr\/wp-json\/wp\/v2\/comments?post=739963"}],"version-history":[{"count":0,"href":"https:\/\/stoic-curie.212-227-153-4.plesk.page\/hr\/wp-json\/wp\/v2\/product\/739963\/revisions"}],"wp:featuredmedia":[{"embeddable":true,"href":"https:\/\/stoic-curie.212-227-153-4.plesk.page\/hr\/wp-json\/wp\/v2\/media\/5937345"}],"wp:attachment":[{"href":"https:\/\/stoic-curie.212-227-153-4.plesk.page\/hr\/wp-json\/wp\/v2\/media?parent=739963"}],"wp:term":[{"taxonomy":"product_brand","embeddable":true,"href":"https:\/\/stoic-curie.212-227-153-4.plesk.page\/hr\/wp-json\/wp\/v2\/product_brand?post=739963"},{"taxonomy":"product_cat","embeddable":true,"href":"https:\/\/stoic-curie.212-227-153-4.plesk.page\/hr\/wp-json\/wp\/v2\/product_cat?post=739963"},{"taxonomy":"product_tag","embeddable":true,"href":"https:\/\/stoic-curie.212-227-153-4.plesk.page\/hr\/wp-json\/wp\/v2\/product_tag?post=739963"}],"curies":[{"name":"wp","href":"https:\/\/api.w.org\/{rel}","templated":true}]}}