{"id":739964,"date":"2025-03-03T18:06:20","date_gmt":"2025-03-03T17:06:20","guid":{"rendered":"https:\/\/stoic-curie.212-227-153-4.plesk.page\/producto\/rucka-vitla-antal-kromirana-250mm\/"},"modified":"2026-02-25T00:00:40","modified_gmt":"2026-02-25T00:00:40","slug":"rucka-vitla-antal-kromirana-250mm","status":"publish","type":"product","link":"https:\/\/stoic-curie.212-227-153-4.plesk.page\/hr\/product\/rucka-vitla-antal-kromirana-250mm\/","title":{"rendered":"Rucka vitla Antal kromirana, 250mm"},"content":{"rendered":"<p>Rucka vitla Antal kromirana, 250mm &#8211; <\/p>\n<p>Ru\u010dke od laganog kromiranog bronze od 250 mm (10&#8243;) s dvije razli\u010dite ru\u010dke: jednostavnom i loptastom ru\u010dkom. Ruka ru\u010dke napravljena je od kovanog bron\u010danog materijala, lagana je i otporna na najve\u0107u torziju. Ru\u010dka je oblo\u017eena gumom kako bi pru\u017eila \u010dvrst ugriz i sljedi na dva kugli\u010dna le\u017eaja radi pove\u0107ane u\u010dinkovitosti. Svi modeli su dostupni sa sustavom zaklju\u010davanja koji automatski zaklju\u010dava ru\u010dku na vitlu.<\/p>\n","protected":false},"excerpt":{"rendered":"<p>Rucka vitla Antal kromirana, 250mm &#8211; Ru\u010dke od laganog kromiranog bronze od 250 mm (10&#8243;) s dvije razli\u010dite ru\u010dke: jednostavnom<\/p>\n","protected":false},"featured_media":5937346,"comment_status":"open","ping_status":"closed","template":"","meta":[],"product_brand":[2786],"product_cat":[1773],"product_tag":[],"class_list":{"0":"post-739964","1":"product","2":"type-product","3":"status-publish","4":"has-post-thumbnail","6":"product_brand-antal-hr","7":"product_cat-antal-vincevi-za-jedrilice","9":"first","10":"instock","11":"shipping-taxable","12":"purchasable","13":"product-type-simple"},"_links":{"self":[{"href":"https:\/\/stoic-curie.212-227-153-4.plesk.page\/hr\/wp-json\/wp\/v2\/product\/739964","targetHints":{"allow":["GET"]}}],"collection":[{"href":"https:\/\/stoic-curie.212-227-153-4.plesk.page\/hr\/wp-json\/wp\/v2\/product"}],"about":[{"href":"https:\/\/stoic-curie.212-227-153-4.plesk.page\/hr\/wp-json\/wp\/v2\/types\/product"}],"replies":[{"embeddable":true,"href":"https:\/\/stoic-curie.212-227-153-4.plesk.page\/hr\/wp-json\/wp\/v2\/comments?post=739964"}],"version-history":[{"count":0,"href":"https:\/\/stoic-curie.212-227-153-4.plesk.page\/hr\/wp-json\/wp\/v2\/product\/739964\/revisions"}],"wp:featuredmedia":[{"embeddable":true,"href":"https:\/\/stoic-curie.212-227-153-4.plesk.page\/hr\/wp-json\/wp\/v2\/media\/5937346"}],"wp:attachment":[{"href":"https:\/\/stoic-curie.212-227-153-4.plesk.page\/hr\/wp-json\/wp\/v2\/media?parent=739964"}],"wp:term":[{"taxonomy":"product_brand","embeddable":true,"href":"https:\/\/stoic-curie.212-227-153-4.plesk.page\/hr\/wp-json\/wp\/v2\/product_brand?post=739964"},{"taxonomy":"product_cat","embeddable":true,"href":"https:\/\/stoic-curie.212-227-153-4.plesk.page\/hr\/wp-json\/wp\/v2\/product_cat?post=739964"},{"taxonomy":"product_tag","embeddable":true,"href":"https:\/\/stoic-curie.212-227-153-4.plesk.page\/hr\/wp-json\/wp\/v2\/product_tag?post=739964"}],"curies":[{"name":"wp","href":"https:\/\/api.w.org\/{rel}","templated":true}]}}