{"id":739965,"date":"2025-03-03T18:06:20","date_gmt":"2025-03-03T17:06:20","guid":{"rendered":"https:\/\/stoic-curie.212-227-153-4.plesk.page\/producto\/rucka-vitla-s-kuglicnim-zahvatom-kromirana-250-mm\/"},"modified":"2026-02-25T00:00:40","modified_gmt":"2026-02-25T00:00:40","slug":"rucka-vitla-s-kuglicnim-zahvatom-kromirana-250-mm","status":"publish","type":"product","link":"https:\/\/stoic-curie.212-227-153-4.plesk.page\/hr\/product\/rucka-vitla-s-kuglicnim-zahvatom-kromirana-250-mm\/","title":{"rendered":"Rucka vitla s kuglicnim zahvatom kromirana, 250 mm"},"content":{"rendered":"<p>Rucka vitla s kuglicnim zahvatom kromirana, 250 mm  &#8211; <\/p>\n<p>Ru\u010dke od lakog kromiranog bronce, 250 mm (10&#8243;) s dvije razli\u010dite dr\u0161ke: jednostavnom i kuglastom. Ruka ru\u010dke je napravljena od kovanog bronce, lagana je i otporna na najte\u017ee torzije. Dr\u0161ka je prekrivena gumom radi \u010dvrstog dr\u017eanja i oslanja se na dva kugli\u010dna le\u017eaja kako bi pove\u0107ala svoju u\u010dinkovitost. Svi modeli dostupni su s sustavom brava koji automatski zaklju\u010dava ru\u010dku na vitlu.<\/p>\n","protected":false},"excerpt":{"rendered":"<p>Rucka vitla s kuglicnim zahvatom kromirana, 250 mm &#8211; Ru\u010dke od lakog kromiranog bronce, 250 mm (10&#8243;) s dvije razli\u010dite<\/p>\n","protected":false},"featured_media":5937346,"comment_status":"open","ping_status":"closed","template":"","meta":[],"product_brand":[2786],"product_cat":[1773],"product_tag":[],"class_list":{"0":"post-739965","1":"product","2":"type-product","3":"status-publish","4":"has-post-thumbnail","6":"product_brand-antal-hr","7":"product_cat-antal-vincevi-za-jedrilice","9":"first","10":"instock","11":"shipping-taxable","12":"purchasable","13":"product-type-simple"},"_links":{"self":[{"href":"https:\/\/stoic-curie.212-227-153-4.plesk.page\/hr\/wp-json\/wp\/v2\/product\/739965","targetHints":{"allow":["GET"]}}],"collection":[{"href":"https:\/\/stoic-curie.212-227-153-4.plesk.page\/hr\/wp-json\/wp\/v2\/product"}],"about":[{"href":"https:\/\/stoic-curie.212-227-153-4.plesk.page\/hr\/wp-json\/wp\/v2\/types\/product"}],"replies":[{"embeddable":true,"href":"https:\/\/stoic-curie.212-227-153-4.plesk.page\/hr\/wp-json\/wp\/v2\/comments?post=739965"}],"version-history":[{"count":0,"href":"https:\/\/stoic-curie.212-227-153-4.plesk.page\/hr\/wp-json\/wp\/v2\/product\/739965\/revisions"}],"wp:featuredmedia":[{"embeddable":true,"href":"https:\/\/stoic-curie.212-227-153-4.plesk.page\/hr\/wp-json\/wp\/v2\/media\/5937346"}],"wp:attachment":[{"href":"https:\/\/stoic-curie.212-227-153-4.plesk.page\/hr\/wp-json\/wp\/v2\/media?parent=739965"}],"wp:term":[{"taxonomy":"product_brand","embeddable":true,"href":"https:\/\/stoic-curie.212-227-153-4.plesk.page\/hr\/wp-json\/wp\/v2\/product_brand?post=739965"},{"taxonomy":"product_cat","embeddable":true,"href":"https:\/\/stoic-curie.212-227-153-4.plesk.page\/hr\/wp-json\/wp\/v2\/product_cat?post=739965"},{"taxonomy":"product_tag","embeddable":true,"href":"https:\/\/stoic-curie.212-227-153-4.plesk.page\/hr\/wp-json\/wp\/v2\/product_tag?post=739965"}],"curies":[{"name":"wp","href":"https:\/\/api.w.org\/{rel}","templated":true}]}}