{"id":739968,"date":"2025-03-03T18:06:21","date_gmt":"2025-03-03T17:06:21","guid":{"rendered":"https:\/\/stoic-curie.212-227-153-4.plesk.page\/producto\/brtvenica-za-osovinu-propelera-35-x-48-mm\/"},"modified":"2026-02-25T00:00:40","modified_gmt":"2026-02-25T00:00:40","slug":"brtvenica-za-osovinu-propelera-35-x-48-mm","status":"publish","type":"product","link":"https:\/\/stoic-curie.212-227-153-4.plesk.page\/hr\/product\/brtvenica-za-osovinu-propelera-35-x-48-mm\/","title":{"rendered":"Brtvenica za osovinu propelera 35 x 48 mm"},"content":{"rendered":"<p>Brtvenica za osovinu propelera 35 x 48 mm &#8211; <\/p>\n<p>Pakiranje je iznimno va\u017eno za sigurnost va\u0161e brodice i sprje\u010davanje ulaska vode u unutra\u0161nje odjeljke. Izra\u0111ena je od \u010dvrstog bronce, \u0161to je izvrsno jer je jaka i ne hr\u0111a lako. To je posebno klju\u010dno kada ste na vodi, gdje sol i druge agresivne tvari mogu ozbiljno o\u0161tetiti slabije materijale. Osim toga, ima odli\u010dan sustav hla\u0111enja vodom koji poma\u017ee da bolje radi i traje du\u017ee, \u010dak i kada uvjeti postanu malo te\u017ei.<\/p>\n<p>Da bi pakiranje funkcioniralo najbolje \u0161to mo\u017ee, trebate redovito pode\u0161avati brtvu. Ovo nije samo zgodan dodatak; to je stvarno va\u017eno kako biste osigurali da sve ostane vodonepropusno i da ne do\u0111e do curenja. Curenja mogu biti veliki problem i mogu ugroziti sigurnost va\u0161e brodice, \u0161to mo\u017ee dovesti do ozbiljnih problema poput o\u0161te\u0107enja vodom ili \u010dak strukturnih problema koji mogu u\u010diniti va\u0161u brodicu nesigurnom za plovidbu.<\/p>\n<p>A ne zaboravite na brtve osovine propelera, koje proizvodi ugledni Eliche Radice. Stekli su \u010dvrst ugled u morskom svijetu zbog svoje pouzdanosti i vrhunske kvalitete. Njihovi proizvodi pa\u017eljivo su izra\u0111eni kako bi izdr\u017eali te\u0161ke uvjete morskog \u017eivota, pa se mo\u017eete osje\u0107ati opu\u0161teno i sigurno dok ste na vodi.<\/p>\n<p>Odr\u017eavanje ovih dijelova u dobrom stanju i kori\u0161tenje kvalitetnih materijala klju\u010dni su za u\u017eivanje u veselim trenucima na vodi. Brigu o pakiranju i brtvama osovine propelera ne samo da pobolj\u0161ava performanse i trajnost va\u0161e brodice, ve\u0107 osigurava i sigurnost svih na brodu. Ulaganje malo vremena i truda u odr\u017eavanje stvarno \u0107e se isplatiti, omogu\u0107uju\u0107i vam da u\u017eivate u vremenu provedenom na vodi bez brige o mehani\u010dkim problemima ili curenjima. Dakle, dobra je ideja ostati na vrhu va\u0161eg odr\u017eavanja i odr\u017eavati va\u0161u brodicu u vrhunskom stanju za sve va\u0161e avanture!<\/p>\n","protected":false},"excerpt":{"rendered":"<p>Brtvenica za osovinu propelera 35 x 48 mm &#8211; Pakiranje je iznimno va\u017eno za sigurnost va\u0161e brodice i sprje\u010davanje ulaska<\/p>\n","protected":false},"featured_media":5937348,"comment_status":"open","ping_status":"closed","template":"","meta":[],"product_brand":[2916],"product_cat":[1808],"product_tag":[],"class_list":{"0":"post-739968","1":"product","2":"type-product","3":"status-publish","4":"has-post-thumbnail","6":"product_brand-eliche-radice-hr","7":"product_cat-brtve-osovine-propelera","9":"first","10":"instock","11":"shipping-taxable","12":"purchasable","13":"product-type-simple"},"_links":{"self":[{"href":"https:\/\/stoic-curie.212-227-153-4.plesk.page\/hr\/wp-json\/wp\/v2\/product\/739968","targetHints":{"allow":["GET"]}}],"collection":[{"href":"https:\/\/stoic-curie.212-227-153-4.plesk.page\/hr\/wp-json\/wp\/v2\/product"}],"about":[{"href":"https:\/\/stoic-curie.212-227-153-4.plesk.page\/hr\/wp-json\/wp\/v2\/types\/product"}],"replies":[{"embeddable":true,"href":"https:\/\/stoic-curie.212-227-153-4.plesk.page\/hr\/wp-json\/wp\/v2\/comments?post=739968"}],"version-history":[{"count":0,"href":"https:\/\/stoic-curie.212-227-153-4.plesk.page\/hr\/wp-json\/wp\/v2\/product\/739968\/revisions"}],"wp:featuredmedia":[{"embeddable":true,"href":"https:\/\/stoic-curie.212-227-153-4.plesk.page\/hr\/wp-json\/wp\/v2\/media\/5937348"}],"wp:attachment":[{"href":"https:\/\/stoic-curie.212-227-153-4.plesk.page\/hr\/wp-json\/wp\/v2\/media?parent=739968"}],"wp:term":[{"taxonomy":"product_brand","embeddable":true,"href":"https:\/\/stoic-curie.212-227-153-4.plesk.page\/hr\/wp-json\/wp\/v2\/product_brand?post=739968"},{"taxonomy":"product_cat","embeddable":true,"href":"https:\/\/stoic-curie.212-227-153-4.plesk.page\/hr\/wp-json\/wp\/v2\/product_cat?post=739968"},{"taxonomy":"product_tag","embeddable":true,"href":"https:\/\/stoic-curie.212-227-153-4.plesk.page\/hr\/wp-json\/wp\/v2\/product_tag?post=739968"}],"curies":[{"name":"wp","href":"https:\/\/api.w.org\/{rel}","templated":true}]}}