{"id":739969,"date":"2025-03-03T18:06:21","date_gmt":"2025-03-03T17:06:21","guid":{"rendered":"https:\/\/stoic-curie.212-227-153-4.plesk.page\/producto\/brtvenica-za-osovinu-propelera-40-x-54-mm\/"},"modified":"2026-02-25T00:00:40","modified_gmt":"2026-02-25T00:00:40","slug":"brtvenica-za-osovinu-propelera-40-x-54-mm","status":"publish","type":"product","link":"https:\/\/stoic-curie.212-227-153-4.plesk.page\/hr\/product\/brtvenica-za-osovinu-propelera-40-x-54-mm\/","title":{"rendered":"Brtvenica za osovinu propelera 40 x 54 mm"},"content":{"rendered":"<p>Brtvenica za osovinu propelera 40 x 54 mm &#8211; <\/p>\n<p>Pakovanje za punjenje igra nezamjenjivu ulogu u o\u010duvanju strukturne cjelovitosti va\u0161eg plovila spre\u010davaju\u0107i efikasno ulazak vode u unutarnje odjeljke. Ova kriti\u010dna komponenta pa\u017eljivo je izra\u0111ena od visokokvalitetnog bron\u010danog materijala, kojeg iznimno cijene zbog njegove izvanredne \u010dvrsto\u0107e i izvanredne otpornosti na koroziju. Ove osobine su posebno va\u017ene u zahtjevnom morskom okru\u017eenju, gdje izlo\u017eenost slanoj vodi i drugim te\u0161kim elementima mo\u017ee dovesti do brzog propadanja inferiornih materijala. Pakovanje za punjenje dodatno se pobolj\u0161ava naprednim sustavom hla\u0111enja vodom, \u0161to zna\u010dajno pobolj\u0161ava njegovu ukupnu funkcionalnost i dugovje\u010dnost, osiguravaju\u0107i njegovo efikasno djelovanje \u010dak i pod zahtjevnim uvjetima.<\/p>\n<p>Kako bi se osigurala optimalna izvedba pakovanja za punjenje, bitno je redovito prilago\u0111avati brtvenu paknu. Ova odr\u017eavana aktivnost nije samo savjet; to je presudno za odr\u017eavanje vodonepropusnog pe\u010data koji efikasno sprje\u010dava sve potencijalne curenja. Takva curenja mogla bi ugroziti sigurnost va\u0161eg plovila, dovode\u0107i do ozbiljnih posljedica. Zanemarivanje ovog aspekta odr\u017eavanja mo\u017ee rezultirati ozbiljnijim komplikacijama u budu\u0107nosti, uklju\u010duju\u0107i vodene \u0161tete unutar plovila ili, u ekstremnim slu\u010dajevima, strukturalno otkazivanje koje bi moglo ugroziti plovnost plovila.<\/p>\n<p>Osim pakovanja za punjenje, brtve osovine propelera proizvodi ugledna kompanija Eliche Radice. Ova marka je stekla zaslu\u017eenu reputaciju za pouzdanost i superiornu kvalitetu unutar pomorske industrije. Njihova predanost izvrsnosti o\u010dituje se u pomnom obrtni\u010dkom radu njihovih proizvoda, koji su dizajnirani da izdr\u017ee rigorozne uvjete pomorskog kori\u0161tenja. Kombinacija robusnih materijala i stru\u010dnog in\u017eenjeringa osigurava da va\u0161e plovilo ostane sigurno i plovno, omogu\u0107uju\u0107i vam da sa povjerenjem i mirom u\u017eivate u svojim izletima po vodi.<\/p>\n<p>Redovno odr\u017eavanje ovih komponenti, uz kori\u0161tenje dijelova visoke kvalitete, od presudne je va\u017enosti za postizanje uspje\u0161nog i ugodnog plovidbenog iskustva. Davanjem prioritet odr\u017eavanju pakovanja za punjenje i brtvama osovine propelera, ne samo da pobolj\u0161avate izvedbu i dugovje\u010dnost va\u0161eg broda, ve\u0107 i osiguravate sigurnost svih putnika na brodu. Ulaganje vremena i resursa u odr\u017eavanje ovih kriti\u010dnih komponenti naposlijetku \u0107e se isplatiti u obliku pouzdane i ugodne plovidbe, bez briga o mogu\u0107im mehani\u010dkim kvarovima ili ulasku vode. Stoga je preporu\u010dljivo ostati budan i proaktivan u svojim naporima odr\u017eavanja, osiguravaju\u0107i da va\u0161e plovilo ostane u vrhunskom stanju za sve va\u0161e pomorske avanture.<\/p>\n","protected":false},"excerpt":{"rendered":"<p>Brtvenica za osovinu propelera 40 x 54 mm &#8211; Pakovanje za punjenje igra nezamjenjivu ulogu u o\u010duvanju strukturne cjelovitosti va\u0161eg<\/p>\n","protected":false},"featured_media":5937348,"comment_status":"open","ping_status":"closed","template":"","meta":[],"product_brand":[2916],"product_cat":[1808],"product_tag":[],"class_list":{"0":"post-739969","1":"product","2":"type-product","3":"status-publish","4":"has-post-thumbnail","6":"product_brand-eliche-radice-hr","7":"product_cat-brtve-osovine-propelera","9":"first","10":"instock","11":"shipping-taxable","12":"purchasable","13":"product-type-simple"},"_links":{"self":[{"href":"https:\/\/stoic-curie.212-227-153-4.plesk.page\/hr\/wp-json\/wp\/v2\/product\/739969","targetHints":{"allow":["GET"]}}],"collection":[{"href":"https:\/\/stoic-curie.212-227-153-4.plesk.page\/hr\/wp-json\/wp\/v2\/product"}],"about":[{"href":"https:\/\/stoic-curie.212-227-153-4.plesk.page\/hr\/wp-json\/wp\/v2\/types\/product"}],"replies":[{"embeddable":true,"href":"https:\/\/stoic-curie.212-227-153-4.plesk.page\/hr\/wp-json\/wp\/v2\/comments?post=739969"}],"version-history":[{"count":0,"href":"https:\/\/stoic-curie.212-227-153-4.plesk.page\/hr\/wp-json\/wp\/v2\/product\/739969\/revisions"}],"wp:featuredmedia":[{"embeddable":true,"href":"https:\/\/stoic-curie.212-227-153-4.plesk.page\/hr\/wp-json\/wp\/v2\/media\/5937348"}],"wp:attachment":[{"href":"https:\/\/stoic-curie.212-227-153-4.plesk.page\/hr\/wp-json\/wp\/v2\/media?parent=739969"}],"wp:term":[{"taxonomy":"product_brand","embeddable":true,"href":"https:\/\/stoic-curie.212-227-153-4.plesk.page\/hr\/wp-json\/wp\/v2\/product_brand?post=739969"},{"taxonomy":"product_cat","embeddable":true,"href":"https:\/\/stoic-curie.212-227-153-4.plesk.page\/hr\/wp-json\/wp\/v2\/product_cat?post=739969"},{"taxonomy":"product_tag","embeddable":true,"href":"https:\/\/stoic-curie.212-227-153-4.plesk.page\/hr\/wp-json\/wp\/v2\/product_tag?post=739969"}],"curies":[{"name":"wp","href":"https:\/\/api.w.org\/{rel}","templated":true}]}}