{"id":739970,"date":"2025-03-03T18:06:21","date_gmt":"2025-03-03T17:06:21","guid":{"rendered":"https:\/\/stoic-curie.212-227-153-4.plesk.page\/producto\/brtvenica-za-osovinu-propelera-45-x-61-mm\/"},"modified":"2026-02-25T00:00:40","modified_gmt":"2026-02-25T00:00:40","slug":"brtvenica-za-osovinu-propelera-45-x-61-mm","status":"publish","type":"product","link":"https:\/\/stoic-curie.212-227-153-4.plesk.page\/hr\/product\/brtvenica-za-osovinu-propelera-45-x-61-mm\/","title":{"rendered":"Brtvenica za osovinu propelera 45 x 61 mm"},"content":{"rendered":"<p>Brtvenica za osovinu propelera 45 x 61 mm &#8211; <\/p>\n<p>Poklopac za punjenje ima klju\u010dnu ulogu u o\u010duvanju strukturalne cjelovitosti va\u0161eg plovila sprje\u010davaju\u0107i prodor vode u unutarnje kompartmane. Ova komponenta je izra\u0111ena od visokokvalitetnog bronce, materijala cijenjenog zbog svoje \u010dvrsto\u0107e i otpornosti na koroziju, \u0161to je posebno va\u017eno u pomorskom okru\u017eenju. Osim toga, poklopac za punjenje opremljen je naprednim sustavom hla\u0111enja vodom koji zna\u010dajno pobolj\u0161ava njegovu ukupnu funkcionalnost i dugovje\u010dnost.<\/p>\n<p>Kako biste osigurali optimalnu izvedbu, klju\u010dno je redovito prilago\u0111avati pakiranje brtve. Ova odr\u017eavana zada\u0107a je presudna jer poma\u017ee u odr\u017eavanju vodonepropusnog brtvljenja, sprje\u010davaju\u0107i potencijalne curenje koje bi moglo ugroziti sigurnost va\u0161eg plovila. zanemarivanje ovog aspekta odr\u017eavanja mo\u017ee rezultirati te\u017eim komplikacijama u budu\u0107nosti, uklju\u010duju\u0107i o\u0161te\u0107enja od vode ili \u010dak strukturni kvar.<\/p>\n<p>Dodatno, brtve propeler osovine proizvodi ugledna tvrtka Eliche Radice, koja je stekla reputaciju pouzdanosti i vrhunske kvalitete unutar pomorske industrije. Njihova predanost izvrsnosti o\u010dituje se u obrtnim vje\u0161tinama njihovih proizvoda. Ova kombinacija robusnih materijala i stru\u010dnog in\u017eenjeringa osigurava da va\u0161e plovilo ostane sigurno i plovno, omogu\u0107uju\u0107i vam da s povjerenjem i mirom u\u017eivate u svojim izletima na vodi. Redovito odr\u017eavanje i visokokvalitetne komponente su od najve\u0107e va\u017enosti za uspje\u0161no iskustvo vo\u017enje.<\/p>\n","protected":false},"excerpt":{"rendered":"<p>Brtvenica za osovinu propelera 45 x 61 mm &#8211; Poklopac za punjenje ima klju\u010dnu ulogu u o\u010duvanju strukturalne cjelovitosti va\u0161eg<\/p>\n","protected":false},"featured_media":5937348,"comment_status":"open","ping_status":"closed","template":"","meta":[],"product_brand":[2916],"product_cat":[1808],"product_tag":[],"class_list":{"0":"post-739970","1":"product","2":"type-product","3":"status-publish","4":"has-post-thumbnail","6":"product_brand-eliche-radice-hr","7":"product_cat-brtve-osovine-propelera","9":"first","10":"instock","11":"shipping-taxable","12":"purchasable","13":"product-type-simple"},"_links":{"self":[{"href":"https:\/\/stoic-curie.212-227-153-4.plesk.page\/hr\/wp-json\/wp\/v2\/product\/739970","targetHints":{"allow":["GET"]}}],"collection":[{"href":"https:\/\/stoic-curie.212-227-153-4.plesk.page\/hr\/wp-json\/wp\/v2\/product"}],"about":[{"href":"https:\/\/stoic-curie.212-227-153-4.plesk.page\/hr\/wp-json\/wp\/v2\/types\/product"}],"replies":[{"embeddable":true,"href":"https:\/\/stoic-curie.212-227-153-4.plesk.page\/hr\/wp-json\/wp\/v2\/comments?post=739970"}],"version-history":[{"count":0,"href":"https:\/\/stoic-curie.212-227-153-4.plesk.page\/hr\/wp-json\/wp\/v2\/product\/739970\/revisions"}],"wp:featuredmedia":[{"embeddable":true,"href":"https:\/\/stoic-curie.212-227-153-4.plesk.page\/hr\/wp-json\/wp\/v2\/media\/5937348"}],"wp:attachment":[{"href":"https:\/\/stoic-curie.212-227-153-4.plesk.page\/hr\/wp-json\/wp\/v2\/media?parent=739970"}],"wp:term":[{"taxonomy":"product_brand","embeddable":true,"href":"https:\/\/stoic-curie.212-227-153-4.plesk.page\/hr\/wp-json\/wp\/v2\/product_brand?post=739970"},{"taxonomy":"product_cat","embeddable":true,"href":"https:\/\/stoic-curie.212-227-153-4.plesk.page\/hr\/wp-json\/wp\/v2\/product_cat?post=739970"},{"taxonomy":"product_tag","embeddable":true,"href":"https:\/\/stoic-curie.212-227-153-4.plesk.page\/hr\/wp-json\/wp\/v2\/product_tag?post=739970"}],"curies":[{"name":"wp","href":"https:\/\/api.w.org\/{rel}","templated":true}]}}