{"id":739971,"date":"2025-03-03T18:06:22","date_gmt":"2025-03-03T17:06:22","guid":{"rendered":"https:\/\/stoic-curie.212-227-153-4.plesk.page\/producto\/brtvenica-za-osovinu-propelera-50x67-mm\/"},"modified":"2026-02-25T00:00:40","modified_gmt":"2026-02-25T00:00:40","slug":"brtvenica-za-osovinu-propelera-50x67-mm","status":"publish","type":"product","link":"https:\/\/stoic-curie.212-227-153-4.plesk.page\/hr\/product\/brtvenica-za-osovinu-propelera-50x67-mm\/","title":{"rendered":"Brtvenica za osovinu propelera 50&#215;67 mm"},"content":{"rendered":"<p>Brtvenica za osovinu propelera 50&#215;67 mm &#8211; <\/p>\n<p>Steznik (stopfbuchs) igra klju\u010dnu ulogu u za\u0161titi strukturalne cjelovitosti va\u0161eg broda sprje\u010davaju\u0107i u\u010dinkovito ulazak vode u unutarnje odjele. Ova komponenta je izra\u0111ena od izdr\u017eljivog bronze, materijala poznatog po svojoj \u010dvrsto\u0107i i otpornosti na koroziju, \u0161to je posebno va\u017eno u morskom okru\u017eenju. Osim toga, steznik ima napredni sustav hla\u0111enja vodom koji zna\u010dajno pobolj\u0161ava njegovu ukupnu funkcionalnost i dugovje\u010dnost.<\/p>\n<p>Kako biste osigurali optimalne performanse, od vitalnog je zna\u010daja redovito prilago\u0111avati brtvene pakete. Ovaj zadatak odr\u017eavanja je bitan jer poma\u017ee u odr\u017eavanju vodenog pe\u010data, time sprje\u010dava mogu\u0107e curenje koja bi mogla ugroziti sigurnost va\u0161eg plovila. Zanemarivanje ovog aspekta odr\u017eavanja moglo bi dovesti do te\u017eih problema u budu\u0107nosti, uklju\u010duju\u0107i o\u0161te\u0107enja od vode ili \u010dak strukturni kolaps.<\/p>\n<p>Osim toga, brtve pogonske osi proizvodi ugledna tvrtka Eliche Radice, brend koji je stekao reputaciju pouzdanosti i superiorne kvalitete unutar pomorske industrije. Njihova posve\u0107enost izvrsnosti o\u010dituje se u izradi njihovih proizvoda. Ova kombinacija robusnih materijala i stru\u010dnog in\u017eenjeringa jam\u010di da va\u0161e plovilo ostane sigurno i plovno, omogu\u0107uju\u0107i vam da sa povjerenjem i mirom u\u017eivate u svojim izletima na vodi. Redovno odr\u017eavanje i kvalitetne komponente klju\u010dni su za uspje\u0161no brodsko iskustvo.<\/p>\n","protected":false},"excerpt":{"rendered":"<p>Brtvenica za osovinu propelera 50&#215;67 mm &#8211; Steznik (stopfbuchs) igra klju\u010dnu ulogu u za\u0161titi strukturalne cjelovitosti va\u0161eg broda sprje\u010davaju\u0107i u\u010dinkovito<\/p>\n","protected":false},"featured_media":5937348,"comment_status":"open","ping_status":"closed","template":"","meta":[],"product_brand":[2916],"product_cat":[1808],"product_tag":[],"class_list":{"0":"post-739971","1":"product","2":"type-product","3":"status-publish","4":"has-post-thumbnail","6":"product_brand-eliche-radice-hr","7":"product_cat-brtve-osovine-propelera","9":"first","10":"instock","11":"shipping-taxable","12":"purchasable","13":"product-type-simple"},"_links":{"self":[{"href":"https:\/\/stoic-curie.212-227-153-4.plesk.page\/hr\/wp-json\/wp\/v2\/product\/739971","targetHints":{"allow":["GET"]}}],"collection":[{"href":"https:\/\/stoic-curie.212-227-153-4.plesk.page\/hr\/wp-json\/wp\/v2\/product"}],"about":[{"href":"https:\/\/stoic-curie.212-227-153-4.plesk.page\/hr\/wp-json\/wp\/v2\/types\/product"}],"replies":[{"embeddable":true,"href":"https:\/\/stoic-curie.212-227-153-4.plesk.page\/hr\/wp-json\/wp\/v2\/comments?post=739971"}],"version-history":[{"count":0,"href":"https:\/\/stoic-curie.212-227-153-4.plesk.page\/hr\/wp-json\/wp\/v2\/product\/739971\/revisions"}],"wp:featuredmedia":[{"embeddable":true,"href":"https:\/\/stoic-curie.212-227-153-4.plesk.page\/hr\/wp-json\/wp\/v2\/media\/5937348"}],"wp:attachment":[{"href":"https:\/\/stoic-curie.212-227-153-4.plesk.page\/hr\/wp-json\/wp\/v2\/media?parent=739971"}],"wp:term":[{"taxonomy":"product_brand","embeddable":true,"href":"https:\/\/stoic-curie.212-227-153-4.plesk.page\/hr\/wp-json\/wp\/v2\/product_brand?post=739971"},{"taxonomy":"product_cat","embeddable":true,"href":"https:\/\/stoic-curie.212-227-153-4.plesk.page\/hr\/wp-json\/wp\/v2\/product_cat?post=739971"},{"taxonomy":"product_tag","embeddable":true,"href":"https:\/\/stoic-curie.212-227-153-4.plesk.page\/hr\/wp-json\/wp\/v2\/product_tag?post=739971"}],"curies":[{"name":"wp","href":"https:\/\/api.w.org\/{rel}","templated":true}]}}