{"id":739972,"date":"2025-03-03T18:06:22","date_gmt":"2025-03-03T17:06:22","guid":{"rendered":"https:\/\/stoic-curie.212-227-153-4.plesk.page\/producto\/brtvenica-za-osovinu-propelera-60-x-78-mm\/"},"modified":"2026-02-25T00:00:40","modified_gmt":"2026-02-25T00:00:40","slug":"brtvenica-za-osovinu-propelera-60-x-78-mm","status":"publish","type":"product","link":"https:\/\/stoic-curie.212-227-153-4.plesk.page\/hr\/product\/brtvenica-za-osovinu-propelera-60-x-78-mm\/","title":{"rendered":"Brtvenica za osovinu propelera 60 x 78 mm"},"content":{"rendered":"<p>Brtvenica za osovinu propelera 60 x 78 mm &#8211; <\/p>\n<p><span style=\"color: rgb(34, 34, 34); font-family: Arial, Helvetica, sans-serif; font-size: small;\">Kutija za punjenje igra klju\u010dnu ulogu u odr\u017eavanju integriteta va\u0161eg plovila sprje\u010davanjem ulaska vode u unutra\u0161njost broda. Napravljena od izdr\u017eljivog bronce, ova komponenta ima sofisticirani mehanizam za hla\u0111enje vodom koji pobolj\u0161ava njegovu u\u010dinkovitost. Kako bi se osigurala optimalna izvedba, nu\u017eno je redovito prilago\u0111avati pakiranje, jer \u0107e to pomo\u0107i u odr\u017eavanju vodonepropusnog brtvljenja. Osim toga, brtve osovine propelera proizvodi ugledni proizvo\u0111a\u010d Eliche Radice, \u010dije ime predstavlja pouzdanost i visoku kvalitetu u industriji. Ova kombinacija robusnih materijala i stru\u010dne izrade osigurava da va\u0161 brod ostane siguran i plovidben tijekom va\u0161ih avantura na vodi.<\/span><\/p>\n","protected":false},"excerpt":{"rendered":"<p>Brtvenica za osovinu propelera 60 x 78 mm &#8211; Kutija za punjenje igra klju\u010dnu ulogu u odr\u017eavanju integriteta va\u0161eg plovila<\/p>\n","protected":false},"featured_media":5937348,"comment_status":"open","ping_status":"closed","template":"","meta":[],"product_brand":[2916],"product_cat":[1808],"product_tag":[],"class_list":{"0":"post-739972","1":"product","2":"type-product","3":"status-publish","4":"has-post-thumbnail","6":"product_brand-eliche-radice-hr","7":"product_cat-brtve-osovine-propelera","9":"first","10":"outofstock","11":"shipping-taxable","12":"purchasable","13":"product-type-simple"},"_links":{"self":[{"href":"https:\/\/stoic-curie.212-227-153-4.plesk.page\/hr\/wp-json\/wp\/v2\/product\/739972","targetHints":{"allow":["GET"]}}],"collection":[{"href":"https:\/\/stoic-curie.212-227-153-4.plesk.page\/hr\/wp-json\/wp\/v2\/product"}],"about":[{"href":"https:\/\/stoic-curie.212-227-153-4.plesk.page\/hr\/wp-json\/wp\/v2\/types\/product"}],"replies":[{"embeddable":true,"href":"https:\/\/stoic-curie.212-227-153-4.plesk.page\/hr\/wp-json\/wp\/v2\/comments?post=739972"}],"version-history":[{"count":0,"href":"https:\/\/stoic-curie.212-227-153-4.plesk.page\/hr\/wp-json\/wp\/v2\/product\/739972\/revisions"}],"wp:featuredmedia":[{"embeddable":true,"href":"https:\/\/stoic-curie.212-227-153-4.plesk.page\/hr\/wp-json\/wp\/v2\/media\/5937348"}],"wp:attachment":[{"href":"https:\/\/stoic-curie.212-227-153-4.plesk.page\/hr\/wp-json\/wp\/v2\/media?parent=739972"}],"wp:term":[{"taxonomy":"product_brand","embeddable":true,"href":"https:\/\/stoic-curie.212-227-153-4.plesk.page\/hr\/wp-json\/wp\/v2\/product_brand?post=739972"},{"taxonomy":"product_cat","embeddable":true,"href":"https:\/\/stoic-curie.212-227-153-4.plesk.page\/hr\/wp-json\/wp\/v2\/product_cat?post=739972"},{"taxonomy":"product_tag","embeddable":true,"href":"https:\/\/stoic-curie.212-227-153-4.plesk.page\/hr\/wp-json\/wp\/v2\/product_tag?post=739972"}],"curies":[{"name":"wp","href":"https:\/\/api.w.org\/{rel}","templated":true}]}}