{"id":739985,"date":"2025-03-03T18:06:26","date_gmt":"2025-03-03T17:06:26","guid":{"rendered":"https:\/\/stoic-curie.212-227-153-4.plesk.page\/producto\/sklopiva-stolica-bijela-forma-astron-a6000-86x47-cm-h46-cm\/"},"modified":"2026-02-25T00:00:40","modified_gmt":"2026-02-25T00:00:40","slug":"sklopiva-stolica-bijela-forma-astron-a6000-86x47-cm-h46-cm","status":"publish","type":"product","link":"https:\/\/stoic-curie.212-227-153-4.plesk.page\/hr\/product\/sklopiva-stolica-bijela-forma-astron-a6000-86x47-cm-h46-cm\/","title":{"rendered":"Sklopiva stolica Bijela Forma Astron A6000 86&#215;47 cm H46 cm"},"content":{"rendered":"<p>Sklopiva stolica Bijela Forma Astron A6000 86&#215;47 cm H46 cm &#8211; <\/p>\n<p>Visokokvalitetna (super udobna) vrlo elegantna Astron A6000 sklopiva stolica od Forme. Savr\u0161eno obra\u0111ena lagana i vrlo sna\u017ena anodizirana aluminijska konstrukcija s lijevanim spojevima. Nautolex Superior platno za morsku upotrebu. Hardver od nehr\u0111aju\u0107eg \u010delika.<\/p>\n","protected":false},"excerpt":{"rendered":"<p>Sklopiva stolica Bijela Forma Astron A6000 86&#215;47 cm H46 cm &#8211; Visokokvalitetna (super udobna) vrlo elegantna Astron A6000 sklopiva stolica<\/p>\n","protected":false},"featured_media":5937362,"comment_status":"open","ping_status":"closed","template":"","meta":[],"product_brand":[2951],"product_cat":[1642],"product_tag":[],"class_list":{"0":"post-739985","1":"product","2":"type-product","3":"status-publish","4":"has-post-thumbnail","6":"product_brand-forma-hr","7":"product_cat-brodske-stolice-i-stolovi","9":"first","10":"instock","11":"shipping-taxable","12":"purchasable","13":"product-type-simple"},"_links":{"self":[{"href":"https:\/\/stoic-curie.212-227-153-4.plesk.page\/hr\/wp-json\/wp\/v2\/product\/739985","targetHints":{"allow":["GET"]}}],"collection":[{"href":"https:\/\/stoic-curie.212-227-153-4.plesk.page\/hr\/wp-json\/wp\/v2\/product"}],"about":[{"href":"https:\/\/stoic-curie.212-227-153-4.plesk.page\/hr\/wp-json\/wp\/v2\/types\/product"}],"replies":[{"embeddable":true,"href":"https:\/\/stoic-curie.212-227-153-4.plesk.page\/hr\/wp-json\/wp\/v2\/comments?post=739985"}],"version-history":[{"count":0,"href":"https:\/\/stoic-curie.212-227-153-4.plesk.page\/hr\/wp-json\/wp\/v2\/product\/739985\/revisions"}],"wp:featuredmedia":[{"embeddable":true,"href":"https:\/\/stoic-curie.212-227-153-4.plesk.page\/hr\/wp-json\/wp\/v2\/media\/5937362"}],"wp:attachment":[{"href":"https:\/\/stoic-curie.212-227-153-4.plesk.page\/hr\/wp-json\/wp\/v2\/media?parent=739985"}],"wp:term":[{"taxonomy":"product_brand","embeddable":true,"href":"https:\/\/stoic-curie.212-227-153-4.plesk.page\/hr\/wp-json\/wp\/v2\/product_brand?post=739985"},{"taxonomy":"product_cat","embeddable":true,"href":"https:\/\/stoic-curie.212-227-153-4.plesk.page\/hr\/wp-json\/wp\/v2\/product_cat?post=739985"},{"taxonomy":"product_tag","embeddable":true,"href":"https:\/\/stoic-curie.212-227-153-4.plesk.page\/hr\/wp-json\/wp\/v2\/product_tag?post=739985"}],"curies":[{"name":"wp","href":"https:\/\/api.w.org\/{rel}","templated":true}]}}