{"id":739988,"date":"2025-03-03T18:06:26","date_gmt":"2025-03-03T17:06:26","guid":{"rendered":"https:\/\/stoic-curie.212-227-153-4.plesk.page\/producto\/drainman-pumpa-kaljuze\/"},"modified":"2026-02-25T00:00:40","modified_gmt":"2026-02-25T00:00:40","slug":"drainman-pumpa-kaljuze","status":"publish","type":"product","link":"https:\/\/stoic-curie.212-227-153-4.plesk.page\/hr\/product\/drainman-pumpa-kaljuze\/","title":{"rendered":"DRAINMAN pumpa kalju\u017ee"},"content":{"rendered":"<p>DRAINMAN pumpa kalju\u017ee &#8211; <\/p>\n<p>Drainman pumpa za balast i snubber za vezivanje. Aktivira se automatski zahvaljuju\u0107i prirodnoj snazi valova i vjetra kroz vu\u010dnu silu koja se stvara na konopcu za vezivanje. Mo\u017ee ispumpati do 2500 litara vode dnevno. Proizvedena od izdr\u017eljivih materijala, mo\u017ee podnijeti vu\u010dne sile do 1500 kg. Precovered s neoprenom za savr\u0161enu za\u0161titu od UV zraka i istro\u0161enosti.<\/p>\n","protected":false},"excerpt":{"rendered":"<p>DRAINMAN pumpa kalju\u017ee &#8211; Drainman pumpa za balast i snubber za vezivanje. Aktivira se automatski zahvaljuju\u0107i prirodnoj snazi valova i<\/p>\n","protected":false},"featured_media":5937367,"comment_status":"open","ping_status":"closed","template":"","meta":[],"product_brand":[3386],"product_cat":[1654],"product_tag":[],"class_list":{"0":"post-739988","1":"product","2":"type-product","3":"status-publish","4":"has-post-thumbnail","6":"product_brand-sidermarine-hr","7":"product_cat-rucne-kaljuzne-pumpe","9":"first","10":"instock","11":"shipping-taxable","12":"purchasable","13":"product-type-simple"},"_links":{"self":[{"href":"https:\/\/stoic-curie.212-227-153-4.plesk.page\/hr\/wp-json\/wp\/v2\/product\/739988","targetHints":{"allow":["GET"]}}],"collection":[{"href":"https:\/\/stoic-curie.212-227-153-4.plesk.page\/hr\/wp-json\/wp\/v2\/product"}],"about":[{"href":"https:\/\/stoic-curie.212-227-153-4.plesk.page\/hr\/wp-json\/wp\/v2\/types\/product"}],"replies":[{"embeddable":true,"href":"https:\/\/stoic-curie.212-227-153-4.plesk.page\/hr\/wp-json\/wp\/v2\/comments?post=739988"}],"version-history":[{"count":0,"href":"https:\/\/stoic-curie.212-227-153-4.plesk.page\/hr\/wp-json\/wp\/v2\/product\/739988\/revisions"}],"wp:featuredmedia":[{"embeddable":true,"href":"https:\/\/stoic-curie.212-227-153-4.plesk.page\/hr\/wp-json\/wp\/v2\/media\/5937367"}],"wp:attachment":[{"href":"https:\/\/stoic-curie.212-227-153-4.plesk.page\/hr\/wp-json\/wp\/v2\/media?parent=739988"}],"wp:term":[{"taxonomy":"product_brand","embeddable":true,"href":"https:\/\/stoic-curie.212-227-153-4.plesk.page\/hr\/wp-json\/wp\/v2\/product_brand?post=739988"},{"taxonomy":"product_cat","embeddable":true,"href":"https:\/\/stoic-curie.212-227-153-4.plesk.page\/hr\/wp-json\/wp\/v2\/product_cat?post=739988"},{"taxonomy":"product_tag","embeddable":true,"href":"https:\/\/stoic-curie.212-227-153-4.plesk.page\/hr\/wp-json\/wp\/v2\/product_tag?post=739988"}],"curies":[{"name":"wp","href":"https:\/\/api.w.org\/{rel}","templated":true}]}}