{"id":739989,"date":"2025-03-03T18:06:27","date_gmt":"2025-03-03T17:06:27","guid":{"rendered":"https:\/\/stoic-curie.212-227-153-4.plesk.page\/producto\/hladnjak-vitrifrigo-c95la-en-95lt-12-24v\/"},"modified":"2026-02-25T00:00:40","modified_gmt":"2026-02-25T00:00:40","slug":"hladnjak-vitrifrigo-c95la-en-95lt-12-24v","status":"publish","type":"product","link":"https:\/\/stoic-curie.212-227-153-4.plesk.page\/hr\/product\/hladnjak-vitrifrigo-c95la-en-95lt-12-24v\/","title":{"rendered":"Vitrifrigo C95LA EN hladnjak"},"content":{"rendered":"<p>Vitrifrigo C95LA EN hladnjak &#8211; <\/p>\n<p>Predstavljamo Vitrifrigo C95LA EN Airlock hladnjak-zamrziva\u010d u sivoj boji. Ovaj hladnjak radi s vanjskom Danfoss rashladnom jedinicom od 12\/24V, koja se mo\u017ee postaviti do 1,5 metra udaljenosti. Ima reverzibilna vrata koja se mogu prilagoditi za ventilaciju kada se ne koriste. Ure\u0111aj je opremljen LED svjetlom i mehani\u010dkim termostatom za jednostavno kontroliranje temperature.<\/p>\n<p>Oznaka &#8220;EN&#8221; ozna\u010dava da ovaj model uklju\u010duje evaporator za u\u0161tedu energije.<\/p>\n<p>Airlock C95LA CHR hladnjak-zamrziva\u010d je izvrstan izbor, s ukupnim kapacitetom od 95 litara, s opcionim odjeljkom za zamrzavanje koji pru\u017ea 12,8 litara prostora.<\/p>\n<p>Ovaj model ima hladnja\u010dki evaporator koji odr\u017eava pravu temperaturu u odre\u0111enom razdoblju, neovisno o kompresoru. Rashladna jedinica je smje\u0161tena izvana radi dodatne udobnosti.<\/p>\n<p>Klju\u010dne zna\u010dajke uklju\u010duju siva panelna vrata sa sustavom za zaklju\u010davanje kako bi se sprije\u010dila nenamjerna otvaranja. Osim toga, vrata imaju jedinstveni &#8220;ventilacijski polo\u017eaj&#8221; sustav ugra\u0111en u ru\u010dku, \u0161to omogu\u0107uje djelomi\u010dno otvaranje tijekom neaktivnih razdoblja. Ova zna\u010dajka poma\u017ee u sprje\u010davanju plijesni i neugodnih mirisa, pobolj\u0161avaju\u0107i \u010duvanje hrane.<\/p>\n<p><strong>Tehni\u010dki podaci:<\/strong><\/p>\n<ul>\n<li><strong>Obrada vrata:<\/strong> Laminat<\/li>\n<li><strong>Kapacitet:<\/strong> 95 litara<\/li>\n<li><strong>Visina:<\/strong> 792 mm<\/li>\n<li><strong>Duljina:<\/strong> 485 mm<\/li>\n<li><strong>Dubina:<\/strong> 471 mm<\/li>\n<li><strong>Serija:<\/strong> AIRLOCK<\/li>\n<li><strong>Reverzibilna vrata:<\/strong> Da<\/li>\n<li><strong>Termostat:<\/strong> Mehani\u010dki<\/li>\n<li><strong>Tehnologija hla\u0111enja:<\/strong> Kompresor<\/li>\n<li><strong>Hladnja\u010dka jedinica:<\/strong> Vanjska<\/li>\n<li><strong>Otvor vrata:<\/strong> Jednodijelna vrata sprijeda<\/li>\n<li><strong>Napon:<\/strong> 12\/24 VDC<\/li>\n<\/ul>\n<p>Ovaj hladnjak-zamrziva\u010d dizajniran je da zadovolji va\u0161e potrebe, zajam\u010div\u0161i kvalitetu i u\u010dinkovitost.<\/p>\n","protected":false},"excerpt":{"rendered":"<p>Vitrifrigo C95LA EN hladnjak &#8211; Predstavljamo Vitrifrigo C95LA EN Airlock hladnjak-zamrziva\u010d u sivoj boji. Ovaj hladnjak radi s vanjskom Danfoss<\/p>\n","protected":false},"featured_media":5937369,"comment_status":"open","ping_status":"closed","template":"","meta":[],"product_brand":[3526],"product_cat":[1751],"product_tag":[],"class_list":{"0":"post-739989","1":"product","2":"type-product","3":"status-publish","4":"has-post-thumbnail","6":"product_brand-vitrifrigo-hr","7":"product_cat-hladnjaci-i-zamrzivaci","9":"first","10":"instock","11":"shipping-taxable","12":"purchasable","13":"product-type-simple"},"_links":{"self":[{"href":"https:\/\/stoic-curie.212-227-153-4.plesk.page\/hr\/wp-json\/wp\/v2\/product\/739989","targetHints":{"allow":["GET"]}}],"collection":[{"href":"https:\/\/stoic-curie.212-227-153-4.plesk.page\/hr\/wp-json\/wp\/v2\/product"}],"about":[{"href":"https:\/\/stoic-curie.212-227-153-4.plesk.page\/hr\/wp-json\/wp\/v2\/types\/product"}],"replies":[{"embeddable":true,"href":"https:\/\/stoic-curie.212-227-153-4.plesk.page\/hr\/wp-json\/wp\/v2\/comments?post=739989"}],"version-history":[{"count":0,"href":"https:\/\/stoic-curie.212-227-153-4.plesk.page\/hr\/wp-json\/wp\/v2\/product\/739989\/revisions"}],"wp:featuredmedia":[{"embeddable":true,"href":"https:\/\/stoic-curie.212-227-153-4.plesk.page\/hr\/wp-json\/wp\/v2\/media\/5937369"}],"wp:attachment":[{"href":"https:\/\/stoic-curie.212-227-153-4.plesk.page\/hr\/wp-json\/wp\/v2\/media?parent=739989"}],"wp:term":[{"taxonomy":"product_brand","embeddable":true,"href":"https:\/\/stoic-curie.212-227-153-4.plesk.page\/hr\/wp-json\/wp\/v2\/product_brand?post=739989"},{"taxonomy":"product_cat","embeddable":true,"href":"https:\/\/stoic-curie.212-227-153-4.plesk.page\/hr\/wp-json\/wp\/v2\/product_cat?post=739989"},{"taxonomy":"product_tag","embeddable":true,"href":"https:\/\/stoic-curie.212-227-153-4.plesk.page\/hr\/wp-json\/wp\/v2\/product_tag?post=739989"}],"curies":[{"name":"wp","href":"https:\/\/api.w.org\/{rel}","templated":true}]}}