{"id":739990,"date":"2025-03-03T18:06:27","date_gmt":"2025-03-03T17:06:27","guid":{"rendered":"https:\/\/stoic-curie.212-227-153-4.plesk.page\/producto\/hladnjak-vitrifrigo-c130l-12-24v\/"},"modified":"2026-02-25T00:00:40","modified_gmt":"2026-02-25T00:00:40","slug":"hladnjak-vitrifrigo-c130l-12-24v","status":"publish","type":"product","link":"https:\/\/stoic-curie.212-227-153-4.plesk.page\/hr\/product\/hladnjak-vitrifrigo-c130l-12-24v\/","title":{"rendered":"Hladnjak Vitrifrigo C130L 12-24v"},"content":{"rendered":"<p>Hladnjak Vitrifrigo C130L 12-24v &#8211; <\/p>\n<p style=\"color: rgb(34, 34, 34); font-family: Arial, Helvetica, sans-serif; font-size: small;\">Predstavljamo C130L CHR HP hladnjak-sladnjak u sivoj boji od Vitrifriga. Ovaj model ima vanjsku Danfoss rashladnu jedinicu od 12\/24V koja se mo\u017ee smjestiti do 1,5 metara udaljenosti. Tako\u0111er ima reverzibilna vrata koja se mogu postaviti u poziciju ventilacije kada se ne koriste. Hladnjak-sladnjak dolazi s LED svjetlom i mehani\u010dkim termostatom za jednostavno upravljanje.<\/p>\n<p style=\"color: rgb(34, 34, 34); font-family: Arial, Helvetica, sans-serif; font-size: small;\">Ovaj model uklju\u010duje evaporator koji \u0161tedi energiju za pobolj\u0161anu u\u010dinkovitost.<\/p>\n<p style=\"color: rgb(34, 34, 34); font-family: Arial, Helvetica, sans-serif; font-size: small;\">C130L CHR HP iz Chromelock serije nudi ukupni kapacitet od 130 litara, pri \u010demu je 17,1 litara namijenjeno za opcionalni zamrziva\u010d. Rashladna jedinica nalazi se unutar ure\u0111aja.<\/p>\n<p style=\"color: rgb(34, 34, 34); font-family: Arial, Helvetica, sans-serif; font-size: small;\">CHR HP (High Performance) verzija ima NextGen R600a kompresor, koji je posebno dizajniran za mobilno hla\u0111enje. Ovaj inovativni kompresor koristi prirodni plin R600a, \u0161to pru\u017ea visoke performanse, nizak utjecaj na okoli\u0161 i izvrsnu energetsku u\u010dinkovitost. Osim toga, NextGen kompresor \u010dini hladnjak-sladnjak 3 kg lak\u0161im od tradicionalnih modela. Mo\u017eete prepoznati modele s ovim kompresorom po HP kodu.<\/p>\n<p style=\"color: rgb(34, 34, 34); font-family: Arial, Helvetica, sans-serif; font-size: small;\">Dizajn C130L CHR HP nagla\u0161ava prakti\u010dnost i sigurnost. Ladica, koja mo\u017ee biti u sivoj boji i ima mehanizam za kop\u010du, dizajnirana je za sprje\u010davanje slu\u010dajnog otvaranja, osiguravaju\u0107i pouzdanost.<\/p>\n<p style=\"color: rgb(34, 34, 34); font-family: Arial, Helvetica, sans-serif; font-size: small;\">Klju\u010dna zna\u010dajka je sustav &#8220;Ventilacijska pozicija&#8221; integriran u ru\u010dku. Ovo omogu\u0107ava da vrata ostanu djelomi\u010dno otvorena tijekom neaktivnosti, \u010dime se poma\u017ee u sprje\u010davanju plijesni i neugodnih mirisa, a pobolj\u0161ava i o\u010duvanje hrane.<\/p>\n<p style=\"color: rgb(34, 34, 34); font-family: Arial, Helvetica, sans-serif; font-size: small;\"><strong>Specifikacije:<\/strong><\/p>\n<ul style=\"color: rgb(34, 34, 34); font-family: Arial, Helvetica, sans-serif; font-size: small;\">\n<li>Zavr\u0161na obrada vrata: Laminat<\/li>\n<li>Kapacitet: 130 litara<\/li>\n<li>Visina: 767 mm<\/li>\n<li>Duljina: 525 mm<\/li>\n<li>Dubina: 565 mm<\/li>\n<li>Te\u017eina: 22,20 kg<\/li>\n<li>Serija: CHROMELOCK<\/li>\n<li>Reverzibilna vrata: Da<\/li>\n<li>Termostat: Mehani\u010dki<\/li>\n<li>Tehnologija hla\u0111enja: Kompresor<\/li>\n<li>Rashladna jedinica: Vanjska<\/li>\n<li>Otvor vrata: Jedna prednja vrata<\/li>\n<li>Napon: 12\/24 VDC<\/li>\n<\/ul>\n<p style=\"color: rgb(34, 34, 34); font-family: Arial, Helvetica, sans-serif; font-size: small;\">Ovaj hladnjak-sladnjak kombinira u\u010dinkovitost, sigurnost i inovativne zna\u010dajke, \u0161to ga \u010dini izvrsnim izborom za va\u0161e mobilne hla\u0111enje potrebe.<\/p>\n","protected":false},"excerpt":{"rendered":"<p>Hladnjak Vitrifrigo C130L 12-24v &#8211; Predstavljamo C130L CHR HP hladnjak-sladnjak u sivoj boji od Vitrifriga. Ovaj model ima vanjsku Danfoss<\/p>\n","protected":false},"featured_media":5937374,"comment_status":"open","ping_status":"closed","template":"","meta":[],"product_brand":[3526],"product_cat":[1751],"product_tag":[],"class_list":{"0":"post-739990","1":"product","2":"type-product","3":"status-publish","4":"has-post-thumbnail","6":"product_brand-vitrifrigo-hr","7":"product_cat-hladnjaci-i-zamrzivaci","9":"first","10":"outofstock","11":"shipping-taxable","12":"purchasable","13":"product-type-simple"},"_links":{"self":[{"href":"https:\/\/stoic-curie.212-227-153-4.plesk.page\/hr\/wp-json\/wp\/v2\/product\/739990","targetHints":{"allow":["GET"]}}],"collection":[{"href":"https:\/\/stoic-curie.212-227-153-4.plesk.page\/hr\/wp-json\/wp\/v2\/product"}],"about":[{"href":"https:\/\/stoic-curie.212-227-153-4.plesk.page\/hr\/wp-json\/wp\/v2\/types\/product"}],"replies":[{"embeddable":true,"href":"https:\/\/stoic-curie.212-227-153-4.plesk.page\/hr\/wp-json\/wp\/v2\/comments?post=739990"}],"version-history":[{"count":0,"href":"https:\/\/stoic-curie.212-227-153-4.plesk.page\/hr\/wp-json\/wp\/v2\/product\/739990\/revisions"}],"wp:featuredmedia":[{"embeddable":true,"href":"https:\/\/stoic-curie.212-227-153-4.plesk.page\/hr\/wp-json\/wp\/v2\/media\/5937374"}],"wp:attachment":[{"href":"https:\/\/stoic-curie.212-227-153-4.plesk.page\/hr\/wp-json\/wp\/v2\/media?parent=739990"}],"wp:term":[{"taxonomy":"product_brand","embeddable":true,"href":"https:\/\/stoic-curie.212-227-153-4.plesk.page\/hr\/wp-json\/wp\/v2\/product_brand?post=739990"},{"taxonomy":"product_cat","embeddable":true,"href":"https:\/\/stoic-curie.212-227-153-4.plesk.page\/hr\/wp-json\/wp\/v2\/product_cat?post=739990"},{"taxonomy":"product_tag","embeddable":true,"href":"https:\/\/stoic-curie.212-227-153-4.plesk.page\/hr\/wp-json\/wp\/v2\/product_tag?post=739990"}],"curies":[{"name":"wp","href":"https:\/\/api.w.org\/{rel}","templated":true}]}}