{"id":740000,"date":"2025-03-03T18:06:30","date_gmt":"2025-03-03T17:06:30","guid":{"rendered":"https:\/\/stoic-curie.212-227-153-4.plesk.page\/producto\/dinghy-eurovinil-230-tender-sa-dnom-na-napuhavanje\/"},"modified":"2026-02-25T00:00:40","modified_gmt":"2026-02-25T00:00:40","slug":"dinghy-eurovinil-230-tender-sa-dnom-na-napuhavanje","status":"publish","type":"product","link":"https:\/\/stoic-curie.212-227-153-4.plesk.page\/hr\/product\/dinghy-eurovinil-230-tender-sa-dnom-na-napuhavanje\/","title":{"rendered":"Dinghy Eurovinil Inflatable Plus 230"},"content":{"rendered":"<p>Dinghy Eurovinil Inflatable Plus 230 &#8211; Predstavljamo na\u0161 gumenjak, izra\u0111en od visokotla\u010dnog 1100D platna s vru\u0107e zavarivanom PVC za\u0161titom. Ovaj model ima jedinstveni napuhavaju\u0107i V-kil izra\u0111en od DropStitch platna i Airmat dno, \u0161to osigurava izvrsnu krutost, otpornost na habanje i stabilnost tijekom plovidbe. Gumenjak je dizajniran s velikim cijevima i za\u0161titnom trakom koja odbija prskanje, \u0161to olak\u0161ava ispuhivanje i pohranu u ormari\u0107. Uz va\u0161u kupnju dolaze pumpa, komplet za popravak, vesla, klupa, u\u017ee za privez i torba za no\u0161enje. Ova napuhavaju\u0107a linija je Eurovinilov bestseler, \u0161to pokazuje njihovo opse\u017eno iskustvo u sektoru pneumatskih plovila. Ima napuhavaju\u0107i &#8220;V&#8221;-kil i poseban &#8220;airmat&#8221; dunnage napravljen s DropStitch platnom, pru\u017eaju\u0107i izuzetnu krutost i otpornost na probijanje i tro\u0161enje. Standardna klizna klupa omogu\u0107ava svakom korisniku da prona\u0111e svoju omiljenu poziciju, \u0161to olak\u0161ava ulazak u gumenjak u svakoj situaciji i s bilo kojim optere\u0107enjem na brodu. Pored toga, krilo koje sprje\u010dava prskanje sprje\u010dava ulazak vode u cijevne strukture, \u010dak i kada su potpuno optere\u0107ene. Ovaj gumenjak se mo\u017ee lako ispuhivati i pohranjivati u ormari\u0107u, stavljati naopako na pram\u010danom palubi ili krovu mosta ili ga u\u010dvrstiti na stra\u017enje davite. Njegov kompaktni dizajn omogu\u0107uje prakti\u010dno skladi\u0161tenje posvuda na brodu, pru\u017eaju\u0107i udobnosti gumenjaka bez \u017ertvovanja \u017eivotnog prostora. Asortiman uklju\u010duje \u0161est razli\u010ditih du\u017eina kako bi zadovoljio razli\u010dite potrebe. Eurovinil Inflatable Plus specifikacije: Model: PLUS 160, Ukupna du\u017eina (cm): 160, Ukupna \u0161irina (cm): 118, Unutarnja du\u017eina (cm): 98, Unutarnja \u0161irina (cm): 54, Visina pramca (cm): 54, Visina krme (cm): 32, Promjer cijevnih struktura (cm): 32, Broj osoba: 1, Broj prostorija: 4, Te\u017eina (kg): 14, Maksimalna snaga (HP): 2.5, Osovina: Kratka, Mjere kada je smotano (cm): 60 x 40 x 50. Pozivamo vas da istra\u017eite na\u0161u ponudu gumenjaka i do\u017eivite kvalitetu i udobnost koja se nudi za va\u0161e pomorske pustolovine.<\/p>\n","protected":false},"excerpt":{"rendered":"<p>Dinghy Eurovinil Inflatable Plus 230 &#8211; Predstavljamo na\u0161 gumenjak, izra\u0111en od visokotla\u010dnog 1100D platna s vru\u0107e zavarivanom PVC za\u0161titom. Ovaj<\/p>\n","protected":false},"featured_media":5937418,"comment_status":"open","ping_status":"closed","template":"","meta":[],"product_brand":[2926],"product_cat":[1833],"product_tag":[],"class_list":{"0":"post-740000","1":"product","2":"type-product","3":"status-publish","4":"has-post-thumbnail","6":"product_brand-eurovinil-hr","7":"product_cat-pomocni-camci","9":"first","10":"instock","11":"shipping-taxable","12":"purchasable","13":"product-type-simple"},"_links":{"self":[{"href":"https:\/\/stoic-curie.212-227-153-4.plesk.page\/hr\/wp-json\/wp\/v2\/product\/740000","targetHints":{"allow":["GET"]}}],"collection":[{"href":"https:\/\/stoic-curie.212-227-153-4.plesk.page\/hr\/wp-json\/wp\/v2\/product"}],"about":[{"href":"https:\/\/stoic-curie.212-227-153-4.plesk.page\/hr\/wp-json\/wp\/v2\/types\/product"}],"replies":[{"embeddable":true,"href":"https:\/\/stoic-curie.212-227-153-4.plesk.page\/hr\/wp-json\/wp\/v2\/comments?post=740000"}],"version-history":[{"count":0,"href":"https:\/\/stoic-curie.212-227-153-4.plesk.page\/hr\/wp-json\/wp\/v2\/product\/740000\/revisions"}],"wp:featuredmedia":[{"embeddable":true,"href":"https:\/\/stoic-curie.212-227-153-4.plesk.page\/hr\/wp-json\/wp\/v2\/media\/5937418"}],"wp:attachment":[{"href":"https:\/\/stoic-curie.212-227-153-4.plesk.page\/hr\/wp-json\/wp\/v2\/media?parent=740000"}],"wp:term":[{"taxonomy":"product_brand","embeddable":true,"href":"https:\/\/stoic-curie.212-227-153-4.plesk.page\/hr\/wp-json\/wp\/v2\/product_brand?post=740000"},{"taxonomy":"product_cat","embeddable":true,"href":"https:\/\/stoic-curie.212-227-153-4.plesk.page\/hr\/wp-json\/wp\/v2\/product_cat?post=740000"},{"taxonomy":"product_tag","embeddable":true,"href":"https:\/\/stoic-curie.212-227-153-4.plesk.page\/hr\/wp-json\/wp\/v2\/product_tag?post=740000"}],"curies":[{"name":"wp","href":"https:\/\/api.w.org\/{rel}","templated":true}]}}