{"id":740001,"date":"2025-03-03T18:06:30","date_gmt":"2025-03-03T17:06:30","guid":{"rendered":"https:\/\/stoic-curie.212-227-153-4.plesk.page\/producto\/dinghy-eurovinil-s-trupom-na-napuhavanje-260\/"},"modified":"2026-02-25T00:00:40","modified_gmt":"2026-02-25T00:00:40","slug":"dinghy-eurovinil-s-trupom-na-napuhavanje-260","status":"publish","type":"product","link":"https:\/\/stoic-curie.212-227-153-4.plesk.page\/hr\/product\/dinghy-eurovinil-s-trupom-na-napuhavanje-260\/","title":{"rendered":"Dinghy Eurovinil Inflatable Basic 260"},"content":{"rendered":"<p>Dinghy Eurovinil Inflatable Basic 260 &#8211; Uzbu\u0111eni smo \u0161to mo\u017eemo predstaviti na\u0161 kompaktni tender, koji je pomno izra\u0111en od visokokvalitetnog, izdr\u017eljivog 1100D PVC materijala. Ovaj model se isti\u010de svojom inovativnom napuhavanom kobilicom, obi\u010dno nazivamo &#8220;airmat.&#8221; Ovaj jedinstveni dizajn napravljen je od drop-stitch tkanine koja osigurava izuzetnu krutost i stabilnost dok se navigira kroz razne uvjete vode. Kombinacija ovih materijala osigurava pouzdan i \u010dvrst tender za sve va\u0161e plovidbene avanture.<\/p>\n<p>U kompletu s tenderom dolaze nekoliko klju\u010dnih stavki koje pobolj\u0161avaju va\u0161e iskustvo i osiguravaju da ste dobro spremljeni za va\u0161e izlete. Ove stavke uklju\u010duju pumpu za lako napuhavanje, set za popravak za nepredvi\u0111ene probleme, vesla za ru\u010dnu propulziju, kliznu klupu za udobnost, konop za vezivanje kako biste osigurali svoj tender, i prakti\u010dnu torbu koja mjeri 80 x 40 x 50 cm. Ovaj sveobuhvatan paket olak\u0161ava transport i postavljanje va\u0161eg tendera gdje god i\u0161li.<\/p>\n<p>Na\u0161a linija napuhanih \u010damaca se priznaje kao Eurovinilova bestseler, svjedo\u010danstvo o godinama stru\u010dnosti i posve\u0107enosti koje su ulo\u017eene u industriju napuhanih \u010damaca. Tender ima napuhanu &#8220;V&#8221; kobilicu zajedno sa posebnom &#8220;airmat,&#8221; koja ne samo da pru\u017ea iznimnu snagu ve\u0107 i izvrsnu otpornost na probijanje i tro\u0161enje, osiguravaju\u0107i dugovje\u010dnost i pouzdanost.<\/p>\n<p>Standardna klizna klupa je dizajnirana za prakti\u010dnost korisnika, omogu\u0107uju\u0107i pojedincima da lako prilagode svoju poziciju. Ova zna\u010dajka je posebno korisna prilikom ulaska u \u010damac u raznim situacijama ili kada se treba prilagoditi razli\u010ditim teretima. Osim toga, antispra\u0107ivi krak je dodatna prednost, jer u\u010dinkovito poma\u017ee u sprje\u010davanju ulaska vode u \u010damac, \u010dak i kada je potpuno optere\u0107en, dr\u017ee\u0107i vas i va\u0161e stvari suhim.<\/p>\n<p>Jedna od istaknutih karakteristika ovog tendera je njegova sposobnost brzog ispuhivanja i lakog skladi\u0161tenja. Mo\u017eete ga jednostavno smjestiti u ormar, postaviti ga naopako na pramcu ili na krov mosta, ili ga pri\u010dvrstiti na stra\u017enje dizalice. Njegov kompaktan dizajn zna\u010di da se mo\u017ee pohraniti prakti\u010dki bilo gdje na brodu, omogu\u0107uju\u0107i vam u\u017eivanje u mnogim prednostima tenera bez \u017ertvovanja dragocjenog \u017eivotnog prostora na va\u0161em \u010damcu. To ga \u010dini idealnim izborom za ljubitelje \u010damaca koji cijene i funkcionalnost i prakti\u010dnost.<\/p>\n","protected":false},"excerpt":{"rendered":"<p>Dinghy Eurovinil Inflatable Basic 260 &#8211; Uzbu\u0111eni smo \u0161to mo\u017eemo predstaviti na\u0161 kompaktni tender, koji je pomno izra\u0111en od visokokvalitetnog,<\/p>\n","protected":false},"featured_media":5937416,"comment_status":"open","ping_status":"closed","template":"","meta":[],"product_brand":[2926],"product_cat":[1833],"product_tag":[],"class_list":{"0":"post-740001","1":"product","2":"type-product","3":"status-publish","4":"has-post-thumbnail","6":"product_brand-eurovinil-hr","7":"product_cat-pomocni-camci","9":"first","10":"instock","11":"shipping-taxable","12":"purchasable","13":"product-type-simple"},"_links":{"self":[{"href":"https:\/\/stoic-curie.212-227-153-4.plesk.page\/hr\/wp-json\/wp\/v2\/product\/740001","targetHints":{"allow":["GET"]}}],"collection":[{"href":"https:\/\/stoic-curie.212-227-153-4.plesk.page\/hr\/wp-json\/wp\/v2\/product"}],"about":[{"href":"https:\/\/stoic-curie.212-227-153-4.plesk.page\/hr\/wp-json\/wp\/v2\/types\/product"}],"replies":[{"embeddable":true,"href":"https:\/\/stoic-curie.212-227-153-4.plesk.page\/hr\/wp-json\/wp\/v2\/comments?post=740001"}],"version-history":[{"count":0,"href":"https:\/\/stoic-curie.212-227-153-4.plesk.page\/hr\/wp-json\/wp\/v2\/product\/740001\/revisions"}],"wp:featuredmedia":[{"embeddable":true,"href":"https:\/\/stoic-curie.212-227-153-4.plesk.page\/hr\/wp-json\/wp\/v2\/media\/5937416"}],"wp:attachment":[{"href":"https:\/\/stoic-curie.212-227-153-4.plesk.page\/hr\/wp-json\/wp\/v2\/media?parent=740001"}],"wp:term":[{"taxonomy":"product_brand","embeddable":true,"href":"https:\/\/stoic-curie.212-227-153-4.plesk.page\/hr\/wp-json\/wp\/v2\/product_brand?post=740001"},{"taxonomy":"product_cat","embeddable":true,"href":"https:\/\/stoic-curie.212-227-153-4.plesk.page\/hr\/wp-json\/wp\/v2\/product_cat?post=740001"},{"taxonomy":"product_tag","embeddable":true,"href":"https:\/\/stoic-curie.212-227-153-4.plesk.page\/hr\/wp-json\/wp\/v2\/product_tag?post=740001"}],"curies":[{"name":"wp","href":"https:\/\/api.w.org\/{rel}","templated":true}]}}