{"id":740006,"date":"2025-03-03T18:06:31","date_gmt":"2025-03-03T17:06:31","guid":{"rendered":"https:\/\/stoic-curie.212-227-153-4.plesk.page\/producto\/anoda-fairline-2-320-x-65-x-h35-mm-220-kg\/"},"modified":"2026-02-25T00:00:40","modified_gmt":"2026-02-25T00:00:40","slug":"anoda-fairline-2-320-x-65-x-h35-mm-220-kg","status":"publish","type":"product","link":"https:\/\/stoic-curie.212-227-153-4.plesk.page\/hr\/product\/anoda-fairline-2-320-x-65-x-h35-mm-220-kg\/","title":{"rendered":"Anoda Fairline 2 320 x 65 x H35 mm 2,20 kg"},"content":{"rendered":"<p>Anoda Fairline 2 320 x 65 x H35 mm 2,20 kg &#8211; <\/p>\n<p>Anoda plo\u010dastog ku\u0107i\u0161ta. Zn = Cink Al = Aluminij<\/p>\n","protected":false},"excerpt":{"rendered":"<p>Anoda Fairline 2 320 x 65 x H35 mm 2,20 kg &#8211; Anoda plo\u010dastog ku\u0107i\u0161ta. Zn = Cink Al =<\/p>\n","protected":false},"featured_media":5937434,"comment_status":"open","ping_status":"closed","template":"","meta":[],"product_brand":[3476],"product_cat":[1635],"product_tag":[],"class_list":{"0":"post-740006","1":"product","2":"type-product","3":"status-publish","4":"has-post-thumbnail","6":"product_brand-tecnoseal-hr","7":"product_cat-anode-za-trup","9":"first","10":"instock","11":"shipping-taxable","12":"purchasable","13":"product-type-simple"},"_links":{"self":[{"href":"https:\/\/stoic-curie.212-227-153-4.plesk.page\/hr\/wp-json\/wp\/v2\/product\/740006","targetHints":{"allow":["GET"]}}],"collection":[{"href":"https:\/\/stoic-curie.212-227-153-4.plesk.page\/hr\/wp-json\/wp\/v2\/product"}],"about":[{"href":"https:\/\/stoic-curie.212-227-153-4.plesk.page\/hr\/wp-json\/wp\/v2\/types\/product"}],"replies":[{"embeddable":true,"href":"https:\/\/stoic-curie.212-227-153-4.plesk.page\/hr\/wp-json\/wp\/v2\/comments?post=740006"}],"version-history":[{"count":0,"href":"https:\/\/stoic-curie.212-227-153-4.plesk.page\/hr\/wp-json\/wp\/v2\/product\/740006\/revisions"}],"wp:featuredmedia":[{"embeddable":true,"href":"https:\/\/stoic-curie.212-227-153-4.plesk.page\/hr\/wp-json\/wp\/v2\/media\/5937434"}],"wp:attachment":[{"href":"https:\/\/stoic-curie.212-227-153-4.plesk.page\/hr\/wp-json\/wp\/v2\/media?parent=740006"}],"wp:term":[{"taxonomy":"product_brand","embeddable":true,"href":"https:\/\/stoic-curie.212-227-153-4.plesk.page\/hr\/wp-json\/wp\/v2\/product_brand?post=740006"},{"taxonomy":"product_cat","embeddable":true,"href":"https:\/\/stoic-curie.212-227-153-4.plesk.page\/hr\/wp-json\/wp\/v2\/product_cat?post=740006"},{"taxonomy":"product_tag","embeddable":true,"href":"https:\/\/stoic-curie.212-227-153-4.plesk.page\/hr\/wp-json\/wp\/v2\/product_tag?post=740006"}],"curies":[{"name":"wp","href":"https:\/\/api.w.org\/{rel}","templated":true}]}}