{"id":740008,"date":"2025-03-03T18:06:31","date_gmt":"2025-03-03T17:06:31","guid":{"rendered":"https:\/\/stoic-curie.212-227-153-4.plesk.page\/producto\/univerzalni-protuprovalni-sustav-za-vanbrodske-motore-s-bravom-40-x-40-x-300-mm\/"},"modified":"2026-02-25T00:00:40","modified_gmt":"2026-02-25T00:00:40","slug":"univerzalni-protuprovalni-sustav-za-vanbrodske-motore-s-bravom-40-x-40-x-300-mm","status":"publish","type":"product","link":"https:\/\/stoic-curie.212-227-153-4.plesk.page\/hr\/product\/univerzalni-protuprovalni-sustav-za-vanbrodske-motore-s-bravom-40-x-40-x-300-mm\/","title":{"rendered":"Univerzalni protuprovalni sustav za vanbrodske motore s bravom 40 x 40 x 300 mm"},"content":{"rendered":"<p>Univerzalni protuprovalni sustav za vanbrodske motore s bravom 40 x 40 x 300 mm &#8211; <\/p>\n<p>Za\u0161tita od kra\u0111e od nehr\u0111aju\u0107eg \u010delika s bravom na klju\u010d za vanbrodske motore.<\/p>\n","protected":false},"excerpt":{"rendered":"<p>Univerzalni protuprovalni sustav za vanbrodske motore s bravom 40 x 40 x 300 mm &#8211; Za\u0161tita od kra\u0111e od nehr\u0111aju\u0107eg<\/p>\n","protected":false},"featured_media":5937437,"comment_status":"open","ping_status":"closed","template":"","meta":[],"product_brand":[3491],"product_cat":[1827],"product_tag":[],"class_list":{"0":"post-740008","1":"product","2":"type-product","3":"status-publish","4":"has-post-thumbnail","6":"product_brand-trem-hr","7":"product_cat-dodatna-oprema-za-vanbrodske-motore","9":"first","10":"instock","11":"shipping-taxable","12":"purchasable","13":"product-type-simple"},"_links":{"self":[{"href":"https:\/\/stoic-curie.212-227-153-4.plesk.page\/hr\/wp-json\/wp\/v2\/product\/740008","targetHints":{"allow":["GET"]}}],"collection":[{"href":"https:\/\/stoic-curie.212-227-153-4.plesk.page\/hr\/wp-json\/wp\/v2\/product"}],"about":[{"href":"https:\/\/stoic-curie.212-227-153-4.plesk.page\/hr\/wp-json\/wp\/v2\/types\/product"}],"replies":[{"embeddable":true,"href":"https:\/\/stoic-curie.212-227-153-4.plesk.page\/hr\/wp-json\/wp\/v2\/comments?post=740008"}],"version-history":[{"count":0,"href":"https:\/\/stoic-curie.212-227-153-4.plesk.page\/hr\/wp-json\/wp\/v2\/product\/740008\/revisions"}],"wp:featuredmedia":[{"embeddable":true,"href":"https:\/\/stoic-curie.212-227-153-4.plesk.page\/hr\/wp-json\/wp\/v2\/media\/5937437"}],"wp:attachment":[{"href":"https:\/\/stoic-curie.212-227-153-4.plesk.page\/hr\/wp-json\/wp\/v2\/media?parent=740008"}],"wp:term":[{"taxonomy":"product_brand","embeddable":true,"href":"https:\/\/stoic-curie.212-227-153-4.plesk.page\/hr\/wp-json\/wp\/v2\/product_brand?post=740008"},{"taxonomy":"product_cat","embeddable":true,"href":"https:\/\/stoic-curie.212-227-153-4.plesk.page\/hr\/wp-json\/wp\/v2\/product_cat?post=740008"},{"taxonomy":"product_tag","embeddable":true,"href":"https:\/\/stoic-curie.212-227-153-4.plesk.page\/hr\/wp-json\/wp\/v2\/product_tag?post=740008"}],"curies":[{"name":"wp","href":"https:\/\/api.w.org\/{rel}","templated":true}]}}