{"id":740010,"date":"2025-03-03T18:06:32","date_gmt":"2025-03-03T17:06:32","guid":{"rendered":"https:\/\/stoic-curie.212-227-153-4.plesk.page\/producto\/vulcan-sidro-6kg\/"},"modified":"2026-02-25T00:00:40","modified_gmt":"2026-02-25T00:00:40","slug":"vulcan-sidro-6kg","status":"publish","type":"product","link":"https:\/\/stoic-curie.212-227-153-4.plesk.page\/hr\/product\/vulcan-sidro-6kg\/","title":{"rendered":"Vulcan sidro 6kg"},"content":{"rendered":"<p>Vulcan sidro 6kg &#8211; <\/p>\n<p style=\"color: rgb(34, 34, 34); font-family: Arial, Helvetica, sans-serif; font-size: small;\">Sa zadovoljstvom predstavljamo Vulcan 6 (6 kg) galvanizirani \u010deli\u010dni sidro, pomno dizajniran za kompatibilnost sa svim vrstama morskog dna i pogodnim za male i velike motorne brodove, kao i jahte. Ovo sidro se isti\u010de svojom geometrijom krila visoke otpornosti i sigurnim pristajanjem na svaki pramac, postignutim odsustvom roll-bar-a. Inovativna Roll-Palm tehnologija jam\u010di da sidro pada pod optimalnim kutom za u\u010dinkovito prodiranje, dok V-bulb dizajn poja\u010dava te\u017einu krila prema dolje, \u010dime se maksimizira okretna snaga i u\u010dinkovitost za pobolj\u0161anje snage dr\u017eanja.<\/p>\n<p style=\"color: rgb(34, 34, 34); font-family: Arial, Helvetica, sans-serif; font-size: small;\">SKU: VLC6GS<\/p>\n<p style=\"color: rgb(34, 34, 34); font-family: Arial, Helvetica, sans-serif; font-size: small;\">Vulcan\u00ae sidro pro\u0161iruje sigurnost i pouzdanost koja je sinonim za Rocna\u00ae na \u0161iri spektar brodara. Precizno je izra\u0111eno kako bi osiguralo kompatibilnost s raznim konfiguracijama pramca plovila. Pozivamo vas da odaberete Vulcan\u00ae za sigurno pristajanje na bilo kojem brodu, uklju\u010duju\u0107i one opremljene platformama i krmenicama, prilago\u0111avaju\u0107i se svemu, od malih brodica do velikih jahti i motornih brodova.<\/p>\n<p style=\"color: rgb(34, 34, 34); font-family: Arial, Helvetica, sans-serif; font-size: small;\">Klju\u010dne zna\u010dajke:<\/p>\n<ul style=\"color: rgb(34, 34, 34); font-family: Arial, Helvetica, sans-serif; font-size: small;\">\n<li>Jedinstvena geometrija dr\u0161ke i krila, u kombinaciji s inovativnom Roll-Palm\u2122, omogu\u0107uje sidru da se samostalno uspravi pri kontaktu s morskim dnom.<\/li>\n<li>V-bulb\u2122 dizajn produ\u017eava te\u017einu krila prema dolje, osiguravaju\u0107i maksimalnu okretnu snagu i u\u010dinkovitost.<\/li>\n<li>Ve\u0107a povr\u0161ina krila i pove\u0107ana te\u017eina na vrhu, u usporedbi s konkurentskim dizajnima, pru\u017eaju superiornu snagu dr\u017eanja i sigurnost.<\/li>\n<li>Odsustvo roll-bar-a, uz pa\u017eljivo dizajnirani profil dr\u0161ke, jam\u010di kompatibilnost s pram\u010danim valjcima.<\/li>\n<li>Ova sidra su dizajnirana da se automatski deponiraju iz ve\u0107ine pram\u010danih valjaka, olak\u0161avaju\u0107i kori\u0161tenje.<\/li>\n<li>Izra\u0111eno od visoko otpornog \u010delika s jedinstvenim I+V profilom\u2122 dr\u0161ke, ovo sidro nudi izuzetnu otpornost na savijanje.<\/li>\n<\/ul>\n<p style=\"color: rgb(34, 34, 34); font-family: Arial, Helvetica, sans-serif; font-size: small;\">Preporu\u010dujemo vam da odaberete Vulcan 6 za pouzdano rje\u0161enje za sidrenje koje ispunjava zahtjeve svih brodara.<\/p>\n","protected":false},"excerpt":{"rendered":"<p>Vulcan sidro 6kg &#8211; Sa zadovoljstvom predstavljamo Vulcan 6 (6 kg) galvanizirani \u010deli\u010dni sidro, pomno dizajniran za kompatibilnost sa svim<\/p>\n","protected":false},"featured_media":5937452,"comment_status":"open","ping_status":"closed","template":"","meta":[],"product_brand":[3531],"product_cat":[1872],"product_tag":[],"class_list":{"0":"post-740010","1":"product","2":"type-product","3":"status-publish","4":"has-post-thumbnail","6":"product_brand-vulcan-hr","7":"product_cat-sidra-rocna-i-vulkan","9":"first","10":"instock","11":"shipping-taxable","12":"purchasable","13":"product-type-simple"},"_links":{"self":[{"href":"https:\/\/stoic-curie.212-227-153-4.plesk.page\/hr\/wp-json\/wp\/v2\/product\/740010","targetHints":{"allow":["GET"]}}],"collection":[{"href":"https:\/\/stoic-curie.212-227-153-4.plesk.page\/hr\/wp-json\/wp\/v2\/product"}],"about":[{"href":"https:\/\/stoic-curie.212-227-153-4.plesk.page\/hr\/wp-json\/wp\/v2\/types\/product"}],"replies":[{"embeddable":true,"href":"https:\/\/stoic-curie.212-227-153-4.plesk.page\/hr\/wp-json\/wp\/v2\/comments?post=740010"}],"version-history":[{"count":0,"href":"https:\/\/stoic-curie.212-227-153-4.plesk.page\/hr\/wp-json\/wp\/v2\/product\/740010\/revisions"}],"wp:featuredmedia":[{"embeddable":true,"href":"https:\/\/stoic-curie.212-227-153-4.plesk.page\/hr\/wp-json\/wp\/v2\/media\/5937452"}],"wp:attachment":[{"href":"https:\/\/stoic-curie.212-227-153-4.plesk.page\/hr\/wp-json\/wp\/v2\/media?parent=740010"}],"wp:term":[{"taxonomy":"product_brand","embeddable":true,"href":"https:\/\/stoic-curie.212-227-153-4.plesk.page\/hr\/wp-json\/wp\/v2\/product_brand?post=740010"},{"taxonomy":"product_cat","embeddable":true,"href":"https:\/\/stoic-curie.212-227-153-4.plesk.page\/hr\/wp-json\/wp\/v2\/product_cat?post=740010"},{"taxonomy":"product_tag","embeddable":true,"href":"https:\/\/stoic-curie.212-227-153-4.plesk.page\/hr\/wp-json\/wp\/v2\/product_tag?post=740010"}],"curies":[{"name":"wp","href":"https:\/\/api.w.org\/{rel}","templated":true}]}}