{"id":740011,"date":"2025-03-03T18:06:32","date_gmt":"2025-03-03T17:06:32","guid":{"rendered":"https:\/\/stoic-curie.212-227-153-4.plesk.page\/producto\/vulcan-sidro-9kg\/"},"modified":"2026-02-25T00:00:40","modified_gmt":"2026-02-25T00:00:40","slug":"vulcan-sidro-9kg","status":"publish","type":"product","link":"https:\/\/stoic-curie.212-227-153-4.plesk.page\/hr\/product\/vulcan-sidro-9kg\/","title":{"rendered":"Vulcan sidro 9kg"},"content":{"rendered":"<p>Vulcan sidro 9kg &#8211; <\/p>\n<p style=\"color: rgb(34, 34, 34); font-family: Arial, Helvetica, sans-serif; font-size: small;\">Sa zadovoljstvom predstavljamo Vulcan 9 (20 lb) Galvanu \u010deli\u010dnu sidro, stru\u010dno izra\u0111eno za kori\u0161tenje na svim vrstama morskog dna, idealno za male i velike motorne brodove, kao i jahte. Ovo sidro dizajnirano je s geometrijom fluke visoke otpornosti i \u010dvrsto se uklapa u svaki pramac zahvaljuju\u0107i svom dizajnu bez rol-barova. Napredna Roll-Palm tehnologija jam\u010di da sidro pada pod pravim kutom za optimalno prodiranje, dok V-bulb dizajn u\u010dinkovito produ\u017eava te\u017einu fluke prema dolje, pobolj\u0161avaju\u0107i polugu i u\u010dinkovitost za pobolj\u0161anu snagu dr\u017eanja.<\/p>\n<p style=\"color: rgb(34, 34, 34); font-family: Arial, Helvetica, sans-serif; font-size: small;\">SKU: VLC9GS<\/p>\n<p style=\"color: rgb(34, 34, 34); font-family: Arial, Helvetica, sans-serif; font-size: small;\">Vulcan\u00ae sidro nudi sigurnost i pouzdanost Rocna\u00ae ve\u0107em broju nauti\u010dara. Pomno je dizajnirano kako bi osiguralo kompatibilnost s razli\u010ditim oblicima pramca plovila. Odaberite Vulcan\u00ae za besprijekornu prilagodbu na svakom brodu, uklju\u010duju\u0107i one opremljene platformama i spridovima, prilago\u0111avaju\u0107i se svemu, od malih brzih \u010damaca do ve\u0107ih jahti i motornih brodova.<\/p>\n<p style=\"color: rgb(34, 34, 34); font-family: Arial, Helvetica, sans-serif; font-size: small;\">Klju\u010dne zna\u010dajke:<\/p>\n<ul style=\"color: rgb(34, 34, 34); font-family: Arial, Helvetica, sans-serif; font-size: small;\">\n<li>Jedinstvena geometrija \u0161pinela i fluke, u kombinaciji s inovativnim Roll-Palm\u2122, omogu\u0107ava sidru da se samo uspravi na morskom dnu.<\/li>\n<li>V-bulb\u2122 dizajn produ\u017eava te\u017einu fluke prema dolje, maksimiziraju\u0107i polugu i u\u010dinkovitost.<\/li>\n<li>Ve\u0107a povr\u0161ina fluke i pove\u0107ana te\u017eina na vrhu u usporedbi s konkurentskim modelima osiguravaju superiornu snagu dr\u017eanja i sigurnost.<\/li>\n<li>Odsutnost rol-barova, zajedno s pa\u017eljivo dizajniranom profilom \u0161pinela, osigurava kompatibilnost s pram\u010danim valjcima.<\/li>\n<li>Ova sidra se automatski postavljaju s ve\u0107ine pram\u010danih valjaka, \u0161to ih \u010dini jednostavnim za kori\u0161tenje.<\/li>\n<li>Izra\u0111ena od \u010delika visoke \u010dvrsto\u0107e s jedinstvenim I+V profil\u2122 dizajnom \u0161pinela, pru\u017eaju\u0107i otpornost na savijanje.<\/li>\n<\/ul>\n<p style=\"color: rgb(34, 34, 34); font-family: Arial, Helvetica, sans-serif; font-size: small;\">Odaberite Vulcan 9 za pouzdano rje\u0161enje sidrenja koje ispunjava zahtjeve svih nauti\u010dara.<\/p>\n","protected":false},"excerpt":{"rendered":"<p>Vulcan sidro 9kg &#8211; Sa zadovoljstvom predstavljamo Vulcan 9 (20 lb) Galvanu \u010deli\u010dnu sidro, stru\u010dno izra\u0111eno za kori\u0161tenje na svim<\/p>\n","protected":false},"featured_media":5937452,"comment_status":"open","ping_status":"closed","template":"","meta":[],"product_brand":[3531],"product_cat":[1872],"product_tag":[],"class_list":{"0":"post-740011","1":"product","2":"type-product","3":"status-publish","4":"has-post-thumbnail","6":"product_brand-vulcan-hr","7":"product_cat-sidra-rocna-i-vulkan","9":"first","10":"instock","11":"shipping-taxable","12":"purchasable","13":"product-type-simple"},"_links":{"self":[{"href":"https:\/\/stoic-curie.212-227-153-4.plesk.page\/hr\/wp-json\/wp\/v2\/product\/740011","targetHints":{"allow":["GET"]}}],"collection":[{"href":"https:\/\/stoic-curie.212-227-153-4.plesk.page\/hr\/wp-json\/wp\/v2\/product"}],"about":[{"href":"https:\/\/stoic-curie.212-227-153-4.plesk.page\/hr\/wp-json\/wp\/v2\/types\/product"}],"replies":[{"embeddable":true,"href":"https:\/\/stoic-curie.212-227-153-4.plesk.page\/hr\/wp-json\/wp\/v2\/comments?post=740011"}],"version-history":[{"count":0,"href":"https:\/\/stoic-curie.212-227-153-4.plesk.page\/hr\/wp-json\/wp\/v2\/product\/740011\/revisions"}],"wp:featuredmedia":[{"embeddable":true,"href":"https:\/\/stoic-curie.212-227-153-4.plesk.page\/hr\/wp-json\/wp\/v2\/media\/5937452"}],"wp:attachment":[{"href":"https:\/\/stoic-curie.212-227-153-4.plesk.page\/hr\/wp-json\/wp\/v2\/media?parent=740011"}],"wp:term":[{"taxonomy":"product_brand","embeddable":true,"href":"https:\/\/stoic-curie.212-227-153-4.plesk.page\/hr\/wp-json\/wp\/v2\/product_brand?post=740011"},{"taxonomy":"product_cat","embeddable":true,"href":"https:\/\/stoic-curie.212-227-153-4.plesk.page\/hr\/wp-json\/wp\/v2\/product_cat?post=740011"},{"taxonomy":"product_tag","embeddable":true,"href":"https:\/\/stoic-curie.212-227-153-4.plesk.page\/hr\/wp-json\/wp\/v2\/product_tag?post=740011"}],"curies":[{"name":"wp","href":"https:\/\/api.w.org\/{rel}","templated":true}]}}