{"id":740012,"date":"2025-03-03T18:06:33","date_gmt":"2025-03-03T17:06:33","guid":{"rendered":"https:\/\/stoic-curie.212-227-153-4.plesk.page\/producto\/vulcan-sidro-12-kg\/"},"modified":"2026-02-25T00:00:40","modified_gmt":"2026-02-25T00:00:40","slug":"vulcan-sidro-12-kg","status":"publish","type":"product","link":"https:\/\/stoic-curie.212-227-153-4.plesk.page\/hr\/product\/vulcan-sidro-12-kg\/","title":{"rendered":"Vulcan sidro 12 kg"},"content":{"rendered":"<p>Vulcan sidro 12 kg &#8211; <\/p>\n<p>Predstavljamo Vulcan 12 (12 kg) sidro od pocin\u010danog \u010delika Quick Grasp, dizajnirano za sve tipove morskog dna i pogodno za mala i velika plovila, kao i jahte. Ovo sidro ima geometriju s visokim otporom i \u010dvrsto pristaje na svakom pramcu, zahvaljuju\u0107i odsutnosti rolice. Inovativna Roll-Palm tehnologija osigurava da sidro padne pod idealnim kutom za penetraciju, dok V-bulb produ\u017eava te\u017einu fluke prema dolje, maksimiziraju\u0107i polugu i efikasnost za pobolj\u0161anu snagu dr\u017eanja.<\/p>\n<p>SKU: VLC12GS<\/p>\n<p>Vulcan\u00ae sidro donosi sigurnost i pouzdanost Rocna\u00ae \u0161ireg spektra nauti\u010dara. Pa\u017eljivo je dizajnirano kako bi osiguralo kompatibilnost s razli\u010ditim konfiguracijama pramca plovila. Odaberite Vulcan\u00ae za sigurno pristajanje na bilo kojem plovilu, uklju\u010duju\u0107i ona s platformama i pram\u010danim grebenima, a prilago\u0111ava se plovilima od malih brza\u010da do velikih jahti i plovila.<\/p>\n<p>Klju\u010dne zna\u010dajke:<\/p>\n<ul>\n<li>Jedinstvena geometrija dr\u0161ke i fluke, zajedno s inovativnim Roll-Palm\u2122, omogu\u0107ava sidru da se samo ispravi na morskom dnu.<\/li>\n<li>V-bulb\u2122 dizajn produ\u017eava te\u017einu fluke prema dolje radi maksimalne poluge i efikasnosti.<\/li>\n<li>Ve\u0107a povr\u0161ina fluke i ve\u0107a te\u017eina na vrhu u usporedbi s konkurentskim dizajnom osiguravaju superiornu snagu dr\u017eanja i sigurnost.<\/li>\n<li>Odsutnost rolice, zajedno s pa\u017eljivo dizajniranim profilom dr\u0161ke, osigurava kompatibilnost s pram\u010danim valjcima.<\/li>\n<li>Ova sidra se automatski postavljaju s ve\u0107ine pram\u010danih valjaka, \u0161to ih \u010dini jednostavnim za kori\u0161tenje.<\/li>\n<li>Konstrukcija od visoko napetog \u010delika s jedinstvenim I+V profilom\u2122 dr\u0161ke, nudi otpornost na savijanje.<\/li>\n<\/ul>\n<p>Odaberite Vulcan 12 za pouzdano sidrenje koje zadovoljava potrebe svih nauti\u010dara.<\/p>\n","protected":false},"excerpt":{"rendered":"<p>Vulcan sidro 12 kg &#8211; Predstavljamo Vulcan 12 (12 kg) sidro od pocin\u010danog \u010delika Quick Grasp, dizajnirano za sve tipove<\/p>\n","protected":false},"featured_media":5937452,"comment_status":"open","ping_status":"closed","template":"","meta":[],"product_brand":[3531],"product_cat":[1872],"product_tag":[],"class_list":{"0":"post-740012","1":"product","2":"type-product","3":"status-publish","4":"has-post-thumbnail","6":"product_brand-vulcan-hr","7":"product_cat-sidra-rocna-i-vulkan","9":"first","10":"instock","11":"shipping-taxable","12":"purchasable","13":"product-type-simple"},"_links":{"self":[{"href":"https:\/\/stoic-curie.212-227-153-4.plesk.page\/hr\/wp-json\/wp\/v2\/product\/740012","targetHints":{"allow":["GET"]}}],"collection":[{"href":"https:\/\/stoic-curie.212-227-153-4.plesk.page\/hr\/wp-json\/wp\/v2\/product"}],"about":[{"href":"https:\/\/stoic-curie.212-227-153-4.plesk.page\/hr\/wp-json\/wp\/v2\/types\/product"}],"replies":[{"embeddable":true,"href":"https:\/\/stoic-curie.212-227-153-4.plesk.page\/hr\/wp-json\/wp\/v2\/comments?post=740012"}],"version-history":[{"count":0,"href":"https:\/\/stoic-curie.212-227-153-4.plesk.page\/hr\/wp-json\/wp\/v2\/product\/740012\/revisions"}],"wp:featuredmedia":[{"embeddable":true,"href":"https:\/\/stoic-curie.212-227-153-4.plesk.page\/hr\/wp-json\/wp\/v2\/media\/5937452"}],"wp:attachment":[{"href":"https:\/\/stoic-curie.212-227-153-4.plesk.page\/hr\/wp-json\/wp\/v2\/media?parent=740012"}],"wp:term":[{"taxonomy":"product_brand","embeddable":true,"href":"https:\/\/stoic-curie.212-227-153-4.plesk.page\/hr\/wp-json\/wp\/v2\/product_brand?post=740012"},{"taxonomy":"product_cat","embeddable":true,"href":"https:\/\/stoic-curie.212-227-153-4.plesk.page\/hr\/wp-json\/wp\/v2\/product_cat?post=740012"},{"taxonomy":"product_tag","embeddable":true,"href":"https:\/\/stoic-curie.212-227-153-4.plesk.page\/hr\/wp-json\/wp\/v2\/product_tag?post=740012"}],"curies":[{"name":"wp","href":"https:\/\/api.w.org\/{rel}","templated":true}]}}