{"id":740013,"date":"2025-03-03T18:06:33","date_gmt":"2025-03-03T17:06:33","guid":{"rendered":"https:\/\/stoic-curie.212-227-153-4.plesk.page\/producto\/vulcan-sidro-15-kg\/"},"modified":"2026-02-25T00:00:40","modified_gmt":"2026-02-25T00:00:40","slug":"vulcan-sidro-15-kg","status":"publish","type":"product","link":"https:\/\/stoic-curie.212-227-153-4.plesk.page\/hr\/product\/vulcan-sidro-15-kg\/","title":{"rendered":"Vulcan sidro 15 kg"},"content":{"rendered":"<p>Vulcan sidro 15 kg &#8211; <\/p>\n<p>Originalni Rocna postavio je novu normu za suvremenu snagu dr\u017ee\u0107ih sidara. Galvanizirano \u010deli\u010dno Vulcan sidro dizajnirano je za sve tipove morskog dna i prikladno je za male i velike motorne brodove, kao i jahte. Njegova geometrija no\u017ea visokog otpora i dr\u0161ke osiguravaju \u010dvrsto prianjanje na bilo kojem pramcu, zahvaljuju\u0107i izostanku rolnog bara. Inovativna zna\u010dajka Roll-Palm omogu\u0107uje sidru da se spu\u0161ta pod idealnim kutom za penetraciju, dok V-bulb produljuje balast no\u017ea prema dolje, maksimiziraju\u0107i polugu i u\u010dinkovitost za ve\u0107u snagu dr\u017eanja.<\/p>\n<p>Vulcan uklju\u010duje najbolje dizajnerske elemente za stvaranje superiornog sidra.<\/p>\n<p>Njegov dizajn je kompatibilan s pram\u010danim valjcima i pram\u010danim postavkama, \u010dine\u0107i ga univerzalno privla\u010dnim.<\/p>\n<p>Osnovne zna\u010dajke istaknute na slikama obja\u0161njene su detaljnije u nastavku:<\/p>\n<p>Vulcan se mo\u017ee pohvaliti jedinstvenom kombinacijom geometrije dr\u0161ke i no\u017ea, uklju\u010duju\u0107i inovativni Roll-Palm\u2122 (A) na stra\u017enjem dijelu no\u017ea. Ova Roll-Palm i V-bulb\u2122 (B) pobolj\u0161avaju sposobnost samoprovo\u0111enja. V-bulb tako\u0111er produljuje balast no\u017ea prema dolje, osiguravaju\u0107i maksimalnu polugu i u\u010dinkovitost.<\/p>\n<p>Konveksni no\u017e (C) sli\u010dan je dizajnu Rocna, \u0161to se prevodi u pove\u0107anu snagu dr\u017eanja i sigurnost.<\/p>\n<p>Ometanjem rolnog bara i pa\u017eljivim dizajnom profila dr\u0161ke (D), Vulcan osigurava \u010dvrsto prianjanje na \u0161irokom rasponu plovila. Bez pote\u0161ko\u0107a prolazi preko platformi, pram\u010danih ispru\u017eaka, produ\u017eenja, napetosti i drugih izbo\u010dina.<\/p>\n<p>Oblik dr\u0161ke Vulcan (D) poti\u010de samo-lansiranje i samo-spremanje prilikom povla\u010denja na ve\u0107ini pram\u010danih valjaka, omogu\u0107uju\u0107i glatku operaciju i jednostavnost kori\u0161tenja za sve korisnike.<\/p>\n<p>Osim kori\u0161tenja \u010delika visoke \u010dvrsto\u0107e, \u010dvrsto\u0107a dr\u0161ke pobolj\u0161ana je jedinstvenim I+V profilom\u2122 dizajnom (E), koji pobolj\u0161ava otpornost na savijanje kroz ra\u010dunalno optimiziranu geometriju I-greda. Ova elegantna inovacija tako\u0111er pobolj\u0161ava performanse postavljanja, jer donji V rub (F) re\u017ee u morsko dno, minimiziraju\u0107i otpornost za duboko i sigurno zakopavanje.<\/p>\n<p>Kao i Rocna, svako Vulcan sidro dolazi s do\u017eivotnom garancijom protiv pucanja, savijanja i proizvodnih mana.<\/p>\n","protected":false},"excerpt":{"rendered":"<p>Vulcan sidro 15 kg &#8211; Originalni Rocna postavio je novu normu za suvremenu snagu dr\u017ee\u0107ih sidara. Galvanizirano \u010deli\u010dno Vulcan sidro<\/p>\n","protected":false},"featured_media":5937452,"comment_status":"open","ping_status":"closed","template":"","meta":[],"product_brand":[3531],"product_cat":[1872],"product_tag":[],"class_list":{"0":"post-740013","1":"product","2":"type-product","3":"status-publish","4":"has-post-thumbnail","6":"product_brand-vulcan-hr","7":"product_cat-sidra-rocna-i-vulkan","9":"first","10":"instock","11":"shipping-taxable","12":"purchasable","13":"product-type-simple"},"_links":{"self":[{"href":"https:\/\/stoic-curie.212-227-153-4.plesk.page\/hr\/wp-json\/wp\/v2\/product\/740013","targetHints":{"allow":["GET"]}}],"collection":[{"href":"https:\/\/stoic-curie.212-227-153-4.plesk.page\/hr\/wp-json\/wp\/v2\/product"}],"about":[{"href":"https:\/\/stoic-curie.212-227-153-4.plesk.page\/hr\/wp-json\/wp\/v2\/types\/product"}],"replies":[{"embeddable":true,"href":"https:\/\/stoic-curie.212-227-153-4.plesk.page\/hr\/wp-json\/wp\/v2\/comments?post=740013"}],"version-history":[{"count":0,"href":"https:\/\/stoic-curie.212-227-153-4.plesk.page\/hr\/wp-json\/wp\/v2\/product\/740013\/revisions"}],"wp:featuredmedia":[{"embeddable":true,"href":"https:\/\/stoic-curie.212-227-153-4.plesk.page\/hr\/wp-json\/wp\/v2\/media\/5937452"}],"wp:attachment":[{"href":"https:\/\/stoic-curie.212-227-153-4.plesk.page\/hr\/wp-json\/wp\/v2\/media?parent=740013"}],"wp:term":[{"taxonomy":"product_brand","embeddable":true,"href":"https:\/\/stoic-curie.212-227-153-4.plesk.page\/hr\/wp-json\/wp\/v2\/product_brand?post=740013"},{"taxonomy":"product_cat","embeddable":true,"href":"https:\/\/stoic-curie.212-227-153-4.plesk.page\/hr\/wp-json\/wp\/v2\/product_cat?post=740013"},{"taxonomy":"product_tag","embeddable":true,"href":"https:\/\/stoic-curie.212-227-153-4.plesk.page\/hr\/wp-json\/wp\/v2\/product_tag?post=740013"}],"curies":[{"name":"wp","href":"https:\/\/api.w.org\/{rel}","templated":true}]}}