{"id":740014,"date":"2025-03-03T18:06:33","date_gmt":"2025-03-03T17:06:33","guid":{"rendered":"https:\/\/stoic-curie.212-227-153-4.plesk.page\/producto\/vulcan-sidro-20-kg\/"},"modified":"2026-02-25T00:00:40","modified_gmt":"2026-02-25T00:00:40","slug":"vulcan-sidro-20-kg","status":"publish","type":"product","link":"https:\/\/stoic-curie.212-227-153-4.plesk.page\/hr\/product\/vulcan-sidro-20-kg\/","title":{"rendered":"Vulcan sidro 20 kg"},"content":{"rendered":"<p>Vulcan sidro 20 kg &#8211; <\/p>\n<p style=\"color: rgb(34, 34, 34); font-family: Arial, Helvetica, sans-serif; font-size: small;\">Vulkan 20 (20 kg) Galvanzana Sidra. Ova sidra od galvanzanog \u010delika dizajnirana je za sve vrste morskih dna i pogodna je za male i velike motorske brodove, kao i jahte. Njegova geometrija fluke i \u0161anka visoke otpornosti osigurava \u010dvrsto pristajanje na svakom pramcu, zahvaljuju\u0107i odsutnosti rola. Inovativna zna\u010dajka Roll-Palm osigurava da sidra padne pod idealnim kutom za penetraciju, dok V-bulb dizajn produ\u017eava balast fluke prema dolje, maksimiziraju\u0107i leverage i u\u010dinkovitost za ve\u0107u snagu zadr\u017eavanja.<\/p>\n<p style=\"color: rgb(34, 34, 34); font-family: Arial, Helvetica, sans-serif; font-size: small;\">Vulkan\u00ae sidra kombinira sigurnost i pouzdanost Rocna\u00ae s dizajnom koji odgovara \u0161iroj paleti brodica.<\/p>\n<p style=\"color: rgb(34, 34, 34); font-family: Arial, Helvetica, sans-serif; font-size: small;\">Pa\u017eljivo je izra\u0111ena kako bi se uklopila u razli\u010dite konfiguracije pramca plovila. Odaberite Vulkan\u00ae za sigurno pristajanje na bilo kojem brodu, uklju\u010duju\u0107i one s platformama i pram\u010danim spritovima, \u010dine\u0107i ga pogodnim za sve, od malih \u010damaca do velikih jahti i motornih brodova.<\/p>\n<p style=\"color: rgb(34, 34, 34); font-family: Arial, Helvetica, sans-serif; font-size: small;\">Jedinstveni oblik \u0161anka i fluke, zajedno s inovativnim Roll-Palm\u2122, omogu\u0107ava sidri da se samo ispravi na morskom dnu. V-bulb\u2122 dizajn pobolj\u0161ava leverage i u\u010dinkovitost produ\u017eavaju\u0107i balast fluke prema dolje.<\/p>\n<p style=\"color: rgb(34, 34, 34); font-family: Arial, Helvetica, sans-serif; font-size: small;\">S ve\u0107om povr\u0161inom fluke i vi\u0161e te\u017eine na vrhu u usporedbi s konkurentskim dizajnima, Vulkan\u00ae nudi superiornu snagu zadr\u017eavanja i sigurnost. Odsutnost rola, u kombinaciji s pa\u017eljivo dizajniranim profilom \u0161anka, osigurava kompatibilnost s pram\u010danim valjcima.<\/p>\n<p style=\"color: rgb(34, 34, 34); font-family: Arial, Helvetica, sans-serif; font-size: small;\">Ove sidre se automatski ispu\u0161taju iz ve\u0107ine pram\u010danih valjaka, \u010dine\u0107i ih jednostavnim za kori\u0161tenje. Izra\u0111ene od \u010delika visoke \u010dvrsto\u0107e, jedinstveni I+V profil\u2122 dizajn \u0161anka osigurava izvrsnu otpornost na savijanje.<\/p>\n","protected":false},"excerpt":{"rendered":"<p>Vulcan sidro 20 kg &#8211; Vulkan 20 (20 kg) Galvanzana Sidra. Ova sidra od galvanzanog \u010delika dizajnirana je za sve<\/p>\n","protected":false},"featured_media":5937452,"comment_status":"open","ping_status":"closed","template":"","meta":[],"product_brand":[3531],"product_cat":[1872],"product_tag":[],"class_list":{"0":"post-740014","1":"product","2":"type-product","3":"status-publish","4":"has-post-thumbnail","6":"product_brand-vulcan-hr","7":"product_cat-sidra-rocna-i-vulkan","9":"first","10":"instock","11":"shipping-taxable","12":"purchasable","13":"product-type-simple"},"_links":{"self":[{"href":"https:\/\/stoic-curie.212-227-153-4.plesk.page\/hr\/wp-json\/wp\/v2\/product\/740014","targetHints":{"allow":["GET"]}}],"collection":[{"href":"https:\/\/stoic-curie.212-227-153-4.plesk.page\/hr\/wp-json\/wp\/v2\/product"}],"about":[{"href":"https:\/\/stoic-curie.212-227-153-4.plesk.page\/hr\/wp-json\/wp\/v2\/types\/product"}],"replies":[{"embeddable":true,"href":"https:\/\/stoic-curie.212-227-153-4.plesk.page\/hr\/wp-json\/wp\/v2\/comments?post=740014"}],"version-history":[{"count":0,"href":"https:\/\/stoic-curie.212-227-153-4.plesk.page\/hr\/wp-json\/wp\/v2\/product\/740014\/revisions"}],"wp:featuredmedia":[{"embeddable":true,"href":"https:\/\/stoic-curie.212-227-153-4.plesk.page\/hr\/wp-json\/wp\/v2\/media\/5937452"}],"wp:attachment":[{"href":"https:\/\/stoic-curie.212-227-153-4.plesk.page\/hr\/wp-json\/wp\/v2\/media?parent=740014"}],"wp:term":[{"taxonomy":"product_brand","embeddable":true,"href":"https:\/\/stoic-curie.212-227-153-4.plesk.page\/hr\/wp-json\/wp\/v2\/product_brand?post=740014"},{"taxonomy":"product_cat","embeddable":true,"href":"https:\/\/stoic-curie.212-227-153-4.plesk.page\/hr\/wp-json\/wp\/v2\/product_cat?post=740014"},{"taxonomy":"product_tag","embeddable":true,"href":"https:\/\/stoic-curie.212-227-153-4.plesk.page\/hr\/wp-json\/wp\/v2\/product_tag?post=740014"}],"curies":[{"name":"wp","href":"https:\/\/api.w.org\/{rel}","templated":true}]}}