{"id":740015,"date":"2025-03-03T18:06:33","date_gmt":"2025-03-03T17:06:33","guid":{"rendered":"https:\/\/stoic-curie.212-227-153-4.plesk.page\/producto\/vulcan-sidro-25-kg\/"},"modified":"2026-02-25T00:00:40","modified_gmt":"2026-02-25T00:00:40","slug":"vulcan-sidro-25-kg","status":"publish","type":"product","link":"https:\/\/stoic-curie.212-227-153-4.plesk.page\/hr\/product\/vulcan-sidro-25-kg\/","title":{"rendered":"Vulcan sidro 25 kg"},"content":{"rendered":"<p>Vulcan sidro 25 kg &#8211; <\/p>\n<p><strong>Vulcan 25 (55 lb) Galvanizirani Sidro<\/strong> <\/p>\n<p>Vulcan\u00ae sidro je stru\u010dno dizajnirano da odgovara \u0161irokom rasponu konfiguracija pram\u010dane strane plovila. Osigurava sigurnu prilagodbu za bilo koju plovidbu, od malih brzaca do velikih jahti i motornih brodova, uklju\u010duju\u0107i i one s platformama i proma\u0161ajima.<\/p>\n<p>Ovo sidro ima jedinstveni oblik dr\u0161ke i fluke, zajedno s inovativnim roll-palm\u2122, koji mu poma\u017ee da se samostalno ispravi na morskom dnu. V-bulb\u2122 produ\u017eava fluke balast prema dolje, maksimiziraju\u0107i polugu i u\u010dinkovitost. S ve\u0107om povr\u0161inom fluke i ve\u0107om te\u017einom na vrh u usporedbi s drugim dizajnima, Vulcan nudi superiornu snagu dr\u017eanja i sigurnost. Odsutnost valjak, zajedno s pa\u017eljivo oblikovanim profilom dr\u0161ke, osigurava kompatibilnost s pram\u010danim valjcima. Ovo sidro se lako automatski pokre\u0107e iz ve\u0107ine pram\u010danih valjaka, \u010dine\u0107i ga jednostavnim za kori\u0161tenje. Izra\u0111eno od \u010delika velike \u010dvrsto\u0107e, jedinstveni I+V profil\u2122 dizajn dr\u0161ke pobolj\u0161ava otpornost na savijanje.<\/p>\n<p>Vulcan je razvijen iz Rocna sidra, koje je dizajnirao Peter Smith. Njegov nedostatak valjka pobolj\u0161ava skladi\u0161tenje na vrhu stablji, a galvaniziran je radi dodatne izdr\u017eljivosti. Originalni Rocna postavio je standard za suvremenu mo\u0107 dr\u017eanja sidara, a Vulcan fino pode\u0161ava te elemente dizajna kako bi stvorio jo\u0161 bolje sidro. Njegov dizajn je kompatibilan s pram\u010danom valjcima i stablima, \u0161to mu daje univerzalnu privla\u010dnost.<\/p>\n<p>Novitete Vulcana su detaljni u nastavku:<\/p>\n<ul>\n<li>Jedinstvena geometrija dr\u0161ke i fluke Vulcan uklju\u010duje inovativni roll-palm\u2122 (A) na stra\u017enjem dijelu fluke, pobolj\u0161avaju\u0107i sposobnosti samoo\u010duvanja. V-bulb\u2122 (B) tako\u0111er produ\u017eava fluke balast prema dolje radi maksimalne poluge i u\u010dinkovitosti.<\/li>\n<li>Konveksna fluka (C), sli\u010dna Rocna, daje pove\u0107anu snagu dr\u017eanja i sigurnost.<\/li>\n<li>Odsutnost valjka, uz pa\u017eljivo dizajniran profil dr\u0161ke (D), osigurava \u010dvrsto prianjanje na \u0161irokom spektru plovila. Lako pre\u0111ite platforme, spigot, produljenja, ostale izbo\u010denja bez gnjava\u017ee.<\/li>\n<li>Oblik dr\u0161ke Vulcana (D) poti\u010de samostalno pokretanje i samostavljanje prilikom povratka na ve\u0107inu pram\u010danih valjaka, omogu\u0107uju\u0107i glatko djelovanje i jednostavnost kori\u0161tenja za sve brodare.<\/li>\n<li>Osim \u010delika velike \u010dvrsto\u0107e, snaga profila pobolj\u0161ana je posebnim I+V profil\u2122 dizajnom (E), koji pobolj\u0161ava otpornost na savijanje putem ra\u010dunalom optimizirane I-beamske geometrije. Ovaj elegantan dizajn tako\u0111er pobolj\u0161ava postavljanje, s donjim V rubom (F) koji re\u017ee u morsko dno za duboko i sigurno sprovod.<\/li>\n<\/ul>\n<p>Kao \u0161to je i Rocna, svako Vulcan sidro dolazi s do\u017eivotnom garancijom protiv lomljenja, savijanja i proizvodnih gre\u0161aka.<\/p>\n","protected":false},"excerpt":{"rendered":"<p>Vulcan sidro 25 kg &#8211; Vulcan 25 (55 lb) Galvanizirani Sidro Vulcan\u00ae sidro je stru\u010dno dizajnirano da odgovara \u0161irokom rasponu<\/p>\n","protected":false},"featured_media":5937452,"comment_status":"open","ping_status":"closed","template":"","meta":[],"product_brand":[3531],"product_cat":[1872],"product_tag":[],"class_list":{"0":"post-740015","1":"product","2":"type-product","3":"status-publish","4":"has-post-thumbnail","6":"product_brand-vulcan-hr","7":"product_cat-sidra-rocna-i-vulkan","9":"first","10":"instock","11":"shipping-taxable","12":"purchasable","13":"product-type-simple"},"_links":{"self":[{"href":"https:\/\/stoic-curie.212-227-153-4.plesk.page\/hr\/wp-json\/wp\/v2\/product\/740015","targetHints":{"allow":["GET"]}}],"collection":[{"href":"https:\/\/stoic-curie.212-227-153-4.plesk.page\/hr\/wp-json\/wp\/v2\/product"}],"about":[{"href":"https:\/\/stoic-curie.212-227-153-4.plesk.page\/hr\/wp-json\/wp\/v2\/types\/product"}],"replies":[{"embeddable":true,"href":"https:\/\/stoic-curie.212-227-153-4.plesk.page\/hr\/wp-json\/wp\/v2\/comments?post=740015"}],"version-history":[{"count":0,"href":"https:\/\/stoic-curie.212-227-153-4.plesk.page\/hr\/wp-json\/wp\/v2\/product\/740015\/revisions"}],"wp:featuredmedia":[{"embeddable":true,"href":"https:\/\/stoic-curie.212-227-153-4.plesk.page\/hr\/wp-json\/wp\/v2\/media\/5937452"}],"wp:attachment":[{"href":"https:\/\/stoic-curie.212-227-153-4.plesk.page\/hr\/wp-json\/wp\/v2\/media?parent=740015"}],"wp:term":[{"taxonomy":"product_brand","embeddable":true,"href":"https:\/\/stoic-curie.212-227-153-4.plesk.page\/hr\/wp-json\/wp\/v2\/product_brand?post=740015"},{"taxonomy":"product_cat","embeddable":true,"href":"https:\/\/stoic-curie.212-227-153-4.plesk.page\/hr\/wp-json\/wp\/v2\/product_cat?post=740015"},{"taxonomy":"product_tag","embeddable":true,"href":"https:\/\/stoic-curie.212-227-153-4.plesk.page\/hr\/wp-json\/wp\/v2\/product_tag?post=740015"}],"curies":[{"name":"wp","href":"https:\/\/api.w.org\/{rel}","templated":true}]}}