{"id":740016,"date":"2025-03-03T18:06:34","date_gmt":"2025-03-03T17:06:34","guid":{"rendered":"https:\/\/stoic-curie.212-227-153-4.plesk.page\/producto\/vulcan-sidro-33-kg\/"},"modified":"2026-02-25T00:00:40","modified_gmt":"2026-02-25T00:00:40","slug":"vulcan-sidro-33-kg","status":"publish","type":"product","link":"https:\/\/stoic-curie.212-227-153-4.plesk.page\/hr\/product\/vulcan-sidro-33-kg\/","title":{"rendered":"Vulcan sidro 33 kg"},"content":{"rendered":"<p>Vulcan sidro 33 kg &#8211; <\/p>\n<p style=\"color: rgb(34, 34, 34); font-family: Arial, Helvetica, sans-serif; font-size: small;\">Vulcan sidro, koje se temelji na dizajnu brze prihva\u0107anja od pocin\u010danog \u010delika Rocna, sposobno je prilagoditi se raznim uvjetima morskog dna i posebno je prikladno za male i velike motorne \u010damce, kao i jahte. Njegova visoko otporna fluke geometrija i osovina garantiraju sigurno pristajanje na svaki pramac, zahvaljuju\u0107i izostanku rol-bar. Inovativna zna\u010dajka Roll-Palm omogu\u0107ava sidru da se smjesti pod najpovoljnijim kutom za optimalnu penetraciju, dok V-bulb produ\u017eava fluke balast prema dolje, pobolj\u0161avaju\u0107i polugu i u\u010dinkovitost, \u0161to rezultira izvanrednom snagom zadr\u017eavanja.<\/p>\n<p style=\"color: rgb(34, 34, 34); font-family: Arial, Helvetica, sans-serif; font-size: small;\">Kreiran od strane Petera Smitha, Vulcan sidro nudi brojne prednosti:<\/p>\n<ul style=\"color: rgb(34, 34, 34); font-family: Arial, Helvetica, sans-serif; font-size: small;\">\n<li><strong>Odsustvo rol-bar<\/strong>: Ova zna\u010dajka dizajna olak\u0161ava skladi\u0161tenje na pramcu.<\/li>\n<li><strong>Pocin\u010dana obloga<\/strong>: To osigurava dugovje\u010dnost i otpor prema koroziji.<\/li>\n<li><strong>Preuzimanja punih uzoraka za monta\u017eu<\/strong>: Ti su lako dostupni za prakti\u010dnu referencu.<\/li>\n<li><strong>Originalni Rocna standard<\/strong>: Vulcan se oslanja na ugled Rocne za izvanrednu snagu zadr\u017eavanja.<\/li>\n<\/ul>\n<p style=\"color: rgb(34, 34, 34); font-family: Arial, Helvetica, sans-serif; font-size: small;\">Vulcan rafinira naju\u010dinkovitije dizajnerske elemente za proizvodnju superiornog sidra. Njegov dizajn kompatibilan je s pram\u010danim kota\u010dima i poklopcima, \u0161to ga \u010dini univerzalno privla\u010dnim.<\/p>\n<p style=\"color: rgb(34, 34, 34); font-family: Arial, Helvetica, sans-serif; font-size: small;\">Sljede\u0107e zna\u010dajke, prikazane na prilo\u017eenim slikama, detaljno su obja\u0161njene:<\/p>\n<ol style=\"color: rgb(34, 34, 34); font-family: Arial, Helvetica, sans-serif; font-size: small;\">\n<li><strong>Specifi\u010dna geometrija \u0161ipke i fluke<\/strong>: Vulcan ima inovativnu Roll-Palm\u2122 (A) na stra\u017enjoj strani fluke, koja u kombinaciji s V-bulbom\u2122 (B) pobolj\u0161ava sposobnost samoravnote\u017eenja. V-bulb tako\u0111er produ\u017eava fluke balast prema dolje, maksimiziraju\u0107i polugu i u\u010dinkovitost.<\/li>\n<li><strong>Konkavni dizajn fluke (C)<\/strong>: Ovaj dizajn, sli\u010dan Rocni, doprinosi pove\u0107anju snage zadr\u017eavanja i sigurnosti.<\/li>\n<li><strong>Optimiziran profil \u0161ipke (D)<\/strong>: Izostanak rol-bar, u kombinaciji s pa\u017eljivo dizajniranim \u0161ipkom, osigurava \u010dvrsto prianjanje na \u0161irokom rasponu plovila. Bez problema se uklanja platforme, prednji dio, prodava\u010di, \u0161picevi i druge izbo\u010dine.<\/li>\n<li><strong>Samopokretni i samoskladi\u0161teni (D)<\/strong>: Oblik \u0161ipke poti\u010de glatku samopokretanje i skladi\u0161tenje prilikom povla\u010denja na ve\u0107ini pram\u010danih kota\u010da, osiguravaju\u0107i jednostavnost kori\u0161tenja za sve operatere.<\/li>\n<li><strong>\u010celik visoke \u010dvrsto\u0107e i I+V profil\u2122 dizajn (E)<\/strong>: \u010cvrsto\u0107a \u0161ipke pobolj\u0161ana je jedinstvenim I+V profil dizajnom, koji optimizira otpornost na savijanje kroz ra\u010dunalom optimiziranu I-grednu geometriju. Ova elegantna inovacija tako\u0111er pobolj\u0161ava performanse postavljanja, s donjim V-ivicom (F) koja prodire u morsko dno za duboko i sigurno zakopavanje.<\/li>\n<\/ol>\n<p style=\"color: rgb(34, 34, 34); font-family: Arial, Helvetica, sans-serif; font-size: small;\">Sli\u010dno kao Rocna, svako Vulcan sidro je podr\u017eano do\u017eivotnom garancijom protiv lomljenja, savijanja i proizvodnih gre\u0161aka, \u0161to pru\u017ea sigurnost vlasnicima \u010damaca.<\/p>\n","protected":false},"excerpt":{"rendered":"<p>Vulcan sidro 33 kg &#8211; Vulcan sidro, koje se temelji na dizajnu brze prihva\u0107anja od pocin\u010danog \u010delika Rocna, sposobno je<\/p>\n","protected":false},"featured_media":5937452,"comment_status":"open","ping_status":"closed","template":"","meta":[],"product_brand":[3531],"product_cat":[1872],"product_tag":[],"class_list":{"0":"post-740016","1":"product","2":"type-product","3":"status-publish","4":"has-post-thumbnail","6":"product_brand-vulcan-hr","7":"product_cat-sidra-rocna-i-vulkan","9":"first","10":"instock","11":"shipping-taxable","12":"purchasable","13":"product-type-simple"},"_links":{"self":[{"href":"https:\/\/stoic-curie.212-227-153-4.plesk.page\/hr\/wp-json\/wp\/v2\/product\/740016","targetHints":{"allow":["GET"]}}],"collection":[{"href":"https:\/\/stoic-curie.212-227-153-4.plesk.page\/hr\/wp-json\/wp\/v2\/product"}],"about":[{"href":"https:\/\/stoic-curie.212-227-153-4.plesk.page\/hr\/wp-json\/wp\/v2\/types\/product"}],"replies":[{"embeddable":true,"href":"https:\/\/stoic-curie.212-227-153-4.plesk.page\/hr\/wp-json\/wp\/v2\/comments?post=740016"}],"version-history":[{"count":0,"href":"https:\/\/stoic-curie.212-227-153-4.plesk.page\/hr\/wp-json\/wp\/v2\/product\/740016\/revisions"}],"wp:featuredmedia":[{"embeddable":true,"href":"https:\/\/stoic-curie.212-227-153-4.plesk.page\/hr\/wp-json\/wp\/v2\/media\/5937452"}],"wp:attachment":[{"href":"https:\/\/stoic-curie.212-227-153-4.plesk.page\/hr\/wp-json\/wp\/v2\/media?parent=740016"}],"wp:term":[{"taxonomy":"product_brand","embeddable":true,"href":"https:\/\/stoic-curie.212-227-153-4.plesk.page\/hr\/wp-json\/wp\/v2\/product_brand?post=740016"},{"taxonomy":"product_cat","embeddable":true,"href":"https:\/\/stoic-curie.212-227-153-4.plesk.page\/hr\/wp-json\/wp\/v2\/product_cat?post=740016"},{"taxonomy":"product_tag","embeddable":true,"href":"https:\/\/stoic-curie.212-227-153-4.plesk.page\/hr\/wp-json\/wp\/v2\/product_tag?post=740016"}],"curies":[{"name":"wp","href":"https:\/\/api.w.org\/{rel}","templated":true}]}}