{"id":740017,"date":"2025-03-03T18:06:34","date_gmt":"2025-03-03T17:06:34","guid":{"rendered":"https:\/\/stoic-curie.212-227-153-4.plesk.page\/producto\/vulkan-sidro-40kg\/"},"modified":"2026-02-25T00:00:40","modified_gmt":"2026-02-25T00:00:40","slug":"vulkan-sidro-40kg","status":"publish","type":"product","link":"https:\/\/stoic-curie.212-227-153-4.plesk.page\/hr\/product\/vulkan-sidro-40kg\/","title":{"rendered":"Vulkan sidro 40kg"},"content":{"rendered":"<p>Vulkan sidro 40kg &#8211; <\/p>\n<p><strong>Vulcan 40kg (88 lb) Galvanizirano sidro<\/strong><\/p>\n<p>Vulcan 40 je galvanizirano \u010deli\u010dno sidro dizajnirano za svestranost na razli\u010ditim vrstama morskog dna, \u0161to ga \u010dini pogodnim za male i velike motorne brodove, kao i jahte. Njegova visoko otporna fluke geometrija i \u0161ipka osiguravaju sigurno uklapanje na svakoj pram\u010danoj strani, zahvaljuju\u0107i odsutnosti roll-bara. Inovativna zna\u010dajka Roll-Palm omogu\u0107uje sidru da sleti pod optimalnim kutom za penetraciju, dok dizajn V-bulb produ\u017euje fluke balast prema dolje, maksimiziraju\u0107i polugu i u\u010dinkovitost za pobolj\u0161anje snage dr\u017eanja.<\/p>\n<p>Ovo sidro je pomno izra\u0111eno kako bi osiguralo kompatibilnost s \u0161irokim rasponom konfiguracija pramca. Vulcan\u00ae sidro pru\u017ea \u010dvrsto prianjanje za bilo koju brod, uklju\u010duju\u0107i one opremljene platformama i bowsprits, prilago\u0111ava se plovilima od malih \u010damaca do velikih jahti i motornih brodova.<\/p>\n<p>Klju\u010dne zna\u010dajke:<\/p>\n<ul>\n<li>Jedinstvena kombinacija \u0161ipke i fluke geometrije, zajedno s inovativnom Roll-Palm\u2122, omogu\u0107uje sidru da se samo ispravi na morskom dnu.<\/li>\n<li>V-bulb\u2122 dizajn produ\u017euje fluke balast prema dolje, optimiziraju\u0107i polugu i u\u010dinkovitost.<\/li>\n<li>Ve\u0107a povr\u0161ina fluke i ve\u0107a te\u017eina na vrhu u usporedbi s konkurentnim dizajnom rezultiraju superiornom snagom i sigurno\u0161\u0107u.<\/li>\n<li>Odsutnost roll-bara, zajedno s pa\u017eljivo dizajniranim profilom \u0161ipke, osigurava kompatibilnost s pram\u010danim valjcima.<\/li>\n<li>Ova sidra se automatski postavljaju iz ve\u0107ine pram\u010danih valjaka, olak\u0161avaju\u0107i kori\u0161tenje.<\/li>\n<li>Izra\u0111eno od \u010delika visoke \u010dvrsto\u0107e, jedinstveni I+V profil\u2122 dizajn \u0161ipke nudi izuzetnu otpornost na savijanje.<\/li>\n<\/ul>\n<p>Odaberite Vulcan 40 kao pouzdano i u\u010dinkovito rje\u0161enje za sidrenje koje ispunjava zahtjeve va\u0161ih pomorskih avantura.<\/p>\n","protected":false},"excerpt":{"rendered":"<p>Vulkan sidro 40kg &#8211; Vulcan 40kg (88 lb) Galvanizirano sidro Vulcan 40 je galvanizirano \u010deli\u010dno sidro dizajnirano za svestranost na<\/p>\n","protected":false},"featured_media":5937452,"comment_status":"open","ping_status":"closed","template":"","meta":[],"product_brand":[3531],"product_cat":[1872],"product_tag":[],"class_list":{"0":"post-740017","1":"product","2":"type-product","3":"status-publish","4":"has-post-thumbnail","6":"product_brand-vulcan-hr","7":"product_cat-sidra-rocna-i-vulkan","9":"first","10":"instock","11":"shipping-taxable","12":"purchasable","13":"product-type-simple"},"_links":{"self":[{"href":"https:\/\/stoic-curie.212-227-153-4.plesk.page\/hr\/wp-json\/wp\/v2\/product\/740017","targetHints":{"allow":["GET"]}}],"collection":[{"href":"https:\/\/stoic-curie.212-227-153-4.plesk.page\/hr\/wp-json\/wp\/v2\/product"}],"about":[{"href":"https:\/\/stoic-curie.212-227-153-4.plesk.page\/hr\/wp-json\/wp\/v2\/types\/product"}],"replies":[{"embeddable":true,"href":"https:\/\/stoic-curie.212-227-153-4.plesk.page\/hr\/wp-json\/wp\/v2\/comments?post=740017"}],"version-history":[{"count":0,"href":"https:\/\/stoic-curie.212-227-153-4.plesk.page\/hr\/wp-json\/wp\/v2\/product\/740017\/revisions"}],"wp:featuredmedia":[{"embeddable":true,"href":"https:\/\/stoic-curie.212-227-153-4.plesk.page\/hr\/wp-json\/wp\/v2\/media\/5937452"}],"wp:attachment":[{"href":"https:\/\/stoic-curie.212-227-153-4.plesk.page\/hr\/wp-json\/wp\/v2\/media?parent=740017"}],"wp:term":[{"taxonomy":"product_brand","embeddable":true,"href":"https:\/\/stoic-curie.212-227-153-4.plesk.page\/hr\/wp-json\/wp\/v2\/product_brand?post=740017"},{"taxonomy":"product_cat","embeddable":true,"href":"https:\/\/stoic-curie.212-227-153-4.plesk.page\/hr\/wp-json\/wp\/v2\/product_cat?post=740017"},{"taxonomy":"product_tag","embeddable":true,"href":"https:\/\/stoic-curie.212-227-153-4.plesk.page\/hr\/wp-json\/wp\/v2\/product_tag?post=740017"}],"curies":[{"name":"wp","href":"https:\/\/api.w.org\/{rel}","templated":true}]}}