{"id":740018,"date":"2025-03-03T18:06:34","date_gmt":"2025-03-03T17:06:34","guid":{"rendered":"https:\/\/stoic-curie.212-227-153-4.plesk.page\/producto\/vulcan-sidro-55-kg\/"},"modified":"2026-02-25T00:00:40","modified_gmt":"2026-02-25T00:00:40","slug":"vulcan-sidro-55-kg","status":"publish","type":"product","link":"https:\/\/stoic-curie.212-227-153-4.plesk.page\/hr\/product\/vulcan-sidro-55-kg\/","title":{"rendered":"Vulcan sidro 55 kg"},"content":{"rendered":"<p>Vulcan sidro 55 kg &#8211; <\/p>\n<p>Vulkan 55 (121 lb) galvanizirano \u010deli\u010dno Quick Grasp sidro dizajnirano je za razli\u010dite vrste morskog dna, \u0161to ga \u010dini pogodnim za male i velike motorne \u010damce, kao i jahte. Njegova visoko otporna fluke geometrija i dr\u0161ka osiguravaju sigurno pristajanje na bilo koji pramac, zahvaljuju\u0107i odsustvu roll-bar-a. Inovativna Roll-Palm funkcija omogu\u0107ava sidru da sleti pod optimalnim uglom za penetraciju, dok V-\u017earulja prote\u017ee fluke balast nani\u017ee, maksimaliziraju\u0107i polugu i efikasnost za pobolj\u0161anje snage dr\u017eanja.<\/p>\n<p><strong>SKU GENUINE VULCAN: VLC55GS<\/strong><\/p>\n<p>Vulkan\u00ae sidro donosi sigurnost i pouzdanost povezane s Rocna\u00ae \u0161irem spektru nauti\u010dara.<\/p>\n<p>Ovo sidro je pomno dizajnirano da osigura kompatibilnost sa \u0161irokim spektrom konfiguracija pramca plovila. Odaberite Vulkan\u00ae za savr\u0161eno pristajanje na pramenu svake jedrilice, uklju\u010duju\u0107i i one s platformama i brodskim nosilima, prihva\u0107aju\u0107i plovila od malih glisera do velikih jahti i motornih \u010damaca.<\/p>\n<p>Klju\u010dne karakteristike uklju\u010duju:<\/p>\n<ul>\n<li>Jedinstvena geometrija dr\u0161ke i fluke kombinirana s inovativnim Roll-Palm\u2122 omogu\u0107ava sidru da se samostalno uspravi na morskom dnu.<\/li>\n<li>Dizajn V-\u017earulje\u2122 produ\u017eava balast fluke prema dolje, pru\u017eaju\u0107i maksimalnu polugu i efikasnost.<\/li>\n<li>Ve\u0107a povr\u0161ina fluke i pove\u0107ana te\u017eina na vrhu u usporedbi s konkurentskim dizajnima rezultiraju superiornom snagom dr\u017eanja i sigurno\u0161\u0107u.<\/li>\n<li>Odsustvo roll-bar-a, uz promi\u0161ljeno dizajnirani profil dr\u0161ke, osigurava kompatibilnost s pram\u010danim valjcima.<\/li>\n<li>Ova sidra sama se ispaljuju iz ve\u0107ine pram\u010danih valjaka, olak\u0161avaju\u0107i upotrebu.<\/li>\n<li>Izra\u0111eno od visoko otporne \u010delika, jedinstveni I+V profil\u2122 dizajn dr\u0161ke pru\u017ea izuzetnu otpornost na savijanje.<\/li>\n<\/ul>\n","protected":false},"excerpt":{"rendered":"<p>Vulcan sidro 55 kg &#8211; Vulkan 55 (121 lb) galvanizirano \u010deli\u010dno Quick Grasp sidro dizajnirano je za razli\u010dite vrste morskog<\/p>\n","protected":false},"featured_media":5937452,"comment_status":"open","ping_status":"closed","template":"","meta":[],"product_brand":[3531],"product_cat":[1872],"product_tag":[],"class_list":{"0":"post-740018","1":"product","2":"type-product","3":"status-publish","4":"has-post-thumbnail","6":"product_brand-vulcan-hr","7":"product_cat-sidra-rocna-i-vulkan","9":"first","10":"outofstock","11":"shipping-taxable","12":"purchasable","13":"product-type-simple"},"_links":{"self":[{"href":"https:\/\/stoic-curie.212-227-153-4.plesk.page\/hr\/wp-json\/wp\/v2\/product\/740018","targetHints":{"allow":["GET"]}}],"collection":[{"href":"https:\/\/stoic-curie.212-227-153-4.plesk.page\/hr\/wp-json\/wp\/v2\/product"}],"about":[{"href":"https:\/\/stoic-curie.212-227-153-4.plesk.page\/hr\/wp-json\/wp\/v2\/types\/product"}],"replies":[{"embeddable":true,"href":"https:\/\/stoic-curie.212-227-153-4.plesk.page\/hr\/wp-json\/wp\/v2\/comments?post=740018"}],"version-history":[{"count":0,"href":"https:\/\/stoic-curie.212-227-153-4.plesk.page\/hr\/wp-json\/wp\/v2\/product\/740018\/revisions"}],"wp:featuredmedia":[{"embeddable":true,"href":"https:\/\/stoic-curie.212-227-153-4.plesk.page\/hr\/wp-json\/wp\/v2\/media\/5937452"}],"wp:attachment":[{"href":"https:\/\/stoic-curie.212-227-153-4.plesk.page\/hr\/wp-json\/wp\/v2\/media?parent=740018"}],"wp:term":[{"taxonomy":"product_brand","embeddable":true,"href":"https:\/\/stoic-curie.212-227-153-4.plesk.page\/hr\/wp-json\/wp\/v2\/product_brand?post=740018"},{"taxonomy":"product_cat","embeddable":true,"href":"https:\/\/stoic-curie.212-227-153-4.plesk.page\/hr\/wp-json\/wp\/v2\/product_cat?post=740018"},{"taxonomy":"product_tag","embeddable":true,"href":"https:\/\/stoic-curie.212-227-153-4.plesk.page\/hr\/wp-json\/wp\/v2\/product_tag?post=740018"}],"curies":[{"name":"wp","href":"https:\/\/api.w.org\/{rel}","templated":true}]}}