{"id":740020,"date":"2025-03-03T18:06:34","date_gmt":"2025-03-03T17:06:34","guid":{"rendered":"https:\/\/stoic-curie.212-227-153-4.plesk.page\/producto\/sidro-spade-sq240-75kg-galvanizirano\/"},"modified":"2026-02-25T00:00:40","modified_gmt":"2026-02-25T00:00:40","slug":"sidro-spade-sq240-75kg-galvanizirano","status":"publish","type":"product","link":"https:\/\/stoic-curie.212-227-153-4.plesk.page\/hr\/product\/sidro-spade-sq240-75kg-galvanizirano\/","title":{"rendered":"Sidro Spade SQ240 75KG galvanizirano"},"content":{"rendered":"<p>Sidro Spade SQ240 75KG galvanizirano &#8211; <\/p>\n<p>Posebna galvanizirana Spade sidra visoke otpornosti s jedinstvenom konkavnom povr\u0161inom koja omogu\u0107uje da se uvijek pravilno smjesti. Te\u017ei\u0161te je smje\u0161teno na vrlo niskoj razini kako bi se sprije\u010dilo da sidro padne pod optere\u0107enjem ili stresom. Ukupna te\u017eina sidra se direktno primjenjuje na o\u0161trom vrhu, \u0161to omogu\u0107ava trenutnu penetraciju. Kada se primijeni optere\u0107enje na sidro, sidro zauzima najbolju poziciju za penetraciju i njegova o\u0161tra to\u010dka lako prodire kroz najte\u017ee morsko dno. Spade sidro ostaje zakopano bez cikli\u010dkog pona\u0161anja.<\/p>\n<p style=\"color: rgb(34, 34, 34); font-family: Arial, Helvetica, sans-serif; font-size: small;\"><strong>Spade sidro, galvanizirano &#8211; SQ240, 165 lbs \u2013 Visoko-otpornog specijalnog \u010delika \u2013 Pogodno za plovila do 98 ft ili 88,000 lbs<\/strong><\/p>\n<p style=\"color: rgb(34, 34, 34); font-family: Arial, Helvetica, sans-serif; font-size: small;\"><strong>Specifikacije:<\/strong><\/p>\n<ul style=\"color: rgb(34, 34, 34); font-family: Arial, Helvetica, sans-serif; font-size: small;\">\n<li><strong>Te\u017eina:<\/strong>\u00a0165 lbs (75 kg)<\/li>\n<li><strong>Aktivna povr\u0161ina:<\/strong>\u00a0372 in\u00b2 (2400 cm\u00b2)<\/li>\n<li><strong>Maksimalna duljina plovila:<\/strong>\u00a098 ft (30 m)<\/li>\n<li><strong>Maksimalna te\u017eina plovila:<\/strong>\u00a088,000 lbs (40,000 kg)<\/li>\n<\/ul>\n<p style=\"color: rgb(34, 34, 34); font-family: Arial, Helvetica, sans-serif; font-size: small;\">Istra\u017eite na\u0161 \u0161iroki asortiman galvaniziranih \u010deli\u010dnih Spade sidara, idealnih za va\u0161e osnovne potrebe sidrenja. Na\u0161 najlak\u0161i model te\u017ei samo 5,5 kg, \u0161to ga \u010dini pogodnim za male \u010damce ispod 6,5 m i 1 tonu, dok je na\u0161 najte\u017ei model te\u017eak 170 kg i preporu\u010da se za plovila od 75 do 200 tona.<\/p>\n<p style=\"color: rgb(34, 34, 34); font-family: Arial, Helvetica, sans-serif; font-size: small;\">Galvanizirana \u010deli\u010dna Spade sidra dizajnirana su da pravilno sleti na morsko dno, zahvaljuju\u0107i njihovoj te\u0161koj to\u010dki i optimalno raspore\u0111enoj masi u lopatici i dr\u0161ci. Brzo prodiru u pijesak, pru\u017eaju\u0107i izvanrednu snagu dr\u017eanja, \u010dak i pod zna\u010dajnim optere\u0107enjima. Konkavna forma sidra posti\u017ee koeficijent dr\u017eanja od 1,7, \u0161to je najvi\u0161a vrijednost dostupna na tr\u017ei\u0161tu danas.<\/p>\n<p style=\"color: rgb(34, 34, 34); font-family: Arial, Helvetica, sans-serif; font-size: small;\">Odaberite odgovaraju\u0107e galvanizirano \u010deli\u010dno Spade sidro za va\u0161e plovilo i do\u017eivite superiorno sidrenje. Uz va\u0161e Spade sidro na brodu, dobro ste pripremljeni za va\u0161e sljede\u0107e avanture.<\/p>\n","protected":false},"excerpt":{"rendered":"<p>Sidro Spade SQ240 75KG galvanizirano &#8211; Posebna galvanizirana Spade sidra visoke otpornosti s jedinstvenom konkavnom povr\u0161inom koja omogu\u0107uje da se<\/p>\n","protected":false},"featured_media":5937276,"comment_status":"open","ping_status":"closed","template":"","meta":[],"product_brand":[3421],"product_cat":[1870],"product_tag":[],"class_list":{"0":"post-740020","1":"product","2":"type-product","3":"status-publish","4":"has-post-thumbnail","6":"product_brand-spade-hr","7":"product_cat-sidra-spade","9":"first","10":"instock","11":"shipping-taxable","12":"purchasable","13":"product-type-simple"},"_links":{"self":[{"href":"https:\/\/stoic-curie.212-227-153-4.plesk.page\/hr\/wp-json\/wp\/v2\/product\/740020","targetHints":{"allow":["GET"]}}],"collection":[{"href":"https:\/\/stoic-curie.212-227-153-4.plesk.page\/hr\/wp-json\/wp\/v2\/product"}],"about":[{"href":"https:\/\/stoic-curie.212-227-153-4.plesk.page\/hr\/wp-json\/wp\/v2\/types\/product"}],"replies":[{"embeddable":true,"href":"https:\/\/stoic-curie.212-227-153-4.plesk.page\/hr\/wp-json\/wp\/v2\/comments?post=740020"}],"version-history":[{"count":0,"href":"https:\/\/stoic-curie.212-227-153-4.plesk.page\/hr\/wp-json\/wp\/v2\/product\/740020\/revisions"}],"wp:featuredmedia":[{"embeddable":true,"href":"https:\/\/stoic-curie.212-227-153-4.plesk.page\/hr\/wp-json\/wp\/v2\/media\/5937276"}],"wp:attachment":[{"href":"https:\/\/stoic-curie.212-227-153-4.plesk.page\/hr\/wp-json\/wp\/v2\/media?parent=740020"}],"wp:term":[{"taxonomy":"product_brand","embeddable":true,"href":"https:\/\/stoic-curie.212-227-153-4.plesk.page\/hr\/wp-json\/wp\/v2\/product_brand?post=740020"},{"taxonomy":"product_cat","embeddable":true,"href":"https:\/\/stoic-curie.212-227-153-4.plesk.page\/hr\/wp-json\/wp\/v2\/product_cat?post=740020"},{"taxonomy":"product_tag","embeddable":true,"href":"https:\/\/stoic-curie.212-227-153-4.plesk.page\/hr\/wp-json\/wp\/v2\/product_tag?post=740020"}],"curies":[{"name":"wp","href":"https:\/\/api.w.org\/{rel}","templated":true}]}}