{"id":740024,"date":"2025-03-03T18:06:36","date_gmt":"2025-03-03T17:06:36","guid":{"rendered":"https:\/\/stoic-curie.212-227-153-4.plesk.page\/producto\/propeler-za-jedrilice-sa-sail-drive-pogonom-s-tri-krila-18x16\/"},"modified":"2026-02-25T00:00:40","modified_gmt":"2026-02-25T00:00:40","slug":"propeler-za-jedrilice-sa-sail-drive-pogonom-s-tri-krila-18x16","status":"publish","type":"product","link":"https:\/\/stoic-curie.212-227-153-4.plesk.page\/hr\/product\/propeler-za-jedrilice-sa-sail-drive-pogonom-s-tri-krila-18x16\/","title":{"rendered":"Propeler za jedrilice sa sail drive pogonom, s tri krila 18X16"},"content":{"rendered":"<p>Propeler za jedrilice sa sail drive pogonom, s tri krila 18X16 &#8211; <\/p>\n<p>Propeleri za jedra od aluminijske legure s 3 o\u0161trice. Dinami\u010dki uravnote\u017eeni, otporni na koroziju i udarce. Rebrasti spoj s 17 utora. Va\u017eno: propeleri za jedra moraju biti montirani prema uputama proizvo\u0111a\u010da, kao \u0161to su Volvo &#8211; Yanmar &#8211; Bukh &#8211; Nanni itd., koriste\u0107i originalne dodatke.<\/p>\n","protected":false},"excerpt":{"rendered":"<p>Propeler za jedrilice sa sail drive pogonom, s tri krila 18X16 &#8211; Propeleri za jedra od aluminijske legure s 3<\/p>\n","protected":false},"featured_media":5936858,"comment_status":"open","ping_status":"closed","template":"","meta":[],"product_brand":[2916],"product_cat":[1813,1829,1816],"product_tag":[],"class_list":{"0":"post-740024","1":"product","2":"type-product","3":"status-publish","4":"has-post-thumbnail","6":"product_brand-eliche-radice-hr","7":"product_cat-propeleri-za-saildrive-pogone","8":"product_cat-rezervni-dijelovi-za-motore-volvo-penta","9":"product_cat-rezervni-dijelovi-za-motore-yanmar","11":"first","12":"outofstock","13":"shipping-taxable","14":"purchasable","15":"product-type-simple"},"_links":{"self":[{"href":"https:\/\/stoic-curie.212-227-153-4.plesk.page\/hr\/wp-json\/wp\/v2\/product\/740024","targetHints":{"allow":["GET"]}}],"collection":[{"href":"https:\/\/stoic-curie.212-227-153-4.plesk.page\/hr\/wp-json\/wp\/v2\/product"}],"about":[{"href":"https:\/\/stoic-curie.212-227-153-4.plesk.page\/hr\/wp-json\/wp\/v2\/types\/product"}],"replies":[{"embeddable":true,"href":"https:\/\/stoic-curie.212-227-153-4.plesk.page\/hr\/wp-json\/wp\/v2\/comments?post=740024"}],"version-history":[{"count":0,"href":"https:\/\/stoic-curie.212-227-153-4.plesk.page\/hr\/wp-json\/wp\/v2\/product\/740024\/revisions"}],"wp:featuredmedia":[{"embeddable":true,"href":"https:\/\/stoic-curie.212-227-153-4.plesk.page\/hr\/wp-json\/wp\/v2\/media\/5936858"}],"wp:attachment":[{"href":"https:\/\/stoic-curie.212-227-153-4.plesk.page\/hr\/wp-json\/wp\/v2\/media?parent=740024"}],"wp:term":[{"taxonomy":"product_brand","embeddable":true,"href":"https:\/\/stoic-curie.212-227-153-4.plesk.page\/hr\/wp-json\/wp\/v2\/product_brand?post=740024"},{"taxonomy":"product_cat","embeddable":true,"href":"https:\/\/stoic-curie.212-227-153-4.plesk.page\/hr\/wp-json\/wp\/v2\/product_cat?post=740024"},{"taxonomy":"product_tag","embeddable":true,"href":"https:\/\/stoic-curie.212-227-153-4.plesk.page\/hr\/wp-json\/wp\/v2\/product_tag?post=740024"}],"curies":[{"name":"wp","href":"https:\/\/api.w.org\/{rel}","templated":true}]}}