{"id":740025,"date":"2025-03-03T18:06:36","date_gmt":"2025-03-03T17:06:36","guid":{"rendered":"https:\/\/stoic-curie.212-227-153-4.plesk.page\/producto\/bruce-sidro-od-nehrdajuceg-celika-2kg\/"},"modified":"2026-02-25T00:00:40","modified_gmt":"2026-02-25T00:00:40","slug":"bruce-sidro-od-nehrdajuceg-celika-2kg","status":"publish","type":"product","link":"https:\/\/stoic-curie.212-227-153-4.plesk.page\/hr\/product\/bruce-sidro-od-nehrdajuceg-celika-2kg\/","title":{"rendered":"Bruce Sidro od nehr\u0111aju\u0107eg \u010delika 2kg"},"content":{"rendered":"<p>Bruce Sidro od nehr\u0111aju\u0107eg \u010delika 2kg &#8211; <\/p>\n<p style=\"color: rgb(34, 34, 34); font-family: Arial, Helvetica, sans-serif; font-size: small;\">S ponosom predstavljamo sidro Bruce B-tipa od nehr\u0111aju\u0107eg \u010delika s ogledalom. Ovo sidro se isti\u010de svojim karakteristi\u010dnim dizajnom s \u0161irokom, zakrivljenom bazom, koja olak\u0161ava optimalno zakopavanje pod najboljim kutom. Ova baza osigurava stabilnost u razli\u010ditim vodenim uvjetima, dokazuje se u\u010dinkovitim u pje\u0161\u010danim i blatu okru\u017eenjima.<\/p>\n<p style=\"color: rgb(34, 34, 34); font-family: Arial, Helvetica, sans-serif; font-size: small;\">Sidro Bruce stilom kand\u017ei dizajnirano je za brzinu postavljanja na ve\u0107ini morskih dna, \u010dine\u0107i ga odli\u010dnom opcijom za manje plovila.<\/p>\n<p style=\"color: rgb(34, 34, 34); font-family: Arial, Helvetica, sans-serif; font-size: small;\"><strong>Specifikacije:<\/strong><\/p>\n<ol style=\"color: rgb(34, 34, 34); font-family: Arial, Helvetica, sans-serif; font-size: small;\">\n<li><strong>Materijal:<\/strong>&nbsp;Nehr\u0111aju\u0107i \u010delik (AISI 316, AISI 304), legura lijevanih dijelova i karbonski \u010delik.<\/li>\n<li><strong>Tehnika:<\/strong>&nbsp;Precizno lijevanje.<\/li>\n<li><strong>Zavr\u0161na obrada:<\/strong>&nbsp;Dostupno u ogledalo ili satenskoj poliranoj, kao i pocin\u010danim opcijama.<\/li>\n<li><strong>Proces proizvodnje:<\/strong>&nbsp;Silika sol, metoda izgubljenog voska.<\/li>\n<\/ol>\n<p style=\"color: rgb(34, 34, 34); font-family: Arial, Helvetica, sans-serif; font-size: small;\">Sidro Bruce, ili sidro sa kand\u017eama, nastalo je 1970-ih i i dalje je omiljeno me\u0111u mornarima.<\/p>\n<p style=\"color: rgb(34, 34, 34); font-family: Arial, Helvetica, sans-serif; font-size: small;\">Sidro Bruce je svestran izbor, pogodno za razna morska dna, uklju\u010duju\u0107i blato, pijesak, travu, stijene i koralje. Me\u0111utim, mo\u017ee nai\u0107i na izazove na \u010dvr\u0161\u0107im podlogama poput gline. Njegov dizajn s tri kand\u017ee olak\u0161ava postavljanje u usporedbi s drugim sidrima, a brzo se ponovo postavlja ako je pomaknuto. Va\u017eno je napomenuti da sidro Bruce ima manje dr\u017eanje po funti u usporedbi s odre\u0111enim drugim tipovima, poput Delta ili Wing sidara; stoga, mo\u017ee biti potrebno odabrati ve\u0107u veli\u010dinu za postizanje jednake snage dr\u017eanja.<\/p>\n","protected":false},"excerpt":{"rendered":"<p>Bruce Sidro od nehr\u0111aju\u0107eg \u010delika 2kg &#8211; S ponosom predstavljamo sidro Bruce B-tipa od nehr\u0111aju\u0107eg \u010delika s ogledalom. Ovo sidro<\/p>\n","protected":false},"featured_media":5937478,"comment_status":"open","ping_status":"closed","template":"","meta":[],"product_brand":[3121],"product_cat":[1863],"product_tag":[],"class_list":{"0":"post-740025","1":"product","2":"type-product","3":"status-publish","4":"has-post-thumbnail","6":"product_brand-marinetech-hr","7":"product_cat-sidra-bruce","9":"first","10":"outofstock","11":"shipping-taxable","12":"purchasable","13":"product-type-simple"},"_links":{"self":[{"href":"https:\/\/stoic-curie.212-227-153-4.plesk.page\/hr\/wp-json\/wp\/v2\/product\/740025","targetHints":{"allow":["GET"]}}],"collection":[{"href":"https:\/\/stoic-curie.212-227-153-4.plesk.page\/hr\/wp-json\/wp\/v2\/product"}],"about":[{"href":"https:\/\/stoic-curie.212-227-153-4.plesk.page\/hr\/wp-json\/wp\/v2\/types\/product"}],"replies":[{"embeddable":true,"href":"https:\/\/stoic-curie.212-227-153-4.plesk.page\/hr\/wp-json\/wp\/v2\/comments?post=740025"}],"version-history":[{"count":0,"href":"https:\/\/stoic-curie.212-227-153-4.plesk.page\/hr\/wp-json\/wp\/v2\/product\/740025\/revisions"}],"wp:featuredmedia":[{"embeddable":true,"href":"https:\/\/stoic-curie.212-227-153-4.plesk.page\/hr\/wp-json\/wp\/v2\/media\/5937478"}],"wp:attachment":[{"href":"https:\/\/stoic-curie.212-227-153-4.plesk.page\/hr\/wp-json\/wp\/v2\/media?parent=740025"}],"wp:term":[{"taxonomy":"product_brand","embeddable":true,"href":"https:\/\/stoic-curie.212-227-153-4.plesk.page\/hr\/wp-json\/wp\/v2\/product_brand?post=740025"},{"taxonomy":"product_cat","embeddable":true,"href":"https:\/\/stoic-curie.212-227-153-4.plesk.page\/hr\/wp-json\/wp\/v2\/product_cat?post=740025"},{"taxonomy":"product_tag","embeddable":true,"href":"https:\/\/stoic-curie.212-227-153-4.plesk.page\/hr\/wp-json\/wp\/v2\/product_tag?post=740025"}],"curies":[{"name":"wp","href":"https:\/\/api.w.org\/{rel}","templated":true}]}}