{"id":740026,"date":"2025-03-03T18:06:36","date_gmt":"2025-03-03T17:06:36","guid":{"rendered":"https:\/\/stoic-curie.212-227-153-4.plesk.page\/producto\/bruce-sidro-od-nehrdajuceg-celika-5kg\/"},"modified":"2026-02-25T00:00:40","modified_gmt":"2026-02-25T00:00:40","slug":"bruce-sidro-od-nehrdajuceg-celika-5kg","status":"publish","type":"product","link":"https:\/\/stoic-curie.212-227-153-4.plesk.page\/hr\/product\/bruce-sidro-od-nehrdajuceg-celika-5kg\/","title":{"rendered":"Bruce Sidro od nehr\u0111aju\u0107eg \u010delika 5kg"},"content":{"rendered":"<p>Bruce Sidro od nehr\u0111aju\u0107eg \u010delika 5kg &#8211; <\/p>\n<p style=\"color: rgb(34, 34, 34); font-family: Arial, Helvetica, sans-serif; font-size: small;\">S rado\u0161\u0107u predstavljamo sidro Bruce B-tip izra\u0111eno od nehr\u0111aju\u0107eg \u010delika s poliranim ogledalom. Ovo sidro ima jedinstven dizajn. Njegova \u0161iroka, zakrivljena baza poma\u017ee mu da se ukopa pod najboljim kutom. Ova baza ga dr\u017ei sigurnim u razli\u010ditim uvjetima vode. Dobro djeluje u pje\u0161\u010danim i blatom pokrivenim podru\u010djima. Sidro Bruce u obliku kand\u017ee brzo se postavlja na ve\u0107ini morskih dna, \u0161to ga \u010dini odli\u010dnim izborom za manje brodove.<\/p>\n<p style=\"color: rgb(34, 34, 34); font-family: Arial, Helvetica, sans-serif; font-size: small;\">Ova sidra poznata su po svojoj stabilnosti. Odupiru se pomicanju od vjetra ili plime. Umjesto toga, nje\u017eno se okre\u0107u na morskom dnu kako bi se prilagodila snagama oko njih.<\/p>\n<p style=\"color: rgb(34, 34, 34); font-family: Arial, Helvetica, sans-serif; font-size: small;\"><strong>Specifikacije:<\/strong><\/p>\n<ol style=\"color: rgb(34, 34, 34); font-family: Arial, Helvetica, sans-serif; font-size: small;\">\n<li><strong>Materijal:<\/strong> Nehr\u0111aju\u0107i \u010delik (AISI 316, AISI 304), legirani liveni materijal i uglji\u010dni \u010delik.<\/li>\n<li><strong>Tehnika:<\/strong> Precizno lijevanje.<\/li>\n<li><strong>Povr\u0161inska obrada:<\/strong> Dostupne opcije su polirano ogledalo ili mat, i galvanizirane.<\/li>\n<li><strong>Proizvodni proces:<\/strong> Silika sol, metoda izgubljenog voska.<\/li>\n<\/ol>\n<p style=\"color: rgb(34, 34, 34); font-family: Arial, Helvetica, sans-serif; font-size: small;\">Bruce ili sidro u obliku kand\u017ee nastalo je 1970-ih i jo\u0161 uvijek je popularno me\u0111u brodarcima.<\/p>\n<p style=\"color: rgb(34, 34, 34); font-family: Arial, Helvetica, sans-serif; font-size: small;\">Sidro Bruce je fleksibilan izbor. Dobro djeluje na mnogim morskim dnu, uklju\u010duju\u0107i blato, pijesak, travu, kamen i koralj. Me\u0111utim, mo\u017ee se mu\u010diti na \u010dvr\u0161im povr\u0161inama kao \u0161to je glina. Njegov dizajn s tri kand\u017ee olak\u0161ava postavljanje od drugih sidara, a brzo se ponovo postavlja ako se pomakne. Imajte na umu da sidro Bruce ima manje zadr\u017eavanje po funti od nekih drugih tipova, poput Delta ili Wing sidara. Stoga, mo\u017eda \u0107e biti potrebno ve\u0107e sidro kako bi se postigla ista snaga zadr\u017eavanja.<\/p>\n","protected":false},"excerpt":{"rendered":"<p>Bruce Sidro od nehr\u0111aju\u0107eg \u010delika 5kg &#8211; S rado\u0161\u0107u predstavljamo sidro Bruce B-tip izra\u0111eno od nehr\u0111aju\u0107eg \u010delika s poliranim ogledalom.<\/p>\n","protected":false},"featured_media":5937478,"comment_status":"open","ping_status":"closed","template":"","meta":[],"product_brand":[3121],"product_cat":[1863],"product_tag":[],"class_list":{"0":"post-740026","1":"product","2":"type-product","3":"status-publish","4":"has-post-thumbnail","6":"product_brand-marinetech-hr","7":"product_cat-sidra-bruce","9":"first","10":"instock","11":"shipping-taxable","12":"purchasable","13":"product-type-simple"},"_links":{"self":[{"href":"https:\/\/stoic-curie.212-227-153-4.plesk.page\/hr\/wp-json\/wp\/v2\/product\/740026","targetHints":{"allow":["GET"]}}],"collection":[{"href":"https:\/\/stoic-curie.212-227-153-4.plesk.page\/hr\/wp-json\/wp\/v2\/product"}],"about":[{"href":"https:\/\/stoic-curie.212-227-153-4.plesk.page\/hr\/wp-json\/wp\/v2\/types\/product"}],"replies":[{"embeddable":true,"href":"https:\/\/stoic-curie.212-227-153-4.plesk.page\/hr\/wp-json\/wp\/v2\/comments?post=740026"}],"version-history":[{"count":0,"href":"https:\/\/stoic-curie.212-227-153-4.plesk.page\/hr\/wp-json\/wp\/v2\/product\/740026\/revisions"}],"wp:featuredmedia":[{"embeddable":true,"href":"https:\/\/stoic-curie.212-227-153-4.plesk.page\/hr\/wp-json\/wp\/v2\/media\/5937478"}],"wp:attachment":[{"href":"https:\/\/stoic-curie.212-227-153-4.plesk.page\/hr\/wp-json\/wp\/v2\/media?parent=740026"}],"wp:term":[{"taxonomy":"product_brand","embeddable":true,"href":"https:\/\/stoic-curie.212-227-153-4.plesk.page\/hr\/wp-json\/wp\/v2\/product_brand?post=740026"},{"taxonomy":"product_cat","embeddable":true,"href":"https:\/\/stoic-curie.212-227-153-4.plesk.page\/hr\/wp-json\/wp\/v2\/product_cat?post=740026"},{"taxonomy":"product_tag","embeddable":true,"href":"https:\/\/stoic-curie.212-227-153-4.plesk.page\/hr\/wp-json\/wp\/v2\/product_tag?post=740026"}],"curies":[{"name":"wp","href":"https:\/\/api.w.org\/{rel}","templated":true}]}}