{"id":740027,"date":"2025-03-03T18:06:36","date_gmt":"2025-03-03T17:06:36","guid":{"rendered":"https:\/\/stoic-curie.212-227-153-4.plesk.page\/producto\/bruce-sidro-od-nehrdajuceg-celika-75kg\/"},"modified":"2026-02-25T00:00:40","modified_gmt":"2026-02-25T00:00:40","slug":"bruce-sidro-od-nehrdajuceg-celika-75kg","status":"publish","type":"product","link":"https:\/\/stoic-curie.212-227-153-4.plesk.page\/hr\/product\/bruce-sidro-od-nehrdajuceg-celika-75kg\/","title":{"rendered":"Bruce Sidro od nehr\u0111aju\u0107eg \u010delika 7,5kg"},"content":{"rendered":"<p>Bruce Sidro od nehr\u0111aju\u0107eg \u010delika 7,5kg &#8211; <\/p>\n<p style=\"color: rgb(34, 34, 34); font-family: Arial, Helvetica, sans-serif; font-size: small;\">Sretni smo \u0161to mo\u017eemo predstaviti sidro Bruce B-tip od nehr\u0111aju\u0107eg \u010delika s ogledalom. Ovo sidro proizlazi iz jedinstvene ideje dizajna. Pronalazi najbolji kut za zakopavanje zahvaljuju\u0107i svojoj \u0161irokoj, zakrivljenoj bazi. Ova baza poma\u017ee mu da se \u010dvrsto dr\u017ei u razli\u010ditim uvjetima vode. U\u010dinkovito funkcioni\u0161e u pje\u0161\u010danim i blatom pokrivenim podru\u010djima. Sidro Bruce s oblikom kand\u017ee brzo se postavlja na ve\u0107ini morskih dna, \u0161to ga \u010dini odli\u010dnim izborom za manje \u010damce.<\/p>\n<p style=\"color: rgb(34, 34, 34); font-family: Arial, Helvetica, sans-serif; font-size: small;\">Ova sidra poznata su po svojoj stabilnosti. Odupiru se pomicanju uslijed promjena vjetra ili plime. Umjesto toga, nje\u017eno se okre\u0107u po morskom dnu kako bi se prilagodila silama oko sebe.<\/p>\n<p style=\"color: rgb(34, 34, 34); font-family: Arial, Helvetica, sans-serif; font-size: small;\"><strong>Specifikacije:<\/strong><\/p>\n<ol style=\"color: rgb(34, 34, 34); font-family: Arial, Helvetica, sans-serif; font-size: small;\">\n<li><strong>Materijal:<\/strong>&nbsp;Nehr\u0111aju\u0107i \u010delik (AISI 316, AISI 304), legura i karbon \u010delik.<\/li>\n<li><strong>Tehnika:<\/strong>&nbsp;Precizno lijevanje.<\/li>\n<li><strong>Zavr\u0161na obrada:<\/strong>&nbsp;Dostupna u opcijama s ogledalom ili mat, kao i galvaniziranim opcijama.<\/li>\n<li><strong>Proizvodni proces:<\/strong>&nbsp;Silika sol, metoda izgubljenog voska.<\/li>\n<\/ol>\n<p style=\"color: rgb(34, 34, 34); font-family: Arial, Helvetica, sans-serif; font-size: small;\">Bruce, ili Claw sidro, zapo\u010deo je u 1970-ima i jo\u0161 uvijek je popularno me\u0111u rekreativnim nauti\u010darima.<\/p>\n<p style=\"color: rgb(34, 34, 34); font-family: Arial, Helvetica, sans-serif; font-size: small;\">Bruce sidro se isti\u010de kao fleksibilan izbor. Dobro funkcionira na razli\u010ditim morskim dnu, uklju\u010duju\u0107i blato, pijesak, travu, kamen i koralje. Me\u0111utim, mo\u017ee imati problema s te\u017eim povr\u0161inama poput gline. Njegov dizajn s tri kand\u017ee olak\u0161ava postavljanje nego kod drugih sidara, a brzo se vra\u0107a na mjesto ako se pomakne. Imajte na umu da Bruce sidro ima manju nosivost po kilogramu od nekih drugih tipova, poput Delta ili Wing sidara. Stoga, mo\u017eda \u0107ete trebati ve\u0107i model kako biste dobili istu snagu dr\u017eanja.<\/p>\n","protected":false},"excerpt":{"rendered":"<p>Bruce Sidro od nehr\u0111aju\u0107eg \u010delika 7,5kg &#8211; Sretni smo \u0161to mo\u017eemo predstaviti sidro Bruce B-tip od nehr\u0111aju\u0107eg \u010delika s ogledalom.<\/p>\n","protected":false},"featured_media":5937478,"comment_status":"open","ping_status":"closed","template":"","meta":[],"product_brand":[3121],"product_cat":[1863],"product_tag":[],"class_list":{"0":"post-740027","1":"product","2":"type-product","3":"status-publish","4":"has-post-thumbnail","6":"product_brand-marinetech-hr","7":"product_cat-sidra-bruce","9":"first","10":"instock","11":"shipping-taxable","12":"purchasable","13":"product-type-simple"},"_links":{"self":[{"href":"https:\/\/stoic-curie.212-227-153-4.plesk.page\/hr\/wp-json\/wp\/v2\/product\/740027","targetHints":{"allow":["GET"]}}],"collection":[{"href":"https:\/\/stoic-curie.212-227-153-4.plesk.page\/hr\/wp-json\/wp\/v2\/product"}],"about":[{"href":"https:\/\/stoic-curie.212-227-153-4.plesk.page\/hr\/wp-json\/wp\/v2\/types\/product"}],"replies":[{"embeddable":true,"href":"https:\/\/stoic-curie.212-227-153-4.plesk.page\/hr\/wp-json\/wp\/v2\/comments?post=740027"}],"version-history":[{"count":0,"href":"https:\/\/stoic-curie.212-227-153-4.plesk.page\/hr\/wp-json\/wp\/v2\/product\/740027\/revisions"}],"wp:featuredmedia":[{"embeddable":true,"href":"https:\/\/stoic-curie.212-227-153-4.plesk.page\/hr\/wp-json\/wp\/v2\/media\/5937478"}],"wp:attachment":[{"href":"https:\/\/stoic-curie.212-227-153-4.plesk.page\/hr\/wp-json\/wp\/v2\/media?parent=740027"}],"wp:term":[{"taxonomy":"product_brand","embeddable":true,"href":"https:\/\/stoic-curie.212-227-153-4.plesk.page\/hr\/wp-json\/wp\/v2\/product_brand?post=740027"},{"taxonomy":"product_cat","embeddable":true,"href":"https:\/\/stoic-curie.212-227-153-4.plesk.page\/hr\/wp-json\/wp\/v2\/product_cat?post=740027"},{"taxonomy":"product_tag","embeddable":true,"href":"https:\/\/stoic-curie.212-227-153-4.plesk.page\/hr\/wp-json\/wp\/v2\/product_tag?post=740027"}],"curies":[{"name":"wp","href":"https:\/\/api.w.org\/{rel}","templated":true}]}}