{"id":740028,"date":"2025-03-03T18:06:36","date_gmt":"2025-03-03T17:06:36","guid":{"rendered":"https:\/\/stoic-curie.212-227-153-4.plesk.page\/producto\/bruce-sidro-od-nehrdajuceg-celika-10kg\/"},"modified":"2026-02-25T00:00:40","modified_gmt":"2026-02-25T00:00:40","slug":"bruce-sidro-od-nehrdajuceg-celika-10kg","status":"publish","type":"product","link":"https:\/\/stoic-curie.212-227-153-4.plesk.page\/hr\/product\/bruce-sidro-od-nehrdajuceg-celika-10kg\/","title":{"rendered":"Bruce Sidro od nehr\u0111aju\u0107eg \u010delika 10kg"},"content":{"rendered":"<p>Bruce Sidro od nehr\u0111aju\u0107eg \u010delika 10kg &#8211; <\/p>\n<p>Sa zadovoljstvom predstavljamo sidro Bruce B-tip od nehr\u0111aju\u0107eg \u010delika s ogledalnim poliranjem, proizvod koji proizlazi iz jedinstvene filozofije dizajna. Ovo sidro uspje\u0161no odre\u0111uje optimalan kut penetracije zahvaljuju\u0107i dobro oblikovanoj, \u0161irokoj \u017elici s konveksnom bazom, \u0161to osigurava sigurno dr\u017eanje u razli\u010ditim pomorskim uvjetima. Osobito je pogodno za kori\u0161tenje u pje\u0161\u010danim i blatom prekrivenim okru\u017eenjima.<\/p>\n<p>Sidra ovog tipa cijene se zbog svoje stabilnosti, u\u010dinkovito se otporna na pomjeranje tijekom promjena vjetra ili plime. Umjesto toga, nje\u017eno se okre\u0107u na morskom dnu kako bi se uskladila s prevladavaju\u0107im silama.<\/p>\n<p><strong>Tehni\u010dke specifikacije:<\/strong><\/p>\n<ol>\n<li><strong>Materijal:<\/strong> Nehr\u0111aju\u0107i \u010delik (AISI 316, AISI 304), legura odljevaka i karbonski \u010delik.<\/li>\n<li><strong>Tehnika:<\/strong> Precizno lijevanje.<\/li>\n<li><strong>Povr\u0161inska obrada:<\/strong> Dostupno u ogledalnom ili satiniranom poliranju, kao i pocin\u010danim opcijama.<\/li>\n<li><strong>Proizvodni proces:<\/strong> Silika sol, metoda izgubljenog voska.<\/li>\n<\/ol>\n<p>Porijeklom iz 1970-ih, Bruce ili Claw sidro ostaje omiljeni izbor me\u0111u rekreativnim nauti\u010darima.<\/p>\n<p>Bruce sidro se isti\u010de kao svestrana opcija, izuzetno se dobro pona\u0161a na razli\u010ditim morskim dnima, uklju\u010duju\u0107i blato, pijesak, travu, kamen i koralje. Me\u0111utim, mo\u017ee imati pote\u0161ko\u0107a pri penetraciji te\u017ee povr\u0161ine kao \u0161to je glina. Njegov dizajn s tri kand\u017ee olak\u0161ava postavljanje u usporedbi s drugim sidrima, a brzo se ponovo postavlja ako bude pomaknuto. Va\u017eno je napomenuti da Bruce sidro ima manju snagu dr\u017eanja po funtu od nekih alternativnih opcija, poput Delta ili Wing sidra; stoga bi mogla biti potrebna ve\u0107a veli\u010dina za postizanje uporedive snage dr\u017eanja.<\/p>\n","protected":false},"excerpt":{"rendered":"<p>Bruce Sidro od nehr\u0111aju\u0107eg \u010delika 10kg &#8211; Sa zadovoljstvom predstavljamo sidro Bruce B-tip od nehr\u0111aju\u0107eg \u010delika s ogledalnim poliranjem, proizvod<\/p>\n","protected":false},"featured_media":5937478,"comment_status":"open","ping_status":"closed","template":"","meta":[],"product_brand":[3121],"product_cat":[1863],"product_tag":[],"class_list":{"0":"post-740028","1":"product","2":"type-product","3":"status-publish","4":"has-post-thumbnail","6":"product_brand-marinetech-hr","7":"product_cat-sidra-bruce","9":"first","10":"instock","11":"shipping-taxable","12":"purchasable","13":"product-type-simple"},"_links":{"self":[{"href":"https:\/\/stoic-curie.212-227-153-4.plesk.page\/hr\/wp-json\/wp\/v2\/product\/740028","targetHints":{"allow":["GET"]}}],"collection":[{"href":"https:\/\/stoic-curie.212-227-153-4.plesk.page\/hr\/wp-json\/wp\/v2\/product"}],"about":[{"href":"https:\/\/stoic-curie.212-227-153-4.plesk.page\/hr\/wp-json\/wp\/v2\/types\/product"}],"replies":[{"embeddable":true,"href":"https:\/\/stoic-curie.212-227-153-4.plesk.page\/hr\/wp-json\/wp\/v2\/comments?post=740028"}],"version-history":[{"count":0,"href":"https:\/\/stoic-curie.212-227-153-4.plesk.page\/hr\/wp-json\/wp\/v2\/product\/740028\/revisions"}],"wp:featuredmedia":[{"embeddable":true,"href":"https:\/\/stoic-curie.212-227-153-4.plesk.page\/hr\/wp-json\/wp\/v2\/media\/5937478"}],"wp:attachment":[{"href":"https:\/\/stoic-curie.212-227-153-4.plesk.page\/hr\/wp-json\/wp\/v2\/media?parent=740028"}],"wp:term":[{"taxonomy":"product_brand","embeddable":true,"href":"https:\/\/stoic-curie.212-227-153-4.plesk.page\/hr\/wp-json\/wp\/v2\/product_brand?post=740028"},{"taxonomy":"product_cat","embeddable":true,"href":"https:\/\/stoic-curie.212-227-153-4.plesk.page\/hr\/wp-json\/wp\/v2\/product_cat?post=740028"},{"taxonomy":"product_tag","embeddable":true,"href":"https:\/\/stoic-curie.212-227-153-4.plesk.page\/hr\/wp-json\/wp\/v2\/product_tag?post=740028"}],"curies":[{"name":"wp","href":"https:\/\/api.w.org\/{rel}","templated":true}]}}