{"id":740029,"date":"2025-03-03T18:06:37","date_gmt":"2025-03-03T17:06:37","guid":{"rendered":"https:\/\/stoic-curie.212-227-153-4.plesk.page\/producto\/bruce-sidro-od-nehrdajuceg-celika-15kg\/"},"modified":"2026-02-25T00:00:40","modified_gmt":"2026-02-25T00:00:40","slug":"bruce-sidro-od-nehrdajuceg-celika-15kg","status":"publish","type":"product","link":"https:\/\/stoic-curie.212-227-153-4.plesk.page\/hr\/product\/bruce-sidro-od-nehrdajuceg-celika-15kg\/","title":{"rendered":"Bruce Sidro od nehr\u0111aju\u0107eg \u010delika 15kg"},"content":{"rendered":"<p>Bruce Sidro od nehr\u0111aju\u0107eg \u010delika 15kg &#8211; <\/p>\n<p style=\"color: rgb(34, 34, 34); font-family: Arial, Helvetica, sans-serif; font-size: small;\">Predstavljamo sidro Bruce B-tip od nehr\u0111aju\u0107eg \u010delika s ogledalom, dizajnirano iz jedinstvene ideje. Ovo sidro brzo prepoznaje optimalni kut za penetraciju, zahvaljuju\u0107i dobro proporcionalnoj, \u0161irokoj konveksnoj bazi, koja osigurava \u010dvrsto prijanjanje u svim pomorskim uvjetima. Idealno je za kori\u0161tenje u pijesku i mulju. Sidro u obliku kand\u017ee Bruce brzo se postavlja na ve\u0107ini morskih dna, \u0161to ga \u010dini odli\u010dnim izborom za manje plovila.<\/p>\n<p style=\"color: rgb(34, 34, 34); font-family: Arial, Helvetica, sans-serif; font-size: small;\">Ova sidra su prepoznata po svojoj stabilnosti, u\u010dinkovito se odupiru\u0107i osipanju tijekom promjena vjetra ili plime. Umjesto toga, nje\u017eno se rotiraju po morskom dnu kako bi se uskladila s dominantnim silama.<\/p>\n<p style=\"color: rgb(34, 34, 34); font-family: Arial, Helvetica, sans-serif; font-size: small;\"><strong>Specifikacije:<\/strong><\/p>\n<ol style=\"color: rgb(34, 34, 34); font-family: Arial, Helvetica, sans-serif; font-size: small;\">\n<li><strong>Materijal:<\/strong> Nehr\u0111aju\u0107i \u010delik (AISI 316, AISI 304), legurna lijevanica i uglji\u010dni \u010delik.<\/li>\n<li><strong>Tehnika:<\/strong> Precizno lijevanje.<\/li>\n<li><strong>Zavr\u0161na obrada:<\/strong> Dostupno u ogledalu ili satenskoj polish, kao i galvaniziranim opcijama.<\/li>\n<li><strong>Proizvodni proces:<\/strong> Silika sol, metoda izgubljenog voska.<\/li>\n<\/ol>\n<p style=\"color: rgb(34, 34, 34); font-family: Arial, Helvetica, sans-serif; font-size: small;\">Porijeklo Bruce, ili kand\u017easto sidro, se\u017ee u 1970-e i i dalje je omiljeni izbor me\u0111u rekreativnim nauti\u010darima.<\/p>\n<p style=\"color: rgb(34, 34, 34); font-family: Arial, Helvetica, sans-serif; font-size: small;\">Sidro Bruce se izdvaja kao svestrana opcija, izvrsno funkcionira na raznim morskim dnom, uklju\u010duju\u0107i mulj, pijesak, travu, kamen i koralje. Me\u0111utim, mo\u017ee imati pote\u0161ko\u0107a s penetracijom tvr\u0111ih povr\u0161ina poput gline. Njegov dizajn s tri kand\u017ee olak\u0161ava postavljanje u usporedbi s drugim sidrima, a brzo se resetira ako se pomakne. Va\u017eno je napomenuti da sidro Bruce ima manju snagu dr\u017eanja po kilogramu u usporedbi s nekim alternativama, kao \u0161to su Delta ili Wing sidra, pa mo\u017ee biti potrebna ve\u0107a veli\u010dina za usporedivu snagu dr\u017eanja.<\/p>\n","protected":false},"excerpt":{"rendered":"<p>Bruce Sidro od nehr\u0111aju\u0107eg \u010delika 15kg &#8211; Predstavljamo sidro Bruce B-tip od nehr\u0111aju\u0107eg \u010delika s ogledalom, dizajnirano iz jedinstvene ideje.<\/p>\n","protected":false},"featured_media":5937478,"comment_status":"open","ping_status":"closed","template":"","meta":[],"product_brand":[3121],"product_cat":[1863],"product_tag":[],"class_list":{"0":"post-740029","1":"product","2":"type-product","3":"status-publish","4":"has-post-thumbnail","6":"product_brand-marinetech-hr","7":"product_cat-sidra-bruce","9":"first","10":"instock","11":"shipping-taxable","12":"purchasable","13":"product-type-simple"},"_links":{"self":[{"href":"https:\/\/stoic-curie.212-227-153-4.plesk.page\/hr\/wp-json\/wp\/v2\/product\/740029","targetHints":{"allow":["GET"]}}],"collection":[{"href":"https:\/\/stoic-curie.212-227-153-4.plesk.page\/hr\/wp-json\/wp\/v2\/product"}],"about":[{"href":"https:\/\/stoic-curie.212-227-153-4.plesk.page\/hr\/wp-json\/wp\/v2\/types\/product"}],"replies":[{"embeddable":true,"href":"https:\/\/stoic-curie.212-227-153-4.plesk.page\/hr\/wp-json\/wp\/v2\/comments?post=740029"}],"version-history":[{"count":0,"href":"https:\/\/stoic-curie.212-227-153-4.plesk.page\/hr\/wp-json\/wp\/v2\/product\/740029\/revisions"}],"wp:featuredmedia":[{"embeddable":true,"href":"https:\/\/stoic-curie.212-227-153-4.plesk.page\/hr\/wp-json\/wp\/v2\/media\/5937478"}],"wp:attachment":[{"href":"https:\/\/stoic-curie.212-227-153-4.plesk.page\/hr\/wp-json\/wp\/v2\/media?parent=740029"}],"wp:term":[{"taxonomy":"product_brand","embeddable":true,"href":"https:\/\/stoic-curie.212-227-153-4.plesk.page\/hr\/wp-json\/wp\/v2\/product_brand?post=740029"},{"taxonomy":"product_cat","embeddable":true,"href":"https:\/\/stoic-curie.212-227-153-4.plesk.page\/hr\/wp-json\/wp\/v2\/product_cat?post=740029"},{"taxonomy":"product_tag","embeddable":true,"href":"https:\/\/stoic-curie.212-227-153-4.plesk.page\/hr\/wp-json\/wp\/v2\/product_tag?post=740029"}],"curies":[{"name":"wp","href":"https:\/\/api.w.org\/{rel}","templated":true}]}}