{"id":740030,"date":"2025-03-03T18:06:37","date_gmt":"2025-03-03T17:06:37","guid":{"rendered":"https:\/\/stoic-curie.212-227-153-4.plesk.page\/producto\/bruce-sidro-od-nehrdajuceg-celika-20kg\/"},"modified":"2026-02-25T00:00:40","modified_gmt":"2026-02-25T00:00:40","slug":"bruce-sidro-od-nehrdajuceg-celika-20kg","status":"publish","type":"product","link":"https:\/\/stoic-curie.212-227-153-4.plesk.page\/hr\/product\/bruce-sidro-od-nehrdajuceg-celika-20kg\/","title":{"rendered":"Bruce Sidro od nehr\u0111aju\u0107eg \u010delika 20kg"},"content":{"rendered":"<p>Bruce Sidro od nehr\u0111aju\u0107eg \u010delika 20kg &#8211; <\/p>\n<p style=\"color: rgb(34, 34, 34); font-family: Arial, Helvetica, sans-serif; font-size: small;\"><strong>20kg Nehr\u0111aju\u0107i \u010delik Bruce sidro<\/strong><\/p>\n<p style=\"color: rgb(34, 34, 34); font-family: Arial, Helvetica, sans-serif; font-size: small;\">Nehr\u0111aju\u0107a sidra Bruce\/Claw kombiniraju poznate karakteristike Bruce sidra s predivnim, visoko poliranim zavr\u0161nim slojem od 316 nehr\u0111aju\u0107eg \u010delika. Ova kombinacija stvara sidro koje je jedno od vizualno najprivla\u010dnijih opcija na tr\u017ei\u0161tu. Sidro od nehr\u0111aju\u0107eg \u010delika Bruce s ogledalom osmi\u0161ljeno je kako bi brzo postiglo savr\u0161en kut za penetraciju, zahvaljuju\u0107i svom dobro uravnote\u017eenom, \u0161irokom \u017elicu s udubljenjem. Ovaj dizajn osigurava sigurno dr\u017eanje u razli\u010ditim pomorskim uvjetima, osobito u pje\u0161\u010danim i mutnim okru\u017eenjima.<\/p>\n<p style=\"color: rgb(34, 34, 34); font-family: Arial, Helvetica, sans-serif; font-size: small;\">Te\u017eine 20 kg, Premium AISI 316 sidro od nehr\u0111aju\u0107eg \u010delika s ogledalom predstavlja vrhunsku, robusnu morsku sidro, pa\u017eljivo izra\u0111eno za pouzdan vez u razli\u010ditim pomorskim okru\u017eenjima. Izra\u0111eno od visokokvalitetnog AISI 316 sidra od nehr\u0111aju\u0107eg \u010delika, ovo sidro nudi izvanrednu otpornost na koroziju i trajnost, \u010dine\u0107i ga odli\u010dnim izborom za rekreativne i profesionalne moreplovce.<\/p>\n<p style=\"color: rgb(34, 34, 34); font-family: Arial, Helvetica, sans-serif; font-size: small;\">20 kg Bruce sidro pru\u017ea sna\u017enu snagu dr\u017eanja, daju\u0107i vam mir kada osiguravate svoje plovilo. Njegov jedinstveni dizajn ima \u0161iroko podru\u010dje \u017elice, \u0161to pobolj\u0161ava postavljanje i izvla\u010denje, \u010dak i u izazovnim uvjetima morskog dna. Polirani zavr\u0161ni sloj od nehr\u0111aju\u0107eg \u010delika ne samo da pobolj\u0161ava njegov izgled, ve\u0107 tako\u0111er smanjuje rizik od hr\u0111e i tro\u0161enja, osiguravaju\u0107i dugotrajnu u\u010dinkovitost.<\/p>\n<p style=\"color: rgb(34, 34, 34); font-family: Arial, Helvetica, sans-serif; font-size: small;\">Ovo sidro je dizajnirano za razli\u010dite veli\u010dine i tipove \u010damaca, pokazuju\u0107i svoju svestranost za rekreativnu plovidbu i komercijalnu upotrebu. Bez obzira jeste li na vezu u luci, sidri na otvorenim vodama, ili osiguravate svoje plovilo za vrijeme lo\u0161eg vremena, ovo Bruce sidro pru\u017ea izvanredne performanse i stabilnost.<\/p>\n<p style=\"color: rgb(34, 34, 34); font-family: Arial, Helvetica, sans-serif; font-size: small;\"><strong>Klju\u010dne zna\u010dajke Bruce sidra:<\/strong><\/p>\n<ul style=\"color: rgb(34, 34, 34); font-family: Arial, Helvetica, sans-serif; font-size: small;\">\n<li><strong>Materijal:<\/strong>&nbsp;AISI 316 polirani nehr\u0111aju\u0107i \u010delik<\/li>\n<li><strong>Te\u017eina:<\/strong>&nbsp;20 kg<\/li>\n<li><strong>Dizajn:<\/strong>&nbsp;Bruce dizajn s \u0161irokim podru\u010djem \u017elice<\/li>\n<li><strong>Otpornost na koroziju:<\/strong>&nbsp;Visokokvalitetni nehr\u0111aju\u0107i \u010delik<\/li>\n<li><strong>Primjene:<\/strong>&nbsp;Pogodno za \u0161irok raspon \u010damaca i morskih uvjeta<\/li>\n<\/ul>\n<p style=\"color: rgb(34, 34, 34); font-family: Arial, Helvetica, sans-serif; font-size: small;\"><strong>Specifikacije:<\/strong><\/p>\n<ul style=\"color: rgb(34, 34, 34); font-family: Arial, Helvetica, sans-serif; font-size: small;\">\n<li>C: 485mm<\/li>\n<li>B: 360mm<\/li>\n<li>A: 710mm<\/li>\n<li>Te\u017eina: 20kg<\/li>\n<li>Materijal: A4 razred nehr\u0111aju\u0107i \u010delik<\/li>\n<li>Zavr\u0161na obrada: Polirana<\/li>\n<\/ul>\n<div style=\"color: rgb(34, 34, 34); font-family: Arial, Helvetica, sans-serif; font-size: small;\">\n<div dir=\"ltr\" class=\"gmail_signature\" data-smartmail=\"gmail_signature\"><\/div>\n<\/div>\n<p style=\"color: rgb(34, 34, 34); font-family: Arial, Helvetica, sans-serif; font-size: small; font-style: normal; font-variant-ligatures: normal; font-variant-caps: normal; font-weight: 400; letter-spacing: normal; orphans: 2; text-align: start; text-indent: 0px; text-transform: none; widows: 2; word-spacing: 0px; -webkit-text-stroke-width: 0px; white-space: normal; text-decoration-thickness: initial; text-decoration-style: initial; text-decoration-color: initial;\">Bruce sidra brzo se postavljaju u ve\u0107ini morskih dna zahvaljuju\u0107i svom dizajnu s kand\u017eama, \u0161to ih \u010dini idealnim za male plovila. Poznata su po svojoj sposobnosti da \u010dvrsto dr\u017ee protiv promjena plime ili vjetra. Dizajnirana da se polako okrenu protiv morskog dna, uskla\u0111uju se s promjenjivim silama, osiguravaju\u0107i pouzdano sidrenje.<\/p>\n","protected":false},"excerpt":{"rendered":"<p>Bruce Sidro od nehr\u0111aju\u0107eg \u010delika 20kg &#8211; 20kg Nehr\u0111aju\u0107i \u010delik Bruce sidro Nehr\u0111aju\u0107a sidra Bruce\/Claw kombiniraju poznate karakteristike Bruce sidra<\/p>\n","protected":false},"featured_media":5937478,"comment_status":"open","ping_status":"closed","template":"","meta":[],"product_brand":[3121],"product_cat":[1863],"product_tag":[],"class_list":{"0":"post-740030","1":"product","2":"type-product","3":"status-publish","4":"has-post-thumbnail","6":"product_brand-marinetech-hr","7":"product_cat-sidra-bruce","9":"first","10":"instock","11":"shipping-taxable","12":"purchasable","13":"product-type-simple"},"_links":{"self":[{"href":"https:\/\/stoic-curie.212-227-153-4.plesk.page\/hr\/wp-json\/wp\/v2\/product\/740030","targetHints":{"allow":["GET"]}}],"collection":[{"href":"https:\/\/stoic-curie.212-227-153-4.plesk.page\/hr\/wp-json\/wp\/v2\/product"}],"about":[{"href":"https:\/\/stoic-curie.212-227-153-4.plesk.page\/hr\/wp-json\/wp\/v2\/types\/product"}],"replies":[{"embeddable":true,"href":"https:\/\/stoic-curie.212-227-153-4.plesk.page\/hr\/wp-json\/wp\/v2\/comments?post=740030"}],"version-history":[{"count":0,"href":"https:\/\/stoic-curie.212-227-153-4.plesk.page\/hr\/wp-json\/wp\/v2\/product\/740030\/revisions"}],"wp:featuredmedia":[{"embeddable":true,"href":"https:\/\/stoic-curie.212-227-153-4.plesk.page\/hr\/wp-json\/wp\/v2\/media\/5937478"}],"wp:attachment":[{"href":"https:\/\/stoic-curie.212-227-153-4.plesk.page\/hr\/wp-json\/wp\/v2\/media?parent=740030"}],"wp:term":[{"taxonomy":"product_brand","embeddable":true,"href":"https:\/\/stoic-curie.212-227-153-4.plesk.page\/hr\/wp-json\/wp\/v2\/product_brand?post=740030"},{"taxonomy":"product_cat","embeddable":true,"href":"https:\/\/stoic-curie.212-227-153-4.plesk.page\/hr\/wp-json\/wp\/v2\/product_cat?post=740030"},{"taxonomy":"product_tag","embeddable":true,"href":"https:\/\/stoic-curie.212-227-153-4.plesk.page\/hr\/wp-json\/wp\/v2\/product_tag?post=740030"}],"curies":[{"name":"wp","href":"https:\/\/api.w.org\/{rel}","templated":true}]}}