{"id":740031,"date":"2025-03-03T18:06:37","date_gmt":"2025-03-03T17:06:37","guid":{"rendered":"https:\/\/stoic-curie.212-227-153-4.plesk.page\/producto\/bruce-sidro-od-nehrdajuceg-celika-30kg\/"},"modified":"2026-02-25T00:00:40","modified_gmt":"2026-02-25T00:00:40","slug":"bruce-sidro-od-nehrdajuceg-celika-30kg","status":"publish","type":"product","link":"https:\/\/stoic-curie.212-227-153-4.plesk.page\/hr\/product\/bruce-sidro-od-nehrdajuceg-celika-30kg\/","title":{"rendered":"Bruce Sidro od nehrdaju\u0107eg \u010delika 30kg"},"content":{"rendered":"<p>Bruce Sidro od nehrdaju\u0107eg \u010delika 30kg &#8211; <\/p>\n<p style=\"color: rgb(34, 34, 34); font-family: Arial, Helvetica, sans-serif; font-size: small;\">Nehr\u0111aju\u0107i \u010delik Bruce\/Claw sidra lako kombiniraju cijenjene osobine Bruce sidra s prekrasnim, visokopoliranim 316 nehr\u0111aju\u0107im \u010delikom. Ova fuzija rezultira sidrom koje se bez sumnje smatra vizualno najprivla\u010dnijim na tr\u017ei\u0161tu. Visoko polirani nehr\u0111aju\u0107i \u010delik Bruce sidro projektirano je za brzo postizanje idealnog kuta za penetraciju, zahvaljuju\u0107i dobro izbalansiranoj, \u0161irokoj \u017elici konveksnoj bazi, koja jam\u010di sigurno prianjanje u svim pomorskim uvjetima, posebno u pje\u0161\u010danim i blatom okru\u017eenjima.<\/p>\n<p style=\"color: rgb(34, 34, 34); font-family: Arial, Helvetica, sans-serif; font-size: small;\">Premium AISI 316 Polirano Nehr\u0111aju\u0107e \u010celik Bruce sidro, s te\u017einom od 30 kg, predstavlja prvo klasu opskrbnog sidra, precizno dizajnirano za pouzdano vezivanje u raznim pomorskim okru\u017eenjima. Izra\u0111eno od superiornog AISI 316 visokopoliranog nehr\u0111aju\u0107eg \u010delika, ovo sidro nudi izvanrednu otpornost na koroziju i trajnost, \u010dine\u0107i ga iznimnim izborom i za rekreativne i profesionalne moreplovce.<\/p>\n<p style=\"color: rgb(34, 34, 34); font-family: Arial, Helvetica, sans-serif; font-size: small;\">Sa 30 kg, Bruce sidro nudi optimalnu snagu dr\u017eanja, pru\u017eaju\u0107i sigurnost prilikom osiguravanja va\u0161eg plovila. Njegov jedinstveni dizajn uklju\u010duje \u0161iroku fluku, \u0161to pobolj\u0161ava u\u010dinkovitost postavljanja i vra\u0107anja, \u010dak i u te\u0161kim uvjetima morskog dna. Visoko polirani nehr\u0111aju\u0107i \u010delik ne samo da pobolj\u0161ava njegov vizualni privla\u010dnost, ve\u0107 i smanjuje vjerojatnost hr\u0111e i propadanja, osiguravaju\u0107i dugovje\u010dnost i pouzdanost.<\/p>\n<p style=\"color: rgb(34, 34, 34); font-family: Arial, Helvetica, sans-serif; font-size: small;\">Ovo sidro je dizajnirano da odgovara razli\u010ditim veli\u010dinama brodova i tipovima, isti\u010du\u0107i njegovu svestranost i za rekreativne i komercijalne primjene. Bilo da sidrite u luci, sidrite u otvorenim vodama ili osiguravate svoje plovilo tijekom nepovoljnih vremenskih uvjeta, ovo Bruce sidro pru\u017ea iznimne performanse i stabilnost.<\/p>\n<p style=\"color: rgb(34, 34, 34); font-family: Arial, Helvetica, sans-serif; font-size: small;\">Klju\u010dne karakteristike Bruce sidra uklju\u010duju:<\/p>\n<ul style=\"color: rgb(34, 34, 34); font-family: Arial, Helvetica, sans-serif; font-size: small;\">\n<li>Materijal: AISI 316 polirani nehr\u0111aju\u0107i \u010delik<\/li>\n<li>Te\u017eina: 30 kg<\/li>\n<li>Dizajn: Bruce dizajn s \u0161irokim flukom<\/li>\n<li>Otpornost na koroziju: visokokvalitetni nehr\u0111aju\u0107i \u010delik<\/li>\n<li>Primjene: Pogodno za razne brodove i morska stanja<\/li>\n<\/ul>\n","protected":false},"excerpt":{"rendered":"<p>Bruce Sidro od nehrdaju\u0107eg \u010delika 30kg &#8211; Nehr\u0111aju\u0107i \u010delik Bruce\/Claw sidra lako kombiniraju cijenjene osobine Bruce sidra s prekrasnim, visokopoliranim<\/p>\n","protected":false},"featured_media":5937478,"comment_status":"open","ping_status":"closed","template":"","meta":[],"product_brand":[3121],"product_cat":[1863],"product_tag":[],"class_list":{"0":"post-740031","1":"product","2":"type-product","3":"status-publish","4":"has-post-thumbnail","6":"product_brand-marinetech-hr","7":"product_cat-sidra-bruce","9":"first","10":"instock","11":"shipping-taxable","12":"purchasable","13":"product-type-simple"},"_links":{"self":[{"href":"https:\/\/stoic-curie.212-227-153-4.plesk.page\/hr\/wp-json\/wp\/v2\/product\/740031","targetHints":{"allow":["GET"]}}],"collection":[{"href":"https:\/\/stoic-curie.212-227-153-4.plesk.page\/hr\/wp-json\/wp\/v2\/product"}],"about":[{"href":"https:\/\/stoic-curie.212-227-153-4.plesk.page\/hr\/wp-json\/wp\/v2\/types\/product"}],"replies":[{"embeddable":true,"href":"https:\/\/stoic-curie.212-227-153-4.plesk.page\/hr\/wp-json\/wp\/v2\/comments?post=740031"}],"version-history":[{"count":0,"href":"https:\/\/stoic-curie.212-227-153-4.plesk.page\/hr\/wp-json\/wp\/v2\/product\/740031\/revisions"}],"wp:featuredmedia":[{"embeddable":true,"href":"https:\/\/stoic-curie.212-227-153-4.plesk.page\/hr\/wp-json\/wp\/v2\/media\/5937478"}],"wp:attachment":[{"href":"https:\/\/stoic-curie.212-227-153-4.plesk.page\/hr\/wp-json\/wp\/v2\/media?parent=740031"}],"wp:term":[{"taxonomy":"product_brand","embeddable":true,"href":"https:\/\/stoic-curie.212-227-153-4.plesk.page\/hr\/wp-json\/wp\/v2\/product_brand?post=740031"},{"taxonomy":"product_cat","embeddable":true,"href":"https:\/\/stoic-curie.212-227-153-4.plesk.page\/hr\/wp-json\/wp\/v2\/product_cat?post=740031"},{"taxonomy":"product_tag","embeddable":true,"href":"https:\/\/stoic-curie.212-227-153-4.plesk.page\/hr\/wp-json\/wp\/v2\/product_tag?post=740031"}],"curies":[{"name":"wp","href":"https:\/\/api.w.org\/{rel}","templated":true}]}}