{"id":740033,"date":"2025-03-03T18:06:38","date_gmt":"2025-03-03T17:06:38","guid":{"rendered":"https:\/\/stoic-curie.212-227-153-4.plesk.page\/producto\/dalekozor-nikon-aculon-t01-plavi-8-x-21\/"},"modified":"2026-02-25T00:00:40","modified_gmt":"2026-02-25T00:00:40","slug":"dalekozor-nikon-aculon-t01-plavi-8-x-21","status":"publish","type":"product","link":"https:\/\/stoic-curie.212-227-153-4.plesk.page\/hr\/product\/dalekozor-nikon-aculon-t01-plavi-8-x-21\/","title":{"rendered":"Dalekozor Nikon Aculon T01 Plavi 8 x 21"},"content":{"rendered":"<p>Dalekozor Nikon Aculon T01 Plavi 8 x 21 &#8211; <\/p>\n<p>Elegantni i kompaktni dizajn dvogleda veli\u010dine u d\u017eep. Lagani i jednostavni za kori\u0161tenje. Vi\u0161eslojni premaz objektiva za svijetle i visoko kontrastne slike, ekolo\u0161ki dijelovi od stakla bez olova ili arsena. Jamstvo od 10 godina.<\/p>\n","protected":false},"excerpt":{"rendered":"<p>Dalekozor Nikon Aculon T01 Plavi 8 x 21 &#8211; Elegantni i kompaktni dizajn dvogleda veli\u010dine u d\u017eep. Lagani i jednostavni<\/p>\n","protected":false},"featured_media":5937482,"comment_status":"open","ping_status":"closed","template":"","meta":[],"product_brand":[3196],"product_cat":[1779],"product_tag":[],"class_list":{"0":"post-740033","1":"product","2":"type-product","3":"status-publish","4":"has-post-thumbnail","6":"product_brand-nikon-marine-hr","7":"product_cat-brodski-dalekozor","9":"first","10":"instock","11":"shipping-taxable","12":"purchasable","13":"product-type-simple"},"_links":{"self":[{"href":"https:\/\/stoic-curie.212-227-153-4.plesk.page\/hr\/wp-json\/wp\/v2\/product\/740033","targetHints":{"allow":["GET"]}}],"collection":[{"href":"https:\/\/stoic-curie.212-227-153-4.plesk.page\/hr\/wp-json\/wp\/v2\/product"}],"about":[{"href":"https:\/\/stoic-curie.212-227-153-4.plesk.page\/hr\/wp-json\/wp\/v2\/types\/product"}],"replies":[{"embeddable":true,"href":"https:\/\/stoic-curie.212-227-153-4.plesk.page\/hr\/wp-json\/wp\/v2\/comments?post=740033"}],"version-history":[{"count":0,"href":"https:\/\/stoic-curie.212-227-153-4.plesk.page\/hr\/wp-json\/wp\/v2\/product\/740033\/revisions"}],"wp:featuredmedia":[{"embeddable":true,"href":"https:\/\/stoic-curie.212-227-153-4.plesk.page\/hr\/wp-json\/wp\/v2\/media\/5937482"}],"wp:attachment":[{"href":"https:\/\/stoic-curie.212-227-153-4.plesk.page\/hr\/wp-json\/wp\/v2\/media?parent=740033"}],"wp:term":[{"taxonomy":"product_brand","embeddable":true,"href":"https:\/\/stoic-curie.212-227-153-4.plesk.page\/hr\/wp-json\/wp\/v2\/product_brand?post=740033"},{"taxonomy":"product_cat","embeddable":true,"href":"https:\/\/stoic-curie.212-227-153-4.plesk.page\/hr\/wp-json\/wp\/v2\/product_cat?post=740033"},{"taxonomy":"product_tag","embeddable":true,"href":"https:\/\/stoic-curie.212-227-153-4.plesk.page\/hr\/wp-json\/wp\/v2\/product_tag?post=740033"}],"curies":[{"name":"wp","href":"https:\/\/api.w.org\/{rel}","templated":true}]}}