{"id":740034,"date":"2025-03-03T18:06:38","date_gmt":"2025-03-03T17:06:38","guid":{"rendered":"https:\/\/stoic-curie.212-227-153-4.plesk.page\/producto\/dalekozor-nikon-aculon-7-x-35\/"},"modified":"2026-02-25T00:00:40","modified_gmt":"2026-02-25T00:00:40","slug":"dalekozor-nikon-aculon-7-x-35","status":"publish","type":"product","link":"https:\/\/stoic-curie.212-227-153-4.plesk.page\/hr\/product\/dalekozor-nikon-aculon-7-x-35\/","title":{"rendered":"Dalekozor Nikon Aculon 7 x 35"},"content":{"rendered":"<p>Dalekozor Nikon Aculon 7 x 35 &#8211; <\/p>\n<p>Aculon A211 7&#215;35 nudi vrhunske opti\u010dke performanse u kompaktnim dalekozorima.  \u2022 Sustav sredi\u0161njeg fokusiranja \u2022 Veliki promjer objektiva za svjetliju i \u0161iru vidnu polja \u2022 Vi\u0161eslojne premazane le\u0107e za svijetle, o\u0161tre slike \u2022 Asferi\u010dne le\u0107e okulara za neizkrivljene slike preko cijele povr\u0161ine le\u0107e \u2022 Gumena obloga nudi otpornost na udarce i siguran, udoban zahvat \u2022 U kompletu s remenom i futrolom \u2022 10 godina jamstva.<\/p>\n","protected":false},"excerpt":{"rendered":"<p>Dalekozor Nikon Aculon 7 x 35 &#8211; Aculon A211 7&#215;35 nudi vrhunske opti\u010dke performanse u kompaktnim dalekozorima. \u2022 Sustav sredi\u0161njeg<\/p>\n","protected":false},"featured_media":5937484,"comment_status":"open","ping_status":"closed","template":"","meta":[],"product_brand":[3196],"product_cat":[1779],"product_tag":[],"class_list":{"0":"post-740034","1":"product","2":"type-product","3":"status-publish","4":"has-post-thumbnail","6":"product_brand-nikon-marine-hr","7":"product_cat-brodski-dalekozor","9":"first","10":"instock","11":"shipping-taxable","12":"purchasable","13":"product-type-simple"},"_links":{"self":[{"href":"https:\/\/stoic-curie.212-227-153-4.plesk.page\/hr\/wp-json\/wp\/v2\/product\/740034","targetHints":{"allow":["GET"]}}],"collection":[{"href":"https:\/\/stoic-curie.212-227-153-4.plesk.page\/hr\/wp-json\/wp\/v2\/product"}],"about":[{"href":"https:\/\/stoic-curie.212-227-153-4.plesk.page\/hr\/wp-json\/wp\/v2\/types\/product"}],"replies":[{"embeddable":true,"href":"https:\/\/stoic-curie.212-227-153-4.plesk.page\/hr\/wp-json\/wp\/v2\/comments?post=740034"}],"version-history":[{"count":0,"href":"https:\/\/stoic-curie.212-227-153-4.plesk.page\/hr\/wp-json\/wp\/v2\/product\/740034\/revisions"}],"wp:featuredmedia":[{"embeddable":true,"href":"https:\/\/stoic-curie.212-227-153-4.plesk.page\/hr\/wp-json\/wp\/v2\/media\/5937484"}],"wp:attachment":[{"href":"https:\/\/stoic-curie.212-227-153-4.plesk.page\/hr\/wp-json\/wp\/v2\/media?parent=740034"}],"wp:term":[{"taxonomy":"product_brand","embeddable":true,"href":"https:\/\/stoic-curie.212-227-153-4.plesk.page\/hr\/wp-json\/wp\/v2\/product_brand?post=740034"},{"taxonomy":"product_cat","embeddable":true,"href":"https:\/\/stoic-curie.212-227-153-4.plesk.page\/hr\/wp-json\/wp\/v2\/product_cat?post=740034"},{"taxonomy":"product_tag","embeddable":true,"href":"https:\/\/stoic-curie.212-227-153-4.plesk.page\/hr\/wp-json\/wp\/v2\/product_tag?post=740034"}],"curies":[{"name":"wp","href":"https:\/\/api.w.org\/{rel}","templated":true}]}}