{"id":740035,"date":"2025-03-03T18:06:38","date_gmt":"2025-03-03T17:06:38","guid":{"rendered":"https:\/\/stoic-curie.212-227-153-4.plesk.page\/producto\/dalekozor-nikon-aculon-7-x-50\/"},"modified":"2026-02-25T00:00:40","modified_gmt":"2026-02-25T00:00:40","slug":"dalekozor-nikon-aculon-7-x-50","status":"publish","type":"product","link":"https:\/\/stoic-curie.212-227-153-4.plesk.page\/hr\/product\/dalekozor-nikon-aculon-7-x-50\/","title":{"rendered":"Dalekozor Nikon Aculon 7 x 50"},"content":{"rendered":"<p>Dalekozor Nikon Aculon 7 x 50 &#8211; <\/p>\n<p>Aculon A211 7&#215;50 nudi dodatnu opti\u010dku izvedbu u klasi\u010dnom dizajnu dalekozora.<br \/>\n\u00e2\u0080\u00a2 Sustav sredi\u0161njeg fokusiranja<br \/>\n\u00e2\u0080\u00a2 Veliki promjer objektiva za svjetliju i \u0161iru vidnu polja<br \/>\n\u00e2\u0080\u00a2 Vi\u0161eslojne le\u0107e za svijetle, o\u0161tre slike<br \/>\n\u00e2\u0080\u00a2 Asferne okularne le\u0107e za neizkrivljene slike preko cijele povr\u0161ine le\u0107e<br \/>\n\u00e2\u0080\u00a2 Gumena za\u0161tita pru\u017ea otpornost na udarce i sigurno, udobno prianjanje<br \/>\n\u00e2\u0080\u00a2 U kompletu s remenom i torbom<br \/>\n\u00e2\u0080\u00a2 Jamstvo od 10 godina.<\/p>\n","protected":false},"excerpt":{"rendered":"<p>Dalekozor Nikon Aculon 7 x 50 &#8211; Aculon A211 7&#215;50 nudi dodatnu opti\u010dku izvedbu u klasi\u010dnom dizajnu dalekozora. \u00e2\u0080\u00a2 Sustav<\/p>\n","protected":false},"featured_media":5937485,"comment_status":"open","ping_status":"closed","template":"","meta":[],"product_brand":[3196],"product_cat":[1779],"product_tag":[],"class_list":{"0":"post-740035","1":"product","2":"type-product","3":"status-publish","4":"has-post-thumbnail","6":"product_brand-nikon-marine-hr","7":"product_cat-brodski-dalekozor","9":"first","10":"instock","11":"shipping-taxable","12":"purchasable","13":"product-type-simple"},"_links":{"self":[{"href":"https:\/\/stoic-curie.212-227-153-4.plesk.page\/hr\/wp-json\/wp\/v2\/product\/740035","targetHints":{"allow":["GET"]}}],"collection":[{"href":"https:\/\/stoic-curie.212-227-153-4.plesk.page\/hr\/wp-json\/wp\/v2\/product"}],"about":[{"href":"https:\/\/stoic-curie.212-227-153-4.plesk.page\/hr\/wp-json\/wp\/v2\/types\/product"}],"replies":[{"embeddable":true,"href":"https:\/\/stoic-curie.212-227-153-4.plesk.page\/hr\/wp-json\/wp\/v2\/comments?post=740035"}],"version-history":[{"count":0,"href":"https:\/\/stoic-curie.212-227-153-4.plesk.page\/hr\/wp-json\/wp\/v2\/product\/740035\/revisions"}],"wp:featuredmedia":[{"embeddable":true,"href":"https:\/\/stoic-curie.212-227-153-4.plesk.page\/hr\/wp-json\/wp\/v2\/media\/5937485"}],"wp:attachment":[{"href":"https:\/\/stoic-curie.212-227-153-4.plesk.page\/hr\/wp-json\/wp\/v2\/media?parent=740035"}],"wp:term":[{"taxonomy":"product_brand","embeddable":true,"href":"https:\/\/stoic-curie.212-227-153-4.plesk.page\/hr\/wp-json\/wp\/v2\/product_brand?post=740035"},{"taxonomy":"product_cat","embeddable":true,"href":"https:\/\/stoic-curie.212-227-153-4.plesk.page\/hr\/wp-json\/wp\/v2\/product_cat?post=740035"},{"taxonomy":"product_tag","embeddable":true,"href":"https:\/\/stoic-curie.212-227-153-4.plesk.page\/hr\/wp-json\/wp\/v2\/product_tag?post=740035"}],"curies":[{"name":"wp","href":"https:\/\/api.w.org\/{rel}","templated":true}]}}