{"id":740036,"date":"2025-03-03T18:06:38","date_gmt":"2025-03-03T17:06:38","guid":{"rendered":"https:\/\/stoic-curie.212-227-153-4.plesk.page\/producto\/dalekozor-nikon-akcija-7-x-50\/"},"modified":"2026-02-25T00:00:40","modified_gmt":"2026-02-25T00:00:40","slug":"dalekozor-nikon-akcija-7-x-50","status":"publish","type":"product","link":"https:\/\/stoic-curie.212-227-153-4.plesk.page\/hr\/product\/dalekozor-nikon-akcija-7-x-50\/","title":{"rendered":"Dalekozor Nikon Akcija 7 x 50"},"content":{"rendered":"<p>Dalekozor Nikon Akcija 7 x 50 &#8211; <\/p>\n<p>Nikon Action EX CF 7&#215;50 vodootporne i ne maglene dalekozorci.<br \/>\u2022 Vodootporni (do 1 metra tijekom 5 minuta) i bez magle s punjenjem du\u0161ikom<br \/>\u2022 Dizajn visokog osvjetljenja pru\u017ea jasno vidno polje \u010dak i za nositelje nao\u010dala<br \/>\u2022 Okulari s rotacijom i klizanjem omogu\u0107uju lako pozicioniranje o\u010diju.<br \/>\u2022 Duga udaljenost izme\u0111u o\u010diju za jasno vidno polje i za nositelje nao\u010dala.<br \/>\u2022 Vi\u0161eslojne le\u0107e i veliki promjer objektiva za izvrsnu jasno\u0107u slike.<br \/>\u2022 Gumenom oblogom za otpornost na udarce i \u010dvrsto, udobno dr\u017eanje.<br \/>\u2022 Asferi\u010dna okularna le\u0107a eliminira izobli\u010denja slike.<br \/>\u2022 Isporu\u010duje se s remenom i torbicom.<br \/>\u2022 Jamstvo od 10 godina<\/p>\n","protected":false},"excerpt":{"rendered":"<p>Dalekozor Nikon Akcija 7 x 50 &#8211; Nikon Action EX CF 7&#215;50 vodootporne i ne maglene dalekozorci.\u2022 Vodootporni (do 1<\/p>\n","protected":false},"featured_media":5937486,"comment_status":"open","ping_status":"closed","template":"","meta":[],"product_brand":[3196],"product_cat":[1779],"product_tag":[],"class_list":{"0":"post-740036","1":"product","2":"type-product","3":"status-publish","4":"has-post-thumbnail","6":"product_brand-nikon-marine-hr","7":"product_cat-brodski-dalekozor","9":"first","10":"instock","11":"shipping-taxable","12":"purchasable","13":"product-type-simple"},"_links":{"self":[{"href":"https:\/\/stoic-curie.212-227-153-4.plesk.page\/hr\/wp-json\/wp\/v2\/product\/740036","targetHints":{"allow":["GET"]}}],"collection":[{"href":"https:\/\/stoic-curie.212-227-153-4.plesk.page\/hr\/wp-json\/wp\/v2\/product"}],"about":[{"href":"https:\/\/stoic-curie.212-227-153-4.plesk.page\/hr\/wp-json\/wp\/v2\/types\/product"}],"replies":[{"embeddable":true,"href":"https:\/\/stoic-curie.212-227-153-4.plesk.page\/hr\/wp-json\/wp\/v2\/comments?post=740036"}],"version-history":[{"count":0,"href":"https:\/\/stoic-curie.212-227-153-4.plesk.page\/hr\/wp-json\/wp\/v2\/product\/740036\/revisions"}],"wp:featuredmedia":[{"embeddable":true,"href":"https:\/\/stoic-curie.212-227-153-4.plesk.page\/hr\/wp-json\/wp\/v2\/media\/5937486"}],"wp:attachment":[{"href":"https:\/\/stoic-curie.212-227-153-4.plesk.page\/hr\/wp-json\/wp\/v2\/media?parent=740036"}],"wp:term":[{"taxonomy":"product_brand","embeddable":true,"href":"https:\/\/stoic-curie.212-227-153-4.plesk.page\/hr\/wp-json\/wp\/v2\/product_brand?post=740036"},{"taxonomy":"product_cat","embeddable":true,"href":"https:\/\/stoic-curie.212-227-153-4.plesk.page\/hr\/wp-json\/wp\/v2\/product_cat?post=740036"},{"taxonomy":"product_tag","embeddable":true,"href":"https:\/\/stoic-curie.212-227-153-4.plesk.page\/hr\/wp-json\/wp\/v2\/product_tag?post=740036"}],"curies":[{"name":"wp","href":"https:\/\/api.w.org\/{rel}","templated":true}]}}