{"id":740037,"date":"2025-03-03T18:06:39","date_gmt":"2025-03-03T17:06:39","guid":{"rendered":"https:\/\/stoic-curie.212-227-153-4.plesk.page\/producto\/brodski-dalekozor-nikon-navy-7-x-50-s-kompasom\/"},"modified":"2026-02-25T00:00:40","modified_gmt":"2026-02-25T00:00:40","slug":"brodski-dalekozor-nikon-navy-7-x-50-s-kompasom","status":"publish","type":"product","link":"https:\/\/stoic-curie.212-227-153-4.plesk.page\/hr\/product\/brodski-dalekozor-nikon-navy-7-x-50-s-kompasom\/","title":{"rendered":"Brodski dalekozor Nikon Navy 7 x 50 s kompasom"},"content":{"rendered":"<p>Brodski dalekozor Nikon Navy 7 x 50 s kompasom &#8211; <\/p>\n<p>Nikon Navy CF WP 7&#215;50 vodootporne i magleno slobodne dalekozore s globalno uravnote\u017eenim kompasom koji vam omogu\u0107uje to\u010dno odre\u0111ivanje pravaca. <br \/>\u2022 Centralni sustav fokusiranja<br \/>\u2022 Vodootporno do 1 m na 5 minuta<br \/>\u2022 Bez magle s O-prstenima i du\u0161ikom<br \/>\u2022 Dizajn s visokom to\u010dkom gledanja za jasan vid, \u010dak i za korisnike nao\u010dala<br \/>\u2022 Vi\u0161eslojni premaz le\u0107a za svijetlu sliku<br \/>\u2022 Gumeno ku\u0107i\u0161te za otpornost na udarce i sigurnu, udobnu dr\u0161ku<br \/>\u2022 Upotpunjeno remenom, torbom i pluta\u010dem za ruke koji sprje\u010dava potapanje dalekozora<br \/>\u2022 10-godi\u0161nje jamstvo<\/p>\n","protected":false},"excerpt":{"rendered":"<p>Brodski dalekozor Nikon Navy 7 x 50 s kompasom &#8211; Nikon Navy CF WP 7&#215;50 vodootporne i magleno slobodne dalekozore<\/p>\n","protected":false},"featured_media":5937487,"comment_status":"open","ping_status":"closed","template":"","meta":[],"product_brand":[3196],"product_cat":[1779],"product_tag":[],"class_list":{"0":"post-740037","1":"product","2":"type-product","3":"status-publish","4":"has-post-thumbnail","6":"product_brand-nikon-marine-hr","7":"product_cat-brodski-dalekozor","9":"first","10":"instock","11":"shipping-taxable","12":"purchasable","13":"product-type-simple"},"_links":{"self":[{"href":"https:\/\/stoic-curie.212-227-153-4.plesk.page\/hr\/wp-json\/wp\/v2\/product\/740037","targetHints":{"allow":["GET"]}}],"collection":[{"href":"https:\/\/stoic-curie.212-227-153-4.plesk.page\/hr\/wp-json\/wp\/v2\/product"}],"about":[{"href":"https:\/\/stoic-curie.212-227-153-4.plesk.page\/hr\/wp-json\/wp\/v2\/types\/product"}],"replies":[{"embeddable":true,"href":"https:\/\/stoic-curie.212-227-153-4.plesk.page\/hr\/wp-json\/wp\/v2\/comments?post=740037"}],"version-history":[{"count":0,"href":"https:\/\/stoic-curie.212-227-153-4.plesk.page\/hr\/wp-json\/wp\/v2\/product\/740037\/revisions"}],"wp:featuredmedia":[{"embeddable":true,"href":"https:\/\/stoic-curie.212-227-153-4.plesk.page\/hr\/wp-json\/wp\/v2\/media\/5937487"}],"wp:attachment":[{"href":"https:\/\/stoic-curie.212-227-153-4.plesk.page\/hr\/wp-json\/wp\/v2\/media?parent=740037"}],"wp:term":[{"taxonomy":"product_brand","embeddable":true,"href":"https:\/\/stoic-curie.212-227-153-4.plesk.page\/hr\/wp-json\/wp\/v2\/product_brand?post=740037"},{"taxonomy":"product_cat","embeddable":true,"href":"https:\/\/stoic-curie.212-227-153-4.plesk.page\/hr\/wp-json\/wp\/v2\/product_cat?post=740037"},{"taxonomy":"product_tag","embeddable":true,"href":"https:\/\/stoic-curie.212-227-153-4.plesk.page\/hr\/wp-json\/wp\/v2\/product_tag?post=740037"}],"curies":[{"name":"wp","href":"https:\/\/api.w.org\/{rel}","templated":true}]}}