{"id":740038,"date":"2025-03-03T18:06:39","date_gmt":"2025-03-03T17:06:39","guid":{"rendered":"https:\/\/stoic-curie.212-227-153-4.plesk.page\/producto\/dometic-sunlight-plinsko-kuhalo-s-pecnicom-i-2-plamenika\/"},"modified":"2026-02-25T00:00:40","modified_gmt":"2026-02-25T00:00:40","slug":"dometic-sunlight-plinsko-kuhalo-s-pecnicom-i-2-plamenika","status":"publish","type":"product","link":"https:\/\/stoic-curie.212-227-153-4.plesk.page\/hr\/product\/dometic-sunlight-plinsko-kuhalo-s-pecnicom-i-2-plamenika\/","title":{"rendered":"Dometic Sunlight Plinski \u0160tednjak"},"content":{"rendered":"<p>Dometic Sunlight Plinski \u0160tednjak &#8211; <\/p>\n<p>Dometic Sunlight plinski \u0161tednjak opremljen je pe\u0107nicom i s dva plamenika. Njegov kompaktan dizajn \u010dini ga idealnim za kuhinje ili ograni\u010dene prostore. Ovaj plinski \u0161tednjak ima pe\u0107nicu zapremine 28 litara, uz dva plamenika koja uklju\u010duju dr\u017ea\u010de posuda, sigurnosnu bravu na vratima i pouzdan sustav paljenja. Omogu\u0107uje jednostavno upravljanje intenzitetom plamena i temperaturom.<\/p>\n<p>SunLight je kompaktni kuhinjski aparat s snagom pe\u0107nice od 1100W i opcijama plamenika od 1800W ili 2200W.<\/p>\n<p>Istaknute zna\u010dajke uklju\u010duju:<\/p>\n<ul>\n<li>Sustav paljenja za pobolj\u0161anu sigurnost<\/li>\n<li>Prozirna vrata koja vam omogu\u0107uju da pratite proces kuhanja<\/li>\n<\/ul>\n<p>Dimenzije proizvoda su sljede\u0107e:<\/p>\n<ul>\n<li>Dubina: 357 mm<\/li>\n<li>Visina: 398 mm<\/li>\n<li>\u0160irina: 449 mm<\/li>\n<\/ul>\n<p>Neto te\u017eina: 15,50 kg<\/p>\n","protected":false},"excerpt":{"rendered":"<p>Dometic Sunlight Plinski \u0160tednjak &#8211; Dometic Sunlight plinski \u0161tednjak opremljen je pe\u0107nicom i s dva plamenika. Njegov kompaktan dizajn \u010dini<\/p>\n","protected":false},"featured_media":5937490,"comment_status":"open","ping_status":"closed","template":"","meta":[],"product_brand":[2896],"product_cat":[1641],"product_tag":[],"class_list":{"0":"post-740038","1":"product","2":"type-product","3":"status-publish","4":"has-post-thumbnail","6":"product_brand-dometic-hr","7":"product_cat-brodski-stednjaci","9":"first","10":"outofstock","11":"shipping-taxable","12":"purchasable","13":"product-type-simple"},"_links":{"self":[{"href":"https:\/\/stoic-curie.212-227-153-4.plesk.page\/hr\/wp-json\/wp\/v2\/product\/740038","targetHints":{"allow":["GET"]}}],"collection":[{"href":"https:\/\/stoic-curie.212-227-153-4.plesk.page\/hr\/wp-json\/wp\/v2\/product"}],"about":[{"href":"https:\/\/stoic-curie.212-227-153-4.plesk.page\/hr\/wp-json\/wp\/v2\/types\/product"}],"replies":[{"embeddable":true,"href":"https:\/\/stoic-curie.212-227-153-4.plesk.page\/hr\/wp-json\/wp\/v2\/comments?post=740038"}],"version-history":[{"count":0,"href":"https:\/\/stoic-curie.212-227-153-4.plesk.page\/hr\/wp-json\/wp\/v2\/product\/740038\/revisions"}],"wp:featuredmedia":[{"embeddable":true,"href":"https:\/\/stoic-curie.212-227-153-4.plesk.page\/hr\/wp-json\/wp\/v2\/media\/5937490"}],"wp:attachment":[{"href":"https:\/\/stoic-curie.212-227-153-4.plesk.page\/hr\/wp-json\/wp\/v2\/media?parent=740038"}],"wp:term":[{"taxonomy":"product_brand","embeddable":true,"href":"https:\/\/stoic-curie.212-227-153-4.plesk.page\/hr\/wp-json\/wp\/v2\/product_brand?post=740038"},{"taxonomy":"product_cat","embeddable":true,"href":"https:\/\/stoic-curie.212-227-153-4.plesk.page\/hr\/wp-json\/wp\/v2\/product_cat?post=740038"},{"taxonomy":"product_tag","embeddable":true,"href":"https:\/\/stoic-curie.212-227-153-4.plesk.page\/hr\/wp-json\/wp\/v2\/product_tag?post=740038"}],"curies":[{"name":"wp","href":"https:\/\/api.w.org\/{rel}","templated":true}]}}