{"id":740039,"date":"2025-03-03T18:06:39","date_gmt":"2025-03-03T17:06:39","guid":{"rendered":"https:\/\/stoic-curie.212-227-153-4.plesk.page\/producto\/dometic-starlight-plinsko-kuhalo-s-pecnicom-i-2-plamenika\/"},"modified":"2026-02-25T00:00:40","modified_gmt":"2026-02-25T00:00:40","slug":"dometic-starlight-plinsko-kuhalo-s-pecnicom-i-2-plamenika","status":"publish","type":"product","link":"https:\/\/stoic-curie.212-227-153-4.plesk.page\/hr\/product\/dometic-starlight-plinsko-kuhalo-s-pecnicom-i-2-plamenika\/","title":{"rendered":"Dometic Starlight plinsko kuhalo s pe\u010dnicom"},"content":{"rendered":"<p>Dometic Starlight plinsko kuhalo s pe\u010dnicom &#8211; <\/p>\n<p style=\"color: rgb(34, 34, 34); font-family: Arial, Helvetica, sans-serif; font-size: small;\">Predstavljamo Dometic StarLight, plinski pe\u0107 na kojoj se nalazi ro\u0161tilj i dvostruka kuhalna plo\u010da. Ovaj kompaktni plinski kuhalnik uklju\u010duje pe\u0107nicu kapaciteta 28 litara i dva plamenika, opremljena dr\u017ea\u010dima za lonce, sigurnosnom bravom za vrata i pouzdanim sustavom paljenja. Pru\u017ea jednostavnu kontrolu plamena i temperature za va\u0161e potrebe kuhanja. StarLight model uklju\u010duje dodatni odjeljak za ro\u0161tiljanje, vrh od kaljenog stakla, piezoelektri\u010dno paljenje i unutarnje svjetlo. Pe\u0107nica pru\u017ea 1100W snage, ro\u0161tilj 1300W, a plamenici 1800W i 2200W.<\/p>\n<p style=\"color: rgb(34, 34, 34); font-family: Arial, Helvetica, sans-serif; font-size: small;\">Ova inovativna, uska plinska pe\u0107nica s ro\u0161tiljem i dvostrukom kuhalnom plo\u010dom posebno je dizajnirana da stane u uske prostore u kuhinjama \u010damaca.<\/p>\n<p style=\"color: rgb(34, 34, 34); font-family: Arial, Helvetica, sans-serif; font-size: small;\"><strong>Klju\u010dne zna\u010dajke:<\/strong><\/p>\n<ul style=\"color: rgb(34, 34, 34); font-family: Arial, Helvetica, sans-serif; font-size: small;\">\n<li><strong>Savr\u0161enstvo topline:<\/strong>\u00a0U\u017eivajte u preciznom kuhanju s podesivom kontrolom plamena.<\/li>\n<li><strong>\u010cisto i lako:<\/strong>\u00a0Jednostavno \u010di\u0161\u0107enje vrata i unutra\u0161njosti olak\u0161ava odr\u017eavanje.<\/li>\n<li><strong>Lako ro\u0161tiljanje:<\/strong>\u00a0Odvojeni odjeljak za ro\u0161tilj omogu\u0107ava svestranost u kuhanju.<\/li>\n<\/ul>\n<p style=\"color: rgb(34, 34, 34); font-family: Arial, Helvetica, sans-serif; font-size: small;\">Uska, potpuno nagibna pe\u0107nica od nehr\u0111aju\u0107eg \u010delika i ro\u0161tilj, zajedno s dvostrukom kuhalnom plo\u010dom, idealna je za manje galije. Lonci i tave \u010dvrsto se dr\u017ee na potporama od nehr\u0111aju\u0107eg \u010delika iznad kuhalne plo\u010de, dok prozirna staklena vrata prikazuju pe\u0107nicu kapaciteta 28 litara ispod odvojenog odjeljka za ro\u0161tiljanje.<\/p>\n<p style=\"color: rgb(34, 34, 34); font-family: Arial, Helvetica, sans-serif; font-size: small;\">Uklju\u010deni su prilagodljivi dr\u017ea\u010di za lonce i gimbals za dodatnu udobnost.<\/p>\n<p style=\"color: rgb(34, 34, 34); font-family: Arial, Helvetica, sans-serif; font-size: small;\"><strong>Tehni\u010dke specifikacije:<\/strong><\/p>\n<ul style=\"color: rgb(34, 34, 34); font-family: Arial, Helvetica, sans-serif; font-size: small;\">\n<li>Poklopci i dr\u017ea\u010di goriva od nehr\u0111aju\u0107eg \u010delika<\/li>\n<li>Pe\u0107nica kapaciteta 28 litara s odvojenim odjeljkom za ro\u0161tilj<\/li>\n<li>Sustav paljenja za sigurnost<\/li>\n<li>Ure\u0111aj za isklju\u010divanje plamena na svim plamenicima<\/li>\n<li>Jednostavna vrata i unutra\u0161njost za \u010di\u0161\u0107enje<\/li>\n<li>Donja staklena vrata s brava za sigurnost<\/li>\n<li>Prilagodljivi dr\u017ea\u010di, re\u0161etka za pe\u0107nicu i emaljirana posuda za pe\u010denje uklju\u010deni<\/li>\n<li>Izlaz pe\u0107nice: 1.1 kW<\/li>\n<li>Izlaz ro\u0161tilja: 1.3 kW<\/li>\n<li>Izlaz kuhalne plo\u010de: 1 x 2.2 kW i 1 x 1.8 kW<\/li>\n<li>Dimenzije: \u0160475 x V540 x D357 mm (s gimbals), \u0160449 x V508 x D357 mm (bez gimbals)<\/li>\n<li>Peso: 23 kg<\/li>\n<\/ul>\n<p style=\"color: rgb(34, 34, 34); font-family: Arial, Helvetica, sans-serif; font-size: small;\">Otkrijte savr\u0161eno rje\u0161enje za kuhanje za va\u0161u jahtu s Dometic StarLight<\/p>\n","protected":false},"excerpt":{"rendered":"<p>Dometic Starlight plinsko kuhalo s pe\u010dnicom &#8211; Predstavljamo Dometic StarLight, plinski pe\u0107 na kojoj se nalazi ro\u0161tilj i dvostruka kuhalna<\/p>\n","protected":false},"featured_media":5937491,"comment_status":"open","ping_status":"closed","template":"","meta":[],"product_brand":[2896],"product_cat":[1641],"product_tag":[],"class_list":{"0":"post-740039","1":"product","2":"type-product","3":"status-publish","4":"has-post-thumbnail","6":"product_brand-dometic-hr","7":"product_cat-brodski-stednjaci","9":"first","10":"outofstock","11":"shipping-taxable","12":"purchasable","13":"product-type-simple"},"_links":{"self":[{"href":"https:\/\/stoic-curie.212-227-153-4.plesk.page\/hr\/wp-json\/wp\/v2\/product\/740039","targetHints":{"allow":["GET"]}}],"collection":[{"href":"https:\/\/stoic-curie.212-227-153-4.plesk.page\/hr\/wp-json\/wp\/v2\/product"}],"about":[{"href":"https:\/\/stoic-curie.212-227-153-4.plesk.page\/hr\/wp-json\/wp\/v2\/types\/product"}],"replies":[{"embeddable":true,"href":"https:\/\/stoic-curie.212-227-153-4.plesk.page\/hr\/wp-json\/wp\/v2\/comments?post=740039"}],"version-history":[{"count":0,"href":"https:\/\/stoic-curie.212-227-153-4.plesk.page\/hr\/wp-json\/wp\/v2\/product\/740039\/revisions"}],"wp:featuredmedia":[{"embeddable":true,"href":"https:\/\/stoic-curie.212-227-153-4.plesk.page\/hr\/wp-json\/wp\/v2\/media\/5937491"}],"wp:attachment":[{"href":"https:\/\/stoic-curie.212-227-153-4.plesk.page\/hr\/wp-json\/wp\/v2\/media?parent=740039"}],"wp:term":[{"taxonomy":"product_brand","embeddable":true,"href":"https:\/\/stoic-curie.212-227-153-4.plesk.page\/hr\/wp-json\/wp\/v2\/product_brand?post=740039"},{"taxonomy":"product_cat","embeddable":true,"href":"https:\/\/stoic-curie.212-227-153-4.plesk.page\/hr\/wp-json\/wp\/v2\/product_cat?post=740039"},{"taxonomy":"product_tag","embeddable":true,"href":"https:\/\/stoic-curie.212-227-153-4.plesk.page\/hr\/wp-json\/wp\/v2\/product_tag?post=740039"}],"curies":[{"name":"wp","href":"https:\/\/api.w.org\/{rel}","templated":true}]}}