{"id":740041,"date":"2025-03-03T18:06:39","date_gmt":"2025-03-03T17:06:39","guid":{"rendered":"https:\/\/stoic-curie.212-227-153-4.plesk.page\/producto\/prijenosni-plinski-stednjak-feuerdesign\/"},"modified":"2026-02-25T00:00:40","modified_gmt":"2026-02-25T00:00:40","slug":"prijenosni-plinski-stednjak-feuerdesign","status":"publish","type":"product","link":"https:\/\/stoic-curie.212-227-153-4.plesk.page\/hr\/product\/prijenosni-plinski-stednjak-feuerdesign\/","title":{"rendered":"Prijenosni plinski \u0161tednjak Feuerdesign"},"content":{"rendered":"<p>Prijenosni plinski \u0161tednjak Feuerdesign &#8211; <\/p>\n<p>Prijenosni plinski re\u0161etak Brunner s izmjenjivim Camping Gaz plinskim patronama. Plinski odjeljak od nehr\u0111aju\u0107eg \u010delika i prilagodljivi aluminijski plamenik s dvostrukim plamenom. Dolazi s piezoelektri\u010dnim sustavom paljenja, sigurnosnim termoparovima i prakti\u010dnom torbom za no\u0161enje.<\/p>\n","protected":false},"excerpt":{"rendered":"<p>Prijenosni plinski \u0161tednjak Feuerdesign &#8211; Prijenosni plinski re\u0161etak Brunner s izmjenjivim Camping Gaz plinskim patronama. Plinski odjeljak od nehr\u0111aju\u0107eg \u010delika<\/p>\n","protected":false},"featured_media":5937496,"comment_status":"open","ping_status":"closed","template":"","meta":[],"product_brand":[3461],"product_cat":[1641],"product_tag":[],"class_list":{"0":"post-740041","1":"product","2":"type-product","3":"status-publish","4":"has-post-thumbnail","6":"product_brand-techimpex-hr","7":"product_cat-brodski-stednjaci","9":"first","10":"instock","11":"shipping-taxable","12":"purchasable","13":"product-type-simple"},"_links":{"self":[{"href":"https:\/\/stoic-curie.212-227-153-4.plesk.page\/hr\/wp-json\/wp\/v2\/product\/740041","targetHints":{"allow":["GET"]}}],"collection":[{"href":"https:\/\/stoic-curie.212-227-153-4.plesk.page\/hr\/wp-json\/wp\/v2\/product"}],"about":[{"href":"https:\/\/stoic-curie.212-227-153-4.plesk.page\/hr\/wp-json\/wp\/v2\/types\/product"}],"replies":[{"embeddable":true,"href":"https:\/\/stoic-curie.212-227-153-4.plesk.page\/hr\/wp-json\/wp\/v2\/comments?post=740041"}],"version-history":[{"count":0,"href":"https:\/\/stoic-curie.212-227-153-4.plesk.page\/hr\/wp-json\/wp\/v2\/product\/740041\/revisions"}],"wp:featuredmedia":[{"embeddable":true,"href":"https:\/\/stoic-curie.212-227-153-4.plesk.page\/hr\/wp-json\/wp\/v2\/media\/5937496"}],"wp:attachment":[{"href":"https:\/\/stoic-curie.212-227-153-4.plesk.page\/hr\/wp-json\/wp\/v2\/media?parent=740041"}],"wp:term":[{"taxonomy":"product_brand","embeddable":true,"href":"https:\/\/stoic-curie.212-227-153-4.plesk.page\/hr\/wp-json\/wp\/v2\/product_brand?post=740041"},{"taxonomy":"product_cat","embeddable":true,"href":"https:\/\/stoic-curie.212-227-153-4.plesk.page\/hr\/wp-json\/wp\/v2\/product_cat?post=740041"},{"taxonomy":"product_tag","embeddable":true,"href":"https:\/\/stoic-curie.212-227-153-4.plesk.page\/hr\/wp-json\/wp\/v2\/product_tag?post=740041"}],"curies":[{"name":"wp","href":"https:\/\/api.w.org\/{rel}","templated":true}]}}