{"id":740049,"date":"2025-03-03T18:06:41","date_gmt":"2025-03-03T17:06:41","guid":{"rendered":"https:\/\/stoic-curie.212-227-153-4.plesk.page\/producto\/ugradbeno-svjetlo-od-nehrdajuceg-celika-led-quick-ted-ct-72mm-toplo-3000-k\/"},"modified":"2026-02-25T00:00:40","modified_gmt":"2026-02-25T00:00:40","slug":"ugradbeno-svjetlo-od-nehrdajuceg-celika-led-quick-ted-ct-72mm-toplo-3000-k","status":"publish","type":"product","link":"https:\/\/stoic-curie.212-227-153-4.plesk.page\/hr\/product\/ugradbeno-svjetlo-od-nehrdajuceg-celika-led-quick-ted-ct-72mm-toplo-3000-k\/","title":{"rendered":"Ugradbeno svjetlo od nehr\u0111aju\u0107eg \u010delika Led Quick TED CT 72mm toplo 3000 K \u00b0"},"content":{"rendered":"<p>Ugradbeno svjetlo od nehr\u0111aju\u0107eg \u010delika Led Quick TED CT 72mm toplo 3000 K \u00b0 &#8211; <\/p>\n<p>LED ugradna svjetla visoke svjetlosti za unutarnje i vanjske prostore s okvirom od nehr\u0111aju\u0107eg \u010delika, dodirnim prekida\u010dem i dimmerom. Univerzalno napajanje 12\/24V &#8211; 2W. Za\u0161tita IP66.<\/p>\n","protected":false},"excerpt":{"rendered":"<p>Ugradbeno svjetlo od nehr\u0111aju\u0107eg \u010delika Led Quick TED CT 72mm toplo 3000 K \u00b0 &#8211; LED ugradna svjetla visoke svjetlosti<\/p>\n","protected":false},"featured_media":5937508,"comment_status":"open","ping_status":"closed","template":"","meta":[],"product_brand":[3281],"product_cat":[1739],"product_tag":[],"class_list":{"0":"post-740049","1":"product","2":"type-product","3":"status-publish","4":"has-post-thumbnail","6":"product_brand-quick-hr","7":"product_cat-rasvjeta","9":"first","10":"instock","11":"shipping-taxable","12":"purchasable","13":"product-type-simple"},"_links":{"self":[{"href":"https:\/\/stoic-curie.212-227-153-4.plesk.page\/hr\/wp-json\/wp\/v2\/product\/740049","targetHints":{"allow":["GET"]}}],"collection":[{"href":"https:\/\/stoic-curie.212-227-153-4.plesk.page\/hr\/wp-json\/wp\/v2\/product"}],"about":[{"href":"https:\/\/stoic-curie.212-227-153-4.plesk.page\/hr\/wp-json\/wp\/v2\/types\/product"}],"replies":[{"embeddable":true,"href":"https:\/\/stoic-curie.212-227-153-4.plesk.page\/hr\/wp-json\/wp\/v2\/comments?post=740049"}],"version-history":[{"count":0,"href":"https:\/\/stoic-curie.212-227-153-4.plesk.page\/hr\/wp-json\/wp\/v2\/product\/740049\/revisions"}],"wp:featuredmedia":[{"embeddable":true,"href":"https:\/\/stoic-curie.212-227-153-4.plesk.page\/hr\/wp-json\/wp\/v2\/media\/5937508"}],"wp:attachment":[{"href":"https:\/\/stoic-curie.212-227-153-4.plesk.page\/hr\/wp-json\/wp\/v2\/media?parent=740049"}],"wp:term":[{"taxonomy":"product_brand","embeddable":true,"href":"https:\/\/stoic-curie.212-227-153-4.plesk.page\/hr\/wp-json\/wp\/v2\/product_brand?post=740049"},{"taxonomy":"product_cat","embeddable":true,"href":"https:\/\/stoic-curie.212-227-153-4.plesk.page\/hr\/wp-json\/wp\/v2\/product_cat?post=740049"},{"taxonomy":"product_tag","embeddable":true,"href":"https:\/\/stoic-curie.212-227-153-4.plesk.page\/hr\/wp-json\/wp\/v2\/product_tag?post=740049"}],"curies":[{"name":"wp","href":"https:\/\/api.w.org\/{rel}","templated":true}]}}