{"id":740050,"date":"2025-03-03T18:06:42","date_gmt":"2025-03-03T17:06:42","guid":{"rendered":"https:\/\/stoic-curie.212-227-153-4.plesk.page\/producto\/led-usmjereno-svjetlo-quick-marina-79-x-79-x-h45mm-toplo-3000\/"},"modified":"2026-02-25T00:00:40","modified_gmt":"2026-02-25T00:00:40","slug":"led-usmjereno-svjetlo-quick-marina-79-x-79-x-h45mm-toplo-3000","status":"publish","type":"product","link":"https:\/\/stoic-curie.212-227-153-4.plesk.page\/hr\/product\/led-usmjereno-svjetlo-quick-marina-79-x-79-x-h45mm-toplo-3000\/","title":{"rendered":"LED usmjereno svjetlo Quick Marina 79 x 79 x H4,5mm &#8211; Toplo 3000"},"content":{"rendered":"<p>LED usmjereno svjetlo Quick Marina 79 x 79 x H4,5mm &#8211; Toplo 3000 &#8211; <\/p>\n<p>4W LED reflektor s IP65 za\u0161titom za unutarnje i vanjske prostore s okvirom od 316 nehr\u0111aju\u0107eg \u010delika. Ugradna monta\u017ea sa oprugama i ravnim okvirom od 1,5 mm ili sa vijcima i normalnim okvirom od 4 mm. Univerzalni napon od 9-32V s LED diodom koja se mo\u017ee prigu\u0161iti, za\u0161ti\u0107enom od prenapona i obrnute polarizacije.<\/p>\n","protected":false},"excerpt":{"rendered":"<p>LED usmjereno svjetlo Quick Marina 79 x 79 x H4,5mm &#8211; Toplo 3000 &#8211; 4W LED reflektor s IP65 za\u0161titom<\/p>\n","protected":false},"featured_media":5937510,"comment_status":"open","ping_status":"closed","template":"","meta":[],"product_brand":[3281],"product_cat":[1739],"product_tag":[],"class_list":{"0":"post-740050","1":"product","2":"type-product","3":"status-publish","4":"has-post-thumbnail","6":"product_brand-quick-hr","7":"product_cat-rasvjeta","9":"first","10":"instock","11":"shipping-taxable","12":"purchasable","13":"product-type-simple"},"_links":{"self":[{"href":"https:\/\/stoic-curie.212-227-153-4.plesk.page\/hr\/wp-json\/wp\/v2\/product\/740050","targetHints":{"allow":["GET"]}}],"collection":[{"href":"https:\/\/stoic-curie.212-227-153-4.plesk.page\/hr\/wp-json\/wp\/v2\/product"}],"about":[{"href":"https:\/\/stoic-curie.212-227-153-4.plesk.page\/hr\/wp-json\/wp\/v2\/types\/product"}],"replies":[{"embeddable":true,"href":"https:\/\/stoic-curie.212-227-153-4.plesk.page\/hr\/wp-json\/wp\/v2\/comments?post=740050"}],"version-history":[{"count":0,"href":"https:\/\/stoic-curie.212-227-153-4.plesk.page\/hr\/wp-json\/wp\/v2\/product\/740050\/revisions"}],"wp:featuredmedia":[{"embeddable":true,"href":"https:\/\/stoic-curie.212-227-153-4.plesk.page\/hr\/wp-json\/wp\/v2\/media\/5937510"}],"wp:attachment":[{"href":"https:\/\/stoic-curie.212-227-153-4.plesk.page\/hr\/wp-json\/wp\/v2\/media?parent=740050"}],"wp:term":[{"taxonomy":"product_brand","embeddable":true,"href":"https:\/\/stoic-curie.212-227-153-4.plesk.page\/hr\/wp-json\/wp\/v2\/product_brand?post=740050"},{"taxonomy":"product_cat","embeddable":true,"href":"https:\/\/stoic-curie.212-227-153-4.plesk.page\/hr\/wp-json\/wp\/v2\/product_cat?post=740050"},{"taxonomy":"product_tag","embeddable":true,"href":"https:\/\/stoic-curie.212-227-153-4.plesk.page\/hr\/wp-json\/wp\/v2\/product_tag?post=740050"}],"curies":[{"name":"wp","href":"https:\/\/api.w.org\/{rel}","templated":true}]}}