{"id":740051,"date":"2025-03-03T18:06:42","date_gmt":"2025-03-03T17:06:42","guid":{"rendered":"https:\/\/stoic-curie.212-227-153-4.plesk.page\/producto\/vetus-agm-baterije-70-amp\/"},"modified":"2026-02-25T00:00:40","modified_gmt":"2026-02-25T00:00:40","slug":"vetus-agm-baterije-70-amp","status":"publish","type":"product","link":"https:\/\/stoic-curie.212-227-153-4.plesk.page\/hr\/product\/vetus-agm-baterije-70-amp\/","title":{"rendered":"Vetus AGM baterije 70 amp"},"content":{"rendered":"<p>Vetus AGM baterije 70 amp &#8211; <\/p>\n<p style=\"color: rgb(34, 34, 34); font-family: Arial, Helvetica, sans-serif; font-size: small;\">Baterija koja ne zahtijeva odr\u017eavanje, izra\u0111ena bez slobodnog elektrolita i dostupna u osam jedinstvenih modela. Ove baterije su posebno u\u010dinkovite u aplikacijama koje zahtijevaju dublje pra\u017enjenje. VETUS baterije bez odr\u017eavanja tipa Absorbed Glass Mat (AGM) potpuno su hermeti\u010dki zatvorene i opremljene malim ventilacijskim otvorom za otpu\u0161tanje pritiska. Izra\u0111ene su s olovno-kalcijskim plo\u010dama, a elektrolit se apsorbira u separatorima od staklenih vlakana, osiguravaju\u0107i nepropusno djelovanje tijekom transporta, pa \u010dak i ako je ku\u0107i\u0161te o\u0161te\u0107eno.<\/p>\n<p style=\"color: rgb(34, 34, 34); font-family: Arial, Helvetica, sans-serif; font-size: small;\">Specijalno dizajnirane za pomorske aplikacije, ove AGM baterije su idealne za pokretanje motora, rad vitla i napajanje krmenih propulzora. One pru\u017eaju visoke ocjene MCA, minimalne stope samopra\u017enjenja i iznimnu izdr\u017eljivost, nastavljaju\u0107i raditi bez curenja \u010dak i kada su kompromitirane. Posebno su prikladne za kontinuiranu cikli\u010dnu upotrebu, posebno kada je odmah dostupno punjenje.<\/p>\n<p style=\"color: rgb(34, 34, 34); font-family: Arial, Helvetica, sans-serif; font-size: small;\"><strong>SPREMANJE<\/strong><br \/>VETUS AGM baterije se mogu instalirati u bilo kojem polo\u017eaju, uklju\u010duju\u0107i i naopako, ali va\u017eno je izbjegavati punjenje s terminalima okrenutim prema dolje. Ove baterije mo\u017eete puniti bilo kojim punja\u010dem za baterije s reguliranim naponom postavljenim na pravilan na\u010din ili putem alternatora motora. Za optimalne performanse, toplo preporu\u010dujemo kori\u0161tenje VETUS punja\u010da za baterije.<\/p>\n<p style=\"color: rgb(34, 34, 34); font-family: Arial, Helvetica, sans-serif; font-size: small;\"><strong>DUG VIJEK TRAJANJA<\/strong><br \/>VETUS AGM baterije su svestrane pomorske baterije, savr\u0161ene za duboke cikluse pra\u017enjenja kada se koriste u glavnoj banci za napajanje rasvjete, pumpi i ku\u0107anskih ure\u0111aja. Njihova visoka ocjena hladnih startnih struja \u010dini ih izvanrednima za pokretanje motora i napajanje ure\u0111aja koji zahtijevaju visoku struju, kao \u0161to su krmeni propulzori i sidreni vitlovi.<\/p>\n<p style=\"color: rgb(34, 34, 34); font-family: Arial, Helvetica, sans-serif; font-size: small;\"><strong>Tehni\u010dke specifikacije:<\/strong><\/p>\n<ul style=\"color: rgb(34, 34, 34); font-family: Arial, Helvetica, sans-serif; font-size: small;\">\n<li>Hladne startne struje (CCA): 760 A (EN)<\/li>\n<li>Rezervna snaga (minute) pri 25A: 130<\/li>\n<li>Kapacitet C20 (Ah): 70 Ah<\/li>\n<li>Kapacitet C5 (Ah): 52 Ah<\/li>\n<li>Napon: 12 V<\/li>\n<li>Te\u017eina: 21.2 kg<\/li>\n<li>Du\u017eina: 278 mm<\/li>\n<li>Visina: 190 mm<\/li>\n<li>\u0160irina: 175 mm<\/li>\n<\/ul>\n","protected":false},"excerpt":{"rendered":"<p>Vetus AGM baterije 70 amp &#8211; Baterija koja ne zahtijeva odr\u017eavanje, izra\u0111ena bez slobodnog elektrolita i dostupna u osam jedinstvenih<\/p>\n","protected":false},"featured_media":5937512,"comment_status":"open","ping_status":"closed","template":"","meta":[],"product_brand":[3521],"product_cat":[1729],"product_tag":[],"class_list":{"0":"post-740051","1":"product","2":"type-product","3":"status-publish","4":"has-post-thumbnail","6":"product_brand-vetus-hr","7":"product_cat-baterije","9":"first","10":"instock","11":"shipping-taxable","12":"purchasable","13":"product-type-simple"},"_links":{"self":[{"href":"https:\/\/stoic-curie.212-227-153-4.plesk.page\/hr\/wp-json\/wp\/v2\/product\/740051","targetHints":{"allow":["GET"]}}],"collection":[{"href":"https:\/\/stoic-curie.212-227-153-4.plesk.page\/hr\/wp-json\/wp\/v2\/product"}],"about":[{"href":"https:\/\/stoic-curie.212-227-153-4.plesk.page\/hr\/wp-json\/wp\/v2\/types\/product"}],"replies":[{"embeddable":true,"href":"https:\/\/stoic-curie.212-227-153-4.plesk.page\/hr\/wp-json\/wp\/v2\/comments?post=740051"}],"version-history":[{"count":0,"href":"https:\/\/stoic-curie.212-227-153-4.plesk.page\/hr\/wp-json\/wp\/v2\/product\/740051\/revisions"}],"wp:featuredmedia":[{"embeddable":true,"href":"https:\/\/stoic-curie.212-227-153-4.plesk.page\/hr\/wp-json\/wp\/v2\/media\/5937512"}],"wp:attachment":[{"href":"https:\/\/stoic-curie.212-227-153-4.plesk.page\/hr\/wp-json\/wp\/v2\/media?parent=740051"}],"wp:term":[{"taxonomy":"product_brand","embeddable":true,"href":"https:\/\/stoic-curie.212-227-153-4.plesk.page\/hr\/wp-json\/wp\/v2\/product_brand?post=740051"},{"taxonomy":"product_cat","embeddable":true,"href":"https:\/\/stoic-curie.212-227-153-4.plesk.page\/hr\/wp-json\/wp\/v2\/product_cat?post=740051"},{"taxonomy":"product_tag","embeddable":true,"href":"https:\/\/stoic-curie.212-227-153-4.plesk.page\/hr\/wp-json\/wp\/v2\/product_tag?post=740051"}],"curies":[{"name":"wp","href":"https:\/\/api.w.org\/{rel}","templated":true}]}}