{"id":740052,"date":"2025-03-03T18:06:42","date_gmt":"2025-03-03T17:06:42","guid":{"rendered":"https:\/\/stoic-curie.212-227-153-4.plesk.page\/producto\/vetus-agm-baterije-100-amp\/"},"modified":"2026-02-25T00:00:40","modified_gmt":"2026-02-25T00:00:40","slug":"vetus-agm-baterije-100-amp","status":"publish","type":"product","link":"https:\/\/stoic-curie.212-227-153-4.plesk.page\/hr\/product\/vetus-agm-baterije-100-amp\/","title":{"rendered":"Vetus AGM baterije 100 amp"},"content":{"rendered":"<p>Vetus AGM baterije 100 amp &#8211; <\/p>\n<p style=\"color: rgb(34, 34, 34); font-family: Arial, Helvetica, sans-serif; font-size: small;\">VETUS AGM baterije bez odr\u017eavanja su potpuno zatvorene i imaju mali ventilacijski otvor za otpu\u0161tanje pritiska. Elektroda je napravljena od olovo-kalcijumske legure, a elektrolit se apsorbira u staklenim vlaknima, \u0161to osigurava da baterija ostane nepropusna tijekom transporta ili u slu\u010daju o\u0161te\u0107enja ku\u0107i\u0161ta. Ove AGM baterije su posebno dizajnirane za morsku upotrebu, \u0161to ih \u010dini idealnim za pokretanje motora, vitlova i pram\u010danih kranova. Nude visoke ocjene MCA, nisku stopu samopra\u017enjenja i izdr\u017eljivost, nastaviv\u0161i funkcionirati bez curenja \u010dak i kada su o\u0161te\u0107ene. Posebno su prikladne za kontinuiranu cikli\u010dnu upotrebu, osobito kada je dostupno trenutno punjenje.<\/p>\n<p style=\"color: rgb(34, 34, 34); font-family: Arial, Helvetica, sans-serif; font-size: small;\"><strong>POHRANA<\/strong><br \/>VETUS AGM baterije mogu se postaviti u bilo kojem polo\u017eaju, uklju\u010duju\u0107i i naopako, ali se ne smiju puniti s terminalima okrenutim prema dolje. Ove baterije mo\u017eete puniti pomo\u0107u bilo kojeg punja\u010da koji regulira napetost postavljenog na ispravnu vrijednost ili preko alternatora motora. VETUS punja\u010di baterija se posebno preporu\u010duju za ovu svrhu.<\/p>\n<p style=\"color: rgb(34, 34, 34); font-family: Arial, Helvetica, sans-serif; font-size: small;\"><strong>DUGA \u017dIVOTNA DOB<\/strong><br \/>VETUS AGM baterije su svestrane morska baterije, pogodne za duboke cikluse pra\u017enjenja kada se koriste u glavnom banku za napajanje rasvjete, pumpi i ku\u0107anskih aparata. Njihova visoka ocjena za hladno pokretanje tako\u0111er ih \u010dini izvrsnim za pokretanje motora i napajanje pram\u010danih kranova, sidrenih vitlova i drugih ure\u0111aja visoke struje.<\/p>\n<p style=\"color: rgb(34, 34, 34); font-family: Arial, Helvetica, sans-serif; font-size: small;\"><strong>Specifikacije:<\/strong><\/p>\n<ul style=\"color: rgb(34, 34, 34); font-family: Arial, Helvetica, sans-serif; font-size: small;\">\n<li>Kapacitet: 100 Ah<\/li>\n<li>Napon: 12 V<\/li>\n<li>Cold Cranking Amps (CCA EN): 635<\/li>\n<li>Rezervni kapacitet pri 25A: 165 minuta<\/li>\n<li>Dimenzije: Duljina 305 mm, \u0160irina 173 mm, Visina 212 mm<\/li>\n<li>Te\u017eina: 29 kg<\/li>\n<\/ul>\n","protected":false},"excerpt":{"rendered":"<p>Vetus AGM baterije 100 amp &#8211; VETUS AGM baterije bez odr\u017eavanja su potpuno zatvorene i imaju mali ventilacijski otvor za<\/p>\n","protected":false},"featured_media":5937512,"comment_status":"open","ping_status":"closed","template":"","meta":[],"product_brand":[3521],"product_cat":[1729],"product_tag":[],"class_list":{"0":"post-740052","1":"product","2":"type-product","3":"status-publish","4":"has-post-thumbnail","6":"product_brand-vetus-hr","7":"product_cat-baterije","9":"first","10":"instock","11":"shipping-taxable","12":"purchasable","13":"product-type-simple"},"_links":{"self":[{"href":"https:\/\/stoic-curie.212-227-153-4.plesk.page\/hr\/wp-json\/wp\/v2\/product\/740052","targetHints":{"allow":["GET"]}}],"collection":[{"href":"https:\/\/stoic-curie.212-227-153-4.plesk.page\/hr\/wp-json\/wp\/v2\/product"}],"about":[{"href":"https:\/\/stoic-curie.212-227-153-4.plesk.page\/hr\/wp-json\/wp\/v2\/types\/product"}],"replies":[{"embeddable":true,"href":"https:\/\/stoic-curie.212-227-153-4.plesk.page\/hr\/wp-json\/wp\/v2\/comments?post=740052"}],"version-history":[{"count":0,"href":"https:\/\/stoic-curie.212-227-153-4.plesk.page\/hr\/wp-json\/wp\/v2\/product\/740052\/revisions"}],"wp:featuredmedia":[{"embeddable":true,"href":"https:\/\/stoic-curie.212-227-153-4.plesk.page\/hr\/wp-json\/wp\/v2\/media\/5937512"}],"wp:attachment":[{"href":"https:\/\/stoic-curie.212-227-153-4.plesk.page\/hr\/wp-json\/wp\/v2\/media?parent=740052"}],"wp:term":[{"taxonomy":"product_brand","embeddable":true,"href":"https:\/\/stoic-curie.212-227-153-4.plesk.page\/hr\/wp-json\/wp\/v2\/product_brand?post=740052"},{"taxonomy":"product_cat","embeddable":true,"href":"https:\/\/stoic-curie.212-227-153-4.plesk.page\/hr\/wp-json\/wp\/v2\/product_cat?post=740052"},{"taxonomy":"product_tag","embeddable":true,"href":"https:\/\/stoic-curie.212-227-153-4.plesk.page\/hr\/wp-json\/wp\/v2\/product_tag?post=740052"}],"curies":[{"name":"wp","href":"https:\/\/api.w.org\/{rel}","templated":true}]}}