{"id":740056,"date":"2025-03-03T18:06:43","date_gmt":"2025-03-03T17:06:43","guid":{"rendered":"https:\/\/stoic-curie.212-227-153-4.plesk.page\/producto\/reflektor-marinco-beamer-600-kromirani-12-24v\/"},"modified":"2026-02-25T00:00:40","modified_gmt":"2026-02-25T00:00:40","slug":"reflektor-marinco-beamer-600-kromirani-12-24v","status":"publish","type":"product","link":"https:\/\/stoic-curie.212-227-153-4.plesk.page\/hr\/product\/reflektor-marinco-beamer-600-kromirani-12-24v\/","title":{"rendered":"Reflektor Marinco Beamer 600, kromirani, 12-24v"},"content":{"rendered":"<p>Reflektor Marinco Beamer 600, kromirani, 12-24v &#8211; <\/p>\n<p>Marinco Beamer 600 be\u017ei\u010dno daljinski upravljano svjetlo za pretra\u017eivanje s rotacijom od 360\u00b0 i nagibom od 120\u00b0. Dubok i ravnomjerno svjetlo s 100W halogenskom \u017earuljom, dolazi s 1x12V i 1x24V izmjenjivim \u017earuljama za dvostruku upotrebu. Ku\u0107i\u0161te od Tecnopolymera otporno na UV, IP56 za\u0161ti\u0107eno. U kompletu s do 65 m daljinskim upravlja\u010dem, dimenzije 55x57x19. Dimenzije svjetla za pretra\u017eivanje: 190 x 190 x H235 mm, promjer baze 145 mm s promjerom otvora dekla 110 mm.<\/p>\n","protected":false},"excerpt":{"rendered":"<p>Reflektor Marinco Beamer 600, kromirani, 12-24v &#8211; Marinco Beamer 600 be\u017ei\u010dno daljinski upravljano svjetlo za pretra\u017eivanje s rotacijom od 360\u00b0<\/p>\n","protected":false},"featured_media":5937524,"comment_status":"open","ping_status":"closed","template":"","meta":[],"product_brand":[3106],"product_cat":[1734],"product_tag":[],"class_list":{"0":"post-740056","1":"product","2":"type-product","3":"status-publish","4":"has-post-thumbnail","6":"product_brand-marinco-hr","7":"product_cat-brodski-reflektori","9":"first","10":"instock","11":"shipping-taxable","12":"purchasable","13":"product-type-simple"},"_links":{"self":[{"href":"https:\/\/stoic-curie.212-227-153-4.plesk.page\/hr\/wp-json\/wp\/v2\/product\/740056","targetHints":{"allow":["GET"]}}],"collection":[{"href":"https:\/\/stoic-curie.212-227-153-4.plesk.page\/hr\/wp-json\/wp\/v2\/product"}],"about":[{"href":"https:\/\/stoic-curie.212-227-153-4.plesk.page\/hr\/wp-json\/wp\/v2\/types\/product"}],"replies":[{"embeddable":true,"href":"https:\/\/stoic-curie.212-227-153-4.plesk.page\/hr\/wp-json\/wp\/v2\/comments?post=740056"}],"version-history":[{"count":0,"href":"https:\/\/stoic-curie.212-227-153-4.plesk.page\/hr\/wp-json\/wp\/v2\/product\/740056\/revisions"}],"wp:featuredmedia":[{"embeddable":true,"href":"https:\/\/stoic-curie.212-227-153-4.plesk.page\/hr\/wp-json\/wp\/v2\/media\/5937524"}],"wp:attachment":[{"href":"https:\/\/stoic-curie.212-227-153-4.plesk.page\/hr\/wp-json\/wp\/v2\/media?parent=740056"}],"wp:term":[{"taxonomy":"product_brand","embeddable":true,"href":"https:\/\/stoic-curie.212-227-153-4.plesk.page\/hr\/wp-json\/wp\/v2\/product_brand?post=740056"},{"taxonomy":"product_cat","embeddable":true,"href":"https:\/\/stoic-curie.212-227-153-4.plesk.page\/hr\/wp-json\/wp\/v2\/product_cat?post=740056"},{"taxonomy":"product_tag","embeddable":true,"href":"https:\/\/stoic-curie.212-227-153-4.plesk.page\/hr\/wp-json\/wp\/v2\/product_tag?post=740056"}],"curies":[{"name":"wp","href":"https:\/\/api.w.org\/{rel}","templated":true}]}}