{"id":740057,"date":"2025-03-03T18:06:43","date_gmt":"2025-03-03T17:06:43","guid":{"rendered":"https:\/\/stoic-curie.212-227-153-4.plesk.page\/producto\/led-svjetlo-za-navigacijski-stol-sa-kromiranim-mesinganim-tijelom-i-fleksibilnim-vratom-12-24-v\/"},"modified":"2026-02-25T00:00:40","modified_gmt":"2026-02-25T00:00:40","slug":"led-svjetlo-za-navigacijski-stol-sa-kromiranim-mesinganim-tijelom-i-fleksibilnim-vratom-12-24-v","status":"publish","type":"product","link":"https:\/\/stoic-curie.212-227-153-4.plesk.page\/hr\/product\/led-svjetlo-za-navigacijski-stol-sa-kromiranim-mesinganim-tijelom-i-fleksibilnim-vratom-12-24-v\/","title":{"rendered":"LED svjetlo za navigacijski stol sa kromiranim mesinganim tijelom i fleksibilnim vratom, 12\/24 V"},"content":{"rendered":"<p>LED svjetlo za navigacijski stol sa kromiranim mesinganim tijelom i fleksibilnim vratom, 12\/24 V &#8211; <\/p>\n<p>Kromirani mesingani ku\u0107i\u0161te i fleksibilna vrat LED svjetlo za dijagrame. Izvrsna svjetlost od 52 lumena s smanjenom potro\u0161njom od 1,2 W.<\/p>\n","protected":false},"excerpt":{"rendered":"<p>LED svjetlo za navigacijski stol sa kromiranim mesinganim tijelom i fleksibilnim vratom, 12\/24 V &#8211; Kromirani mesingani ku\u0107i\u0161te i fleksibilna<\/p>\n","protected":false},"featured_media":5937526,"comment_status":"open","ping_status":"closed","template":"","meta":[],"product_brand":[2182,3491],"product_cat":[1774,1739],"product_tag":[],"class_list":{"0":"post-740057","1":"product","2":"type-product","3":"status-publish","4":"has-post-thumbnail","6":"product_brand-trem","7":"product_brand-trem-hr","8":"product_cat-alati-i-instrumenti-za-navigacijske-karte","9":"product_cat-rasvjeta","11":"first","12":"instock","13":"shipping-taxable","14":"purchasable","15":"product-type-simple"},"_links":{"self":[{"href":"https:\/\/stoic-curie.212-227-153-4.plesk.page\/hr\/wp-json\/wp\/v2\/product\/740057","targetHints":{"allow":["GET"]}}],"collection":[{"href":"https:\/\/stoic-curie.212-227-153-4.plesk.page\/hr\/wp-json\/wp\/v2\/product"}],"about":[{"href":"https:\/\/stoic-curie.212-227-153-4.plesk.page\/hr\/wp-json\/wp\/v2\/types\/product"}],"replies":[{"embeddable":true,"href":"https:\/\/stoic-curie.212-227-153-4.plesk.page\/hr\/wp-json\/wp\/v2\/comments?post=740057"}],"version-history":[{"count":0,"href":"https:\/\/stoic-curie.212-227-153-4.plesk.page\/hr\/wp-json\/wp\/v2\/product\/740057\/revisions"}],"wp:featuredmedia":[{"embeddable":true,"href":"https:\/\/stoic-curie.212-227-153-4.plesk.page\/hr\/wp-json\/wp\/v2\/media\/5937526"}],"wp:attachment":[{"href":"https:\/\/stoic-curie.212-227-153-4.plesk.page\/hr\/wp-json\/wp\/v2\/media?parent=740057"}],"wp:term":[{"taxonomy":"product_brand","embeddable":true,"href":"https:\/\/stoic-curie.212-227-153-4.plesk.page\/hr\/wp-json\/wp\/v2\/product_brand?post=740057"},{"taxonomy":"product_cat","embeddable":true,"href":"https:\/\/stoic-curie.212-227-153-4.plesk.page\/hr\/wp-json\/wp\/v2\/product_cat?post=740057"},{"taxonomy":"product_tag","embeddable":true,"href":"https:\/\/stoic-curie.212-227-153-4.plesk.page\/hr\/wp-json\/wp\/v2\/product_tag?post=740057"}],"curies":[{"name":"wp","href":"https:\/\/api.w.org\/{rel}","templated":true}]}}