{"id":740062,"date":"2025-03-03T18:06:44","date_gmt":"2025-03-03T17:06:44","guid":{"rendered":"https:\/\/stoic-curie.212-227-153-4.plesk.page\/producto\/bruce-sidro-od-nehrdajuceg-celika-50kg\/"},"modified":"2026-02-25T00:00:40","modified_gmt":"2026-02-25T00:00:40","slug":"bruce-sidro-od-nehrdajuceg-celika-50kg","status":"publish","type":"product","link":"https:\/\/stoic-curie.212-227-153-4.plesk.page\/hr\/product\/bruce-sidro-od-nehrdajuceg-celika-50kg\/","title":{"rendered":"Bruce Sidro od nehr\u0111aju\u0107eg \u010delika 50kg"},"content":{"rendered":"<p>Bruce Sidro od nehr\u0111aju\u0107eg \u010delika 50kg &#8211; <\/p>\n<p style=\"color: rgb(34, 34, 34); font-family: Arial, Helvetica, sans-serif; font-size: small;\">316 Polirani 50 kg Bruce sidro, \u010desto poznato u brodskoj zajednici kao sidro \u0161aka, pa\u017eljivo je dizajnirano kao jedna, \u010dvrsta jedinca. Ova robusna konstrukcija ne samo da omogu\u0107ava lako postavljanje, ve\u0107 tako\u0111er jam\u010di pouzdanu snagu dr\u017eanja u razli\u010ditim uvjetima morskog dna, osiguravaju\u0107i da va\u0161a plovila ostaju sigurna u razli\u010ditim okru\u017eenjima. Nadalje, ovo sidro je osmi\u0161ljeno s prakticno\u0161\u0107u na umu, jer se lako uklapa na valjak pramca ve\u0107ine \u010damaca. Ova zna\u010dajka omogu\u0107uje jednostavno i efikasno skladi\u0161tenje, omogu\u0107uju\u0107i vlasnicima plovila da maksimiziraju svoj dostupni prostor, dok osiguravaju da je njihovo sidro lako dostupno kada je potrebno.<\/p>\n<p style=\"color: rgb(34, 34, 34); font-family: Arial, Helvetica, sans-serif; font-size: small;\"><strong>Karakteristike proizvoda<\/strong><\/p>\n<ul style=\"color: rgb(34, 34, 34); font-family: Arial, Helvetica, sans-serif; font-size: small;\">\n<li><strong>Razred:<\/strong>\u00a0316<\/li>\n<li><strong>Zavr\u0161na obrada:<\/strong>\u00a0Polirani<\/li>\n<li><strong>Materijal:<\/strong>\u00a0Nehr\u0111aju\u0107i \u010delik<\/li>\n<li><strong>Te\u017eina:<\/strong>\u00a050 kg<\/li>\n<\/ul>\n","protected":false},"excerpt":{"rendered":"<p>Bruce Sidro od nehr\u0111aju\u0107eg \u010delika 50kg &#8211; 316 Polirani 50 kg Bruce sidro, \u010desto poznato u brodskoj zajednici kao sidro<\/p>\n","protected":false},"featured_media":5937478,"comment_status":"open","ping_status":"closed","template":"","meta":[],"product_brand":[3121],"product_cat":[1863],"product_tag":[],"class_list":{"0":"post-740062","1":"product","2":"type-product","3":"status-publish","4":"has-post-thumbnail","6":"product_brand-marinetech-hr","7":"product_cat-sidra-bruce","9":"first","10":"outofstock","11":"shipping-taxable","12":"purchasable","13":"product-type-simple"},"_links":{"self":[{"href":"https:\/\/stoic-curie.212-227-153-4.plesk.page\/hr\/wp-json\/wp\/v2\/product\/740062","targetHints":{"allow":["GET"]}}],"collection":[{"href":"https:\/\/stoic-curie.212-227-153-4.plesk.page\/hr\/wp-json\/wp\/v2\/product"}],"about":[{"href":"https:\/\/stoic-curie.212-227-153-4.plesk.page\/hr\/wp-json\/wp\/v2\/types\/product"}],"replies":[{"embeddable":true,"href":"https:\/\/stoic-curie.212-227-153-4.plesk.page\/hr\/wp-json\/wp\/v2\/comments?post=740062"}],"version-history":[{"count":0,"href":"https:\/\/stoic-curie.212-227-153-4.plesk.page\/hr\/wp-json\/wp\/v2\/product\/740062\/revisions"}],"wp:featuredmedia":[{"embeddable":true,"href":"https:\/\/stoic-curie.212-227-153-4.plesk.page\/hr\/wp-json\/wp\/v2\/media\/5937478"}],"wp:attachment":[{"href":"https:\/\/stoic-curie.212-227-153-4.plesk.page\/hr\/wp-json\/wp\/v2\/media?parent=740062"}],"wp:term":[{"taxonomy":"product_brand","embeddable":true,"href":"https:\/\/stoic-curie.212-227-153-4.plesk.page\/hr\/wp-json\/wp\/v2\/product_brand?post=740062"},{"taxonomy":"product_cat","embeddable":true,"href":"https:\/\/stoic-curie.212-227-153-4.plesk.page\/hr\/wp-json\/wp\/v2\/product_cat?post=740062"},{"taxonomy":"product_tag","embeddable":true,"href":"https:\/\/stoic-curie.212-227-153-4.plesk.page\/hr\/wp-json\/wp\/v2\/product_tag?post=740062"}],"curies":[{"name":"wp","href":"https:\/\/api.w.org\/{rel}","templated":true}]}}